{"id":6085,"date":"2026-01-28T13:29:03","date_gmt":"2026-01-28T13:29:03","guid":{"rendered":"https:\/\/kukkakauppapuntti.fi\/product\/atervunnen-guldplaterad-kedja-i-sterlingsilver-classy\/"},"modified":"2026-01-28T13:29:03","modified_gmt":"2026-01-28T13:29:03","slug":"atervunnen-guldplaterad-kedja-i-sterlingsilver-classy","status":"publish","type":"product","link":"https:\/\/kukkakauppapuntti.fi\/sv\/produkt\/atervunnen-guldplaterad-kedja-i-sterlingsilver-classy\/","title":{"rendered":"\u00c5tervunnen guldpl\u00e4terad kedja i sterlingsilver CLASSY"},"content":{"rendered":"<p>1. V\u00e5r leverant\u00f6r har erh\u00e5llit LBMA Responsible Silver-certifiering. K\u00e4llorna till r\u00e5varorna, fr\u00e4mst industriavfall och begagnade smycken, uppfyller kraven i Dodd-Frank-lagen: <\/p>\n<p>Material: 925 sterlingsilver (tillverkat av \u00e5tervunnet silver), best\u00e5ende av 92,5 % rent silver och 7,5 % andra legeringsmaterial (legeringen \u00e4r i huvudsak en blandning av tv\u00e5 eller flera grund\u00e4mnen fr\u00e5n det periodiska systemet). Detta material kan inneh\u00e5lla zink och koppar i sina legeringar. Produkten inneh\u00e5ller inte bly, kadmium, cyanid eller nickel.  <\/p>\n<p>2. M\u00e5tt: l\u00e4ngd 45\u201350 cm (justerbar), vikt 2,45 g<\/p>\n<p>3. \u00c4kthetsintyg: tillverkat av \u00e5tervunnet eller FSC\u00ae-certifierat papper.<\/p>\n<p>4. F\u00f6rpackning: FSC\u00ae-certifierad milj\u00f6v\u00e4nlig kartongf\u00f6rpackning (65 x 65 x 17 mm eller 86 x 86 x 17 mm) med en avtagbar, h\u00e5llbar skumplastinsats tillverkad av tallolja. Levereras i en \u00e5tervinningsbar kartong. <\/p>\n<p>Ursprungsland: Italien<\/p>\n","protected":false},"excerpt":{"rendered":"<p>1. V\u00e5r leverant\u00f6r har erh\u00e5llit LBMA Responsible Silver-certifiering. K\u00e4llorna till r\u00e5varorna, fr\u00e4mst industriavfall och begagnade smycken, uppfyller kraven i Dodd-Frank-lagen: <\/p>\n<p>Material: 925 sterlingsilver (tillverkat av \u00e5tervunnet silver), best\u00e5ende av 92,5 % rent silver och 7,5 % andra legeringsmaterial (legeringen \u00e4r i huvudsak en blandning av tv\u00e5 eller flera grund\u00e4mnen fr\u00e5n det periodiska systemet). Detta material kan inneh\u00e5lla zink och koppar i sina legeringar. Produkten inneh\u00e5ller inte bly, kadmium, cyanid eller nickel.  <\/p>\n<p>2. M\u00e5tt: l\u00e4ngd 45\u201350 cm (justerbar), vikt 2,45 g<\/p>\n<p>3. \u00c4kthetsintyg: tillverkat av \u00e5tervunnet eller FSC\u00ae-certifierat papper.<\/p>\n<p>4. F\u00f6rpackning: FSC\u00ae-certifierad milj\u00f6v\u00e4nlig kartongf\u00f6rpackning (65 x 65 x 17 mm eller 86 x 86 x 17 mm) med en avtagbar, h\u00e5llbar skumplastinsats tillverkad av tallolja. Levereras i en \u00e5tervinningsbar kartong. <\/p>\n<p>Ursprungsland: Italien<\/p>\n","protected":false},"featured_media":5995,"template":"","meta":{"site-sidebar-layout":"default","site-content-layout":"","ast-site-content-layout":"default","site-content-style":"default","site-sidebar-style":"default","ast-global-header-display":"","ast-banner-title-visibility":"","ast-main-header-display":"","ast-hfb-above-header-display":"","ast-hfb-below-header-display":"","ast-hfb-mobile-header-display":"","site-post-title":"","ast-breadcrumbs-content":"","ast-featured-img":"","footer-sml-layout":"","ast-disable-related-posts":"","theme-transparent-header-meta":"default","adv-header-id-meta":"","stick-header-meta":"","header-above-stick-meta":"","header-main-stick-meta":"","header-below-stick-meta":"","astra-migrate-meta-layouts":"set","ast-page-background-enabled":"default","ast-page-background-meta":{"desktop":{"background-color":"var(--ast-global-color-4)","background-image":"","background-repeat":"repeat","background-position":"center center","background-size":"auto","background-attachment":"scroll","background-type":"","background-media":"","overlay-type":"","overlay-color":"","overlay-opacity":"","overlay-gradient":""},"tablet":{"background-color":"","background-image":"","background-repeat":"repeat","background-position":"center center","background-size":"auto","background-attachment":"scroll","background-type":"","background-media":"","overlay-type":"","overlay-color":"","overlay-opacity":"","overlay-gradient":""},"mobile":{"background-color":"","background-image":"","background-repeat":"repeat","background-position":"center center","background-size":"auto","background-attachment":"scroll","background-type":"","background-media":"","overlay-type":"","overlay-color":"","overlay-opacity":"","overlay-gradient":""}},"ast-content-background-meta":{"desktop":{"background-color":"var(--ast-global-color-5)","background-image":"","background-repeat":"repeat","background-position":"center center","background-size":"auto","background-attachment":"scroll","background-type":"","background-media":"","overlay-type":"","overlay-color":"","overlay-opacity":"","overlay-gradient":""},"tablet":{"background-color":"var(--ast-global-color-5)","background-image":"","background-repeat":"repeat","background-position":"center center","background-size":"auto","background-attachment":"scroll","background-type":"","background-media":"","overlay-type":"","overlay-color":"","overlay-opacity":"","overlay-gradient":""},"mobile":{"background-color":"var(--ast-global-color-5)","background-image":"","background-repeat":"repeat","background-position":"center center","background-size":"auto","background-attachment":"scroll","background-type":"","background-media":"","overlay-type":"","overlay-color":"","overlay-opacity":"","overlay-gradient":""}}},"product_brand":[],"product_cat":[156],"product_tag":[],"class_list":{"0":"post-6085","1":"product","2":"type-product","3":"status-publish","4":"has-post-thumbnail","6":"product_cat-smycken","7":"desktop-align-left","8":"tablet-align-left","9":"mobile-align-left","11":"first","12":"instock","13":"taxable","14":"shipping-taxable","15":"purchasable","16":"product-type-variable"},"_links":{"self":[{"href":"https:\/\/kukkakauppapuntti.fi\/sv\/wp-json\/wp\/v2\/product\/6085","targetHints":{"allow":["GET"]}}],"collection":[{"href":"https:\/\/kukkakauppapuntti.fi\/sv\/wp-json\/wp\/v2\/product"}],"about":[{"href":"https:\/\/kukkakauppapuntti.fi\/sv\/wp-json\/wp\/v2\/types\/product"}],"wp:featuredmedia":[{"embeddable":true,"href":"https:\/\/kukkakauppapuntti.fi\/sv\/wp-json\/wp\/v2\/media\/5995"}],"wp:attachment":[{"href":"https:\/\/kukkakauppapuntti.fi\/sv\/wp-json\/wp\/v2\/media?parent=6085"}],"wp:term":[{"taxonomy":"product_brand","embeddable":true,"href":"https:\/\/kukkakauppapuntti.fi\/sv\/wp-json\/wp\/v2\/product_brand?post=6085"},{"taxonomy":"product_cat","embeddable":true,"href":"https:\/\/kukkakauppapuntti.fi\/sv\/wp-json\/wp\/v2\/product_cat?post=6085"},{"taxonomy":"product_tag","embeddable":true,"href":"https:\/\/kukkakauppapuntti.fi\/sv\/wp-json\/wp\/v2\/product_tag?post=6085"}],"curies":[{"name":"wp","href":"https:\/\/api.w.org\/{rel}","templated":true}]}}