{"id":5770,"date":"2026-01-15T09:29:26","date_gmt":"2026-01-15T09:29:26","guid":{"rendered":"https:\/\/kukkakauppapuntti.fi\/product\/atervunna-orhangen-i-sterlingsilver-diamond-leaf\/"},"modified":"2026-01-28T15:59:36","modified_gmt":"2026-01-28T15:59:36","slug":"atervunna-orhangen-i-sterlingsilver-diamond-leaf","status":"publish","type":"product","link":"https:\/\/kukkakauppapuntti.fi\/sv\/produkt\/atervunna-orhangen-i-sterlingsilver-diamond-leaf\/","title":{"rendered":"\u00c5tervunna \u00f6rh\u00e4ngen i sterlingsilver DIAMOND LEAF"},"content":{"rendered":"<p>1. Alla \u00e4delmetaller \u00e4r 100 % \u00e5tervunna och kommer fr\u00e5n en kontrollerad leveranskedja som \u00e4r certifierad av Chain-of-Custody (CoC) fr\u00e5n Responsible Jewellery Council:<\/p>\n<ul>\n<li>Argentium sterlingsilver 925 inneh\u00e5ller minst 93 % silver och 7 % koppar och andra legerings\u00e4mnen (germanium). Produkten \u00e4r fri fr\u00e5n bly, kadmium och nickel. <\/li>\n<li>Guldpl\u00e4terad med 18K ros\u00e9guld eller 24K gult guld (renhet 99,9), pl\u00e4teringsbad med en koncentration p\u00e5 0,8 g\/l guld.\n<\/li>\n<\/ul>\n<p>2. Produktens vikt: 1,85 g<\/p>\n<p>3. \u00c4kthetsintyg: tillverkat av \u00e5tervunnet eller FSC\u00ae-certifierat papper<\/p>\n<p>4. F\u00f6rpackning: FSC\u00ae-certifierat milj\u00f6v\u00e4nligt hantverk (65x65x17 mm eller 86x86x17 mm) med en insats av \u00e5tervunnet papper eller borttagbart h\u00e5llbart skum tillverkat av tallolja<\/p>\n<p>Design: Estland\/Storbritannien<\/p>\n","protected":false},"excerpt":{"rendered":"<p>1. Alla \u00e4delmetaller \u00e4r 100 % \u00e5tervunna och kommer fr\u00e5n en kontrollerad leveranskedja som \u00e4r certifierad av Chain-of-Custody (CoC) fr\u00e5n Responsible Jewellery Council:<\/p>\n<ul>\n<li>Argentium sterlingsilver 925 inneh\u00e5ller minst 93 % silver och 7 % koppar och andra legerings\u00e4mnen (germanium). Produkten \u00e4r fri fr\u00e5n bly, kadmium och nickel. <\/li>\n<li>Guldpl\u00e4terad med 18K ros\u00e9guld eller 24K gult guld (renhet 99,9), pl\u00e4teringsbad med en koncentration p\u00e5 0,8 g\/l guld.\n<\/li>\n<\/ul>\n<p>2. Produktens vikt: 1,85 g<\/p>\n<p>3. \u00c4kthetsintyg: tillverkat av \u00e5tervunnet eller FSC\u00ae-certifierat papper<\/p>\n<p>4. F\u00f6rpackning: FSC\u00ae-certifierat milj\u00f6v\u00e4nligt hantverk (65x65x17 mm eller 86x86x17 mm) med en insats av \u00e5tervunnet papper eller borttagbart h\u00e5llbart skum tillverkat av tallolja<\/p>\n<p>Design: Estland\/Storbritannien<\/p>\n","protected":false},"featured_media":5766,"template":"","meta":{"site-sidebar-layout":"default","site-content-layout":"","ast-site-content-layout":"default","site-content-style":"default","site-sidebar-style":"default","ast-global-header-display":"","ast-banner-title-visibility":"","ast-main-header-display":"","ast-hfb-above-header-display":"","ast-hfb-below-header-display":"","ast-hfb-mobile-header-display":"","site-post-title":"","ast-breadcrumbs-content":"","ast-featured-img":"","footer-sml-layout":"","ast-disable-related-posts":"","theme-transparent-header-meta":"default","adv-header-id-meta":"","stick-header-meta":"","header-above-stick-meta":"","header-main-stick-meta":"","header-below-stick-meta":"","astra-migrate-meta-layouts":"set","ast-page-background-enabled":"default","ast-page-background-meta":{"desktop":{"background-color":"var(--ast-global-color-4)","background-image":"","background-repeat":"repeat","background-position":"center center","background-size":"auto","background-attachment":"scroll","background-type":"","background-media":"","overlay-type":"","overlay-color":"","overlay-opacity":"","overlay-gradient":""},"tablet":{"background-color":"","background-image":"","background-repeat":"repeat","background-position":"center center","background-size":"auto","background-attachment":"scroll","background-type":"","background-media":"","overlay-type":"","overlay-color":"","overlay-opacity":"","overlay-gradient":""},"mobile":{"background-color":"","background-image":"","background-repeat":"repeat","background-position":"center center","background-size":"auto","background-attachment":"scroll","background-type":"","background-media":"","overlay-type":"","overlay-color":"","overlay-opacity":"","overlay-gradient":""}},"ast-content-background-meta":{"desktop":{"background-color":"var(--ast-global-color-5)","background-image":"","background-repeat":"repeat","background-position":"center center","background-size":"auto","background-attachment":"scroll","background-type":"","background-media":"","overlay-type":"","overlay-color":"","overlay-opacity":"","overlay-gradient":""},"tablet":{"background-color":"var(--ast-global-color-5)","background-image":"","background-repeat":"repeat","background-position":"center center","background-size":"auto","background-attachment":"scroll","background-type":"","background-media":"","overlay-type":"","overlay-color":"","overlay-opacity":"","overlay-gradient":""},"mobile":{"background-color":"var(--ast-global-color-5)","background-image":"","background-repeat":"repeat","background-position":"center center","background-size":"auto","background-attachment":"scroll","background-type":"","background-media":"","overlay-type":"","overlay-color":"","overlay-opacity":"","overlay-gradient":""}}},"product_brand":[],"product_cat":[156],"product_tag":[],"class_list":{"0":"post-5770","1":"product","2":"type-product","3":"status-publish","4":"has-post-thumbnail","6":"product_cat-smycken","7":"desktop-align-left","8":"tablet-align-left","9":"mobile-align-left","11":"first","12":"instock","13":"taxable","14":"shipping-taxable","15":"purchasable","16":"product-type-variable"},"_links":{"self":[{"href":"https:\/\/kukkakauppapuntti.fi\/sv\/wp-json\/wp\/v2\/product\/5770","targetHints":{"allow":["GET"]}}],"collection":[{"href":"https:\/\/kukkakauppapuntti.fi\/sv\/wp-json\/wp\/v2\/product"}],"about":[{"href":"https:\/\/kukkakauppapuntti.fi\/sv\/wp-json\/wp\/v2\/types\/product"}],"wp:featuredmedia":[{"embeddable":true,"href":"https:\/\/kukkakauppapuntti.fi\/sv\/wp-json\/wp\/v2\/media\/5766"}],"wp:attachment":[{"href":"https:\/\/kukkakauppapuntti.fi\/sv\/wp-json\/wp\/v2\/media?parent=5770"}],"wp:term":[{"taxonomy":"product_brand","embeddable":true,"href":"https:\/\/kukkakauppapuntti.fi\/sv\/wp-json\/wp\/v2\/product_brand?post=5770"},{"taxonomy":"product_cat","embeddable":true,"href":"https:\/\/kukkakauppapuntti.fi\/sv\/wp-json\/wp\/v2\/product_cat?post=5770"},{"taxonomy":"product_tag","embeddable":true,"href":"https:\/\/kukkakauppapuntti.fi\/sv\/wp-json\/wp\/v2\/product_tag?post=5770"}],"curies":[{"name":"wp","href":"https:\/\/api.w.org\/{rel}","templated":true}]}}