{"id":3419,"date":"2024-11-22T16:11:30","date_gmt":"2024-11-22T16:11:30","guid":{"rendered":"https:\/\/kukkakauppapuntti.fi\/product\/longleaf-veckan\/"},"modified":"2024-11-22T16:11:30","modified_gmt":"2024-11-22T16:11:30","slug":"longleaf-veckan","status":"publish","type":"product","link":"https:\/\/kukkakauppapuntti.fi\/sv\/produkt\/longleaf-veckan\/","title":{"rendered":"Longleaf-veckan"},"content":{"rendered":"","protected":false},"excerpt":{"rendered":"<p style=\"font-weight: 400;\"><strong>L\u00e5ngbladig vecka \/ <\/strong><em>Ficus binnendijkii<\/em><\/p>\n<p style=\"font-weight: 400;\"><em> <\/em><\/p>\n<p style=\"font-weight: 400;\">L\u00e4ttsk\u00f6tt, som kan \u00f6verleva i svagt ljus! B\u00e4ttre \u00e4n andra fikon p\u00e5 att t\u00e5la torka i rumsluften. L\u00e4mpar sig f\u00f6r en ljus, v\u00e4l upplyst plats med mycket diffust ljus eller halvskugga, men inte f\u00f6r varmt i direkt solljus. P\u00e5 en plats utan ljus kan den b\u00f6rja tappa sina blad. Placera inte p\u00e5 en mycket dragig plats p\u00e5 vintern.    <\/p>\n<p style=\"font-weight: 400;\">\n<p style=\"font-weight: 400;\">V\u00e4xterna vattnas n\u00e4r den ytliga jorden har torkat ut lite. Om jorden \u00e4r f\u00f6r v\u00e5t eller torr kan v\u00e4xten b\u00f6rja f\u00e4lla sina blad. Det \u00e4r inte n\u00f6dv\u00e4ndigt att plantera om varje v\u00e5r, eftersom v\u00e4xten trivs i en n\u00e5got mindre kruka.  <\/p>\n<p style=\"font-weight: 400;\">\n<p style=\"font-weight: 400;\">Longleaf fikon kan sk\u00e4ras p\u00e5 v\u00e5ren. Besk\u00e4rning hj\u00e4lper till att h\u00e5lla v\u00e4xten fr\u00e4sch. <\/p>\n<p style=\"font-weight: 400;\">Sticklingar kan rotas.<\/p>\n<p style=\"font-weight: 400;\">\n<p style=\"font-weight: 400;\">Longleaf-f\u00f6nster renar luften i ditt hem!<\/p>\n","protected":false},"featured_media":3418,"template":"","meta":{"site-sidebar-layout":"default","site-content-layout":"","ast-site-content-layout":"default","site-content-style":"default","site-sidebar-style":"default","ast-global-header-display":"","ast-banner-title-visibility":"","ast-main-header-display":"","ast-hfb-above-header-display":"","ast-hfb-below-header-display":"","ast-hfb-mobile-header-display":"","site-post-title":"","ast-breadcrumbs-content":"","ast-featured-img":"","footer-sml-layout":"","ast-disable-related-posts":"","theme-transparent-header-meta":"default","adv-header-id-meta":"","stick-header-meta":"","header-above-stick-meta":"","header-main-stick-meta":"","header-below-stick-meta":"","astra-migrate-meta-layouts":"st\u00e4lla in","ast-page-background-enabled":"default","ast-page-background-meta":{"desktop":{"background-color":"var(--ast-global-color-4)","background-image":"","background-repeat":"repeat","background-position":"center center","background-size":"auto","background-attachment":"scroll","background-type":"","background-media":"","overlay-type":"","overlay-color":"","overlay-opacity":"","overlay-gradient":""},"tablet":{"background-color":"","background-image":"","background-repeat":"repeat","background-position":"center center","background-size":"auto","background-attachment":"scroll","background-type":"","background-media":"","overlay-type":"","overlay-color":"","overlay-opacity":"","overlay-gradient":""},"mobile":{"background-color":"","background-image":"","background-repeat":"repeat","background-position":"center center","background-size":"auto","background-attachment":"scroll","background-type":"","background-media":"","overlay-type":"","overlay-color":"","overlay-opacity":"","overlay-gradient":""}},"ast-content-background-meta":{"desktop":{"background-color":"var(--ast-global-color-5)","background-image":"","background-repeat":"repeat","background-position":"center center","background-size":"auto","background-attachment":"scroll","background-type":"","background-media":"","overlay-type":"","overlay-color":"","overlay-opacity":"","overlay-gradient":""},"tablet":{"background-color":"var(--ast-global-color-5)","background-image":"","background-repeat":"repeat","background-position":"center center","background-size":"auto","background-attachment":"scroll","background-type":"","background-media":"","overlay-type":"","overlay-color":"","overlay-opacity":"","overlay-gradient":""},"mobile":{"background-color":"var(--ast-global-color-5)","background-image":"","background-repeat":"repeat","background-position":"center center","background-size":"auto","background-attachment":"scroll","background-type":"","background-media":"","overlay-type":"","overlay-color":"","overlay-opacity":"","overlay-gradient":""}}},"product_brand":[],"product_cat":[67],"product_tag":[],"class_list":{"0":"post-3419","1":"product","2":"type-product","3":"status-publish","4":"has-post-thumbnail","6":"product_cat-blommor-i-kruka","7":"desktop-align-left","8":"tablet-align-left","9":"mobile-align-left","11":"first","12":"instock","13":"taxable","14":"shipping-taxable","15":"purchasable","16":"product-type-simple"},"_links":{"self":[{"href":"https:\/\/kukkakauppapuntti.fi\/sv\/wp-json\/wp\/v2\/product\/3419","targetHints":{"allow":["GET"]}}],"collection":[{"href":"https:\/\/kukkakauppapuntti.fi\/sv\/wp-json\/wp\/v2\/product"}],"about":[{"href":"https:\/\/kukkakauppapuntti.fi\/sv\/wp-json\/wp\/v2\/types\/product"}],"wp:featuredmedia":[{"embeddable":true,"href":"https:\/\/kukkakauppapuntti.fi\/sv\/wp-json\/wp\/v2\/media\/3418"}],"wp:attachment":[{"href":"https:\/\/kukkakauppapuntti.fi\/sv\/wp-json\/wp\/v2\/media?parent=3419"}],"wp:term":[{"taxonomy":"product_brand","embeddable":true,"href":"https:\/\/kukkakauppapuntti.fi\/sv\/wp-json\/wp\/v2\/product_brand?post=3419"},{"taxonomy":"product_cat","embeddable":true,"href":"https:\/\/kukkakauppapuntti.fi\/sv\/wp-json\/wp\/v2\/product_cat?post=3419"},{"taxonomy":"product_tag","embeddable":true,"href":"https:\/\/kukkakauppapuntti.fi\/sv\/wp-json\/wp\/v2\/product_tag?post=3419"}],"curies":[{"name":"wp","href":"https:\/\/api.w.org\/{rel}","templated":true}]}}