{"id":1405,"date":"2024-10-04T12:54:53","date_gmt":"2024-10-04T12:54:53","guid":{"rendered":"https:\/\/kukkakauppapuntti-fi.vserver.zonevs.eu\/kort\/"},"modified":"2025-04-24T09:39:20","modified_gmt":"2025-04-24T09:39:20","slug":"kort","status":"publish","type":"page","link":"https:\/\/kukkakauppapuntti.fi\/sv\/kort\/","title":{"rendered":"Kort"},"content":{"rendered":"\t\t<div data-elementor-type=\"wp-page\" data-elementor-id=\"1405\" class=\"elementor elementor-1405 elementor-471\">\n\t\t\t\t<div class=\"elementor-element elementor-element-289d17c e-flex e-con-boxed wpr-particle-no wpr-jarallax-no wpr-parallax-no wpr-sticky-section-no wpr-equal-height-no e-con e-parent\" data-id=\"289d17c\" data-element_type=\"container\" data-e-type=\"container\">\n\t\t\t\t\t<div class=\"e-con-inner\">\n\t\t\t\t<div class=\"elementor-element elementor-element-83ffb8b elementor-widget elementor-widget-heading\" data-id=\"83ffb8b\" data-element_type=\"widget\" data-e-type=\"widget\" data-widget_type=\"heading.default\">\n\t\t\t\t<div class=\"elementor-widget-container\">\n\t\t\t\t\t<h2 class=\"elementor-heading-title elementor-size-default\">Kort<\/h2>\t\t\t\t<\/div>\n\t\t\t\t<\/div>\n\t\t\t\t<div class=\"elementor-element elementor-element-85be8c5 elementor-widget elementor-widget-text-editor\" data-id=\"85be8c5\" data-element_type=\"widget\" data-e-type=\"widget\" data-widget_type=\"text-editor.default\">\n\t\t\t\t<div class=\"elementor-widget-container\">\n\t\t\t\t\t\t\t\t\t<p>Till blommorna medf\u00f6ljer ett litet vitt blanco-kort med kuvert utan kostnad.<br><br>Observera att det finns mycket lite utrymme f\u00f6r text p\u00e5 kortet. Om du vill ha mer text och ett kort med bild, klicka h\u00e4r. Ange den text du vill anv\u00e4nda p\u00e5 kortet i mottagarens kontaktuppgifter. <\/p>\t\t\t\t\t\t\t\t<\/div>\n\t\t\t\t<\/div>\n\t\t\t\t\t<\/div>\n\t\t\t\t<\/div>\n\t\t<div class=\"elementor-element elementor-element-5d7d3ea e-flex e-con-boxed wpr-particle-no wpr-jarallax-no wpr-parallax-no wpr-sticky-section-no wpr-equal-height-no e-con e-parent\" data-id=\"5d7d3ea\" data-element_type=\"container\" data-e-type=\"container\">\n\t\t\t\t\t<div class=\"e-con-inner\">\n\t\t\t\t<div class=\"elementor-element elementor-element-bc5b95a wpr-grid-columns-3 wpr-grid-columns--tablet2 wpr-grid-columns--mobile1 wpr-grid-pagination-center wpr-item-styles-inner elementor-widget elementor-widget-wpr-woo-grid\" data-id=\"bc5b95a\" data-element_type=\"widget\" data-e-type=\"widget\" data-widget_type=\"wpr-woo-grid.default\">\n\t\t\t\t<div class=\"elementor-widget-container\">\n\t\t\t\t\t<ul class=\"wpr-grid-filters elementor-clearfix wpr-grid-filters-sep-right\"><li class=\" wpr-pointer-none wpr-pointer-line-fx wpr-pointer-fx-none\"><span data-filter=\"*\" class=\"wpr-active-filter \">Alla<\/span><em class=\"wpr-grid-filters-sep\"><\/em><\/li><li class=\" wpr-pointer-none wpr-pointer-line-fx wpr-pointer-fx-none\"><span  data-ajax-filter=[\"product_cat\",\"kortit\"] data-filter=\".product_cat-kortit\">Kortit<\/span><em class=\"wpr-grid-filters-sep\"><\/em><\/li><\/ul><section class=\"wpr-grid elementor-clearfix\" data-settings=\"{&quot;layout&quot;:&quot;fitRows&quot;,&quot;stick_last_element_to_bottom&quot;:&quot;&quot;,&quot;columns_desktop&quot;:3,&quot;gutter_hr&quot;:20,&quot;gutter_hr_mobile&quot;:20,&quot;gutter_hr_mobile_extra&quot;:20,&quot;gutter_hr_tablet&quot;:20,&quot;gutter_hr_tablet_extra&quot;:20,&quot;gutter_hr_laptop&quot;:20,&quot;gutter_hr_widescreen&quot;:20,&quot;gutter_vr&quot;:30,&quot;gutter_vr_mobile&quot;:30,&quot;gutter_vr_mobile_extra&quot;:30,&quot;gutter_vr_tablet&quot;:30,&quot;gutter_vr_tablet_extra&quot;:30,&quot;gutter_vr_laptop&quot;:30,&quot;gutter_vr_widescreen&quot;:30,&quot;animation&quot;:&quot;default&quot;,&quot;animation_duration&quot;:0.3,&quot;animation_delay&quot;:0.1,&quot;deeplinking&quot;:&quot;&quot;,&quot;filters_linkable&quot;:&quot;no&quot;,&quot;filters_default_filter&quot;:&quot;&quot;,&quot;filters_count&quot;:&quot;&quot;,&quot;filters_hide_empty&quot;:&quot;no&quot;,&quot;filters_animation&quot;:&quot;default&quot;,&quot;filters_animation_duration&quot;:0.3,&quot;filters_animation_delay&quot;:0.1,&quot;pagination_type&quot;:&quot;load-more&quot;,&quot;pagination_max_pages&quot;:1,&quot;query_posts_per_page&quot;:15,&quot;lightbox&quot;:{&quot;selector&quot;:&quot;.wpr-grid-image-wrap&quot;,&quot;iframeMaxWidth&quot;:&quot;60%&quot;,&quot;hash&quot;:false,&quot;autoplay&quot;:&quot;true&quot;,&quot;pause&quot;:5000,&quot;progressBar&quot;:&quot;true&quot;,&quot;counter&quot;:&quot;true&quot;,&quot;controls&quot;:&quot;true&quot;,&quot;getCaptionFromTitleOrAlt&quot;:&quot;true&quot;,&quot;thumbnail&quot;:&quot;&quot;,&quot;showThumbByDefault&quot;:&quot;&quot;,&quot;share&quot;:&quot;&quot;,&quot;zoom&quot;:&quot;true&quot;,&quot;fullScreen&quot;:&quot;true&quot;,&quot;download&quot;:&quot;true&quot;}}\" data-advanced-filters=\"no\" data-found-posts = 4><article class=\"wpr-grid-item elementor-clearfix post-4173 product type-product status-publish has-post-thumbnail product_cat-kort product_cat-tryckfri desktop-align-left tablet-align-left mobile-align-left first instock taxable shipping-taxable purchasable product-type-variable\"><div class=\"wpr-grid-item-inner\"><div class=\"wpr-grid-media-wrap wpr-effect-size-medium \" data-overlay-link=\"yes\"><div class=\"wpr-grid-image-wrap\" data-src=\"https:\/\/kukkakauppapuntti.fi\/wp-content\/uploads\/elementor\/thumbs\/surukortti-scaled-rezbew4v8x440zgg796mj7sdux3xok71yw794j3v6o.jpg\"  data-img-on-hover=\"\" data-src-secondary=\"\"><img decoding=\"async\" src=\"https:\/\/kukkakauppapuntti.fi\/wp-content\/uploads\/elementor\/thumbs\/surukortti-scaled-rezbew4v8x440zgg796mj7sdux3xok71yw794j3v6o.jpg\" alt=\"Sorgkort\" class=\"wpr-anim-timing-ease-default\"><\/div><div class=\"wpr-grid-media-hover wpr-animation-wrap\"><div class=\"wpr-grid-media-hover-bg  wpr-overlay-fade-in wpr-anim-size-large wpr-anim-timing-ease-default wpr-anim-transparency\" data-url=\"https:\/\/kukkakauppapuntti.fi\/sv\/produkt\/sorgkort\/\"><\/div><div class=\"wpr-cv-container\"><div class=\"wpr-cv-outer\"><div class=\"wpr-cv-inner\"><div class=\"wpr-grid-media-hover-middle elementor-clearfix\"><div class=\"wpr-grid-item-status elementor-repeater-item-635a688 wpr-grid-item-display-block wpr-grid-item-align-middle wpr-element-fade-in wpr-anim-size-large wpr-anim-timing-ease-default wpr-anim-transparency\"><div class=\"inner-block\"><\/div><\/div><\/div><\/div><\/div><\/div><\/div><\/div><div class=\"wpr-grid-item-below-content elementor-clearfix\"><h2 class=\"wpr-grid-item-title elementor-repeater-item-e911fa4 wpr-grid-item-display-block wpr-grid-item-align-left wpr-pointer-none wpr-pointer-line-fx wpr-pointer-fx-fade\"><div class=\"inner-block\"><a target=\"_self\"   href=\"https:\/\/kukkakauppapuntti.fi\/sv\/produkt\/sorgkort\/\">Sorgkort<\/a><\/div><\/h2><div class=\"wpr-grid-item-price elementor-repeater-item-834c431 wpr-grid-item-display-block wpr-grid-item-align-left\"><div class=\"inner-block\"><span><span class=\"woocommerce-Price-amount amount\" aria-hidden=\"true\">2,00&nbsp;<span class=\"woocommerce-Price-currencySymbol\">&euro;<\/span><\/span> <span aria-hidden=\"true\">\u2013<\/span> <span class=\"woocommerce-Price-amount amount\" aria-hidden=\"true\">5,00&nbsp;<span class=\"woocommerce-Price-currencySymbol\">&euro;<\/span><\/span><span class=\"screen-reader-text\">Prisintervall: 2,00&nbsp;&euro; till 5,00&nbsp;&euro;<\/span><\/span><\/div><\/div><div class=\"wpr-grid-item-add-to-cart elementor-repeater-item-7ced683 wpr-grid-item-display-block wpr-grid-item-align-left\"><div class=\"inner-block\"><a rel=\"nofollow\" class=\"product_type_variable add_to_cart_button wpr-button-effect wpr-button-none \" aria-label=\"V\u00e4lj alternativ f\u00f6r \u201dSorgkort\u201d\" data-product_id=\"4173\" data-product_sku=\"\" data-atc-popup=\"\" data-atc-animation=\"\" data-atc-fade-out-in=\"\" data-atc-animation-time=\"\" href=\"https:\/\/kukkakauppapuntti.fi\/sv\/produkt\/sorgkort\/\"><span>V\u00e4lj bland alternativen<\/span><\/a><\/div><\/div><\/div><\/div><\/article><article class=\"wpr-grid-item elementor-clearfix post-3479 product type-product status-publish has-post-thumbnail product_cat-alla-hjartans-dag-2025 product_cat-kort product_cat-kvinnodagen-2025 desktop-align-left tablet-align-left mobile-align-left  instock taxable shipping-taxable purchasable product-type-simple\"><div class=\"wpr-grid-item-inner\"><div class=\"wpr-grid-media-wrap wpr-effect-size-medium \" data-overlay-link=\"yes\"><div class=\"wpr-grid-image-wrap\" data-src=\"https:\/\/kukkakauppapuntti.fi\/wp-content\/uploads\/elementor\/thumbs\/pikkukortit-scaled-rezbex2pfr5eclf31rl93pjugazaw9asb0uqlt2h0g.jpeg\"  data-img-on-hover=\"\" data-src-secondary=\"\"><img decoding=\"async\" src=\"https:\/\/kukkakauppapuntti.fi\/wp-content\/uploads\/elementor\/thumbs\/pikkukortit-scaled-rezbex2pfr5eclf31rl93pjugazaw9asb0uqlt2h0g.jpeg\" alt=\"{&quot;remix_data&quot;:[],&quot;remix_entry_point&quot;:&quot;challenges&quot;,&quot;source_tags&quot;:[&quot;local&quot;],&quot;origin&quot;:&quot;unknown&quot;,&quot;total_draw_time&quot;:0,&quot;total_draw_actions&quot;:0,&quot;layers_used&quot;:0,&quot;brushes_used&quot;:0,&quot;photos_added&quot;:0,&quot;total_editor_actions&quot;:{},&quot;tools_used&quot;:{},&quot;is_sticker&quot;:false,&quot;edited_since_last_sticker_save&quot;:false,&quot;containsFTESticker&quot;:false}\" class=\"wpr-anim-timing-ease-default\"><\/div><div class=\"wpr-grid-media-hover wpr-animation-wrap\"><div class=\"wpr-grid-media-hover-bg  wpr-overlay-fade-in wpr-anim-size-large wpr-anim-timing-ease-default wpr-anim-transparency\" data-url=\"https:\/\/kukkakauppapuntti.fi\/sv\/produkt\/litet-kort\/\"><\/div><div class=\"wpr-cv-container\"><div class=\"wpr-cv-outer\"><div class=\"wpr-cv-inner\"><div class=\"wpr-grid-media-hover-middle elementor-clearfix\"><div class=\"wpr-grid-item-status elementor-repeater-item-635a688 wpr-grid-item-display-block wpr-grid-item-align-middle wpr-element-fade-in wpr-anim-size-large wpr-anim-timing-ease-default wpr-anim-transparency\"><div class=\"inner-block\"><\/div><\/div><\/div><\/div><\/div><\/div><\/div><\/div><div class=\"wpr-grid-item-below-content elementor-clearfix\"><h2 class=\"wpr-grid-item-title elementor-repeater-item-e911fa4 wpr-grid-item-display-block wpr-grid-item-align-left wpr-pointer-none wpr-pointer-line-fx wpr-pointer-fx-fade\"><div class=\"inner-block\"><a target=\"_self\"   href=\"https:\/\/kukkakauppapuntti.fi\/sv\/produkt\/litet-kort\/\">Litet kort<\/a><\/div><\/h2><div class=\"wpr-grid-item-price elementor-repeater-item-834c431 wpr-grid-item-display-block wpr-grid-item-align-left\"><div class=\"inner-block\"><span><span class=\"woocommerce-Price-amount amount\">2,50&nbsp;<span class=\"woocommerce-Price-currencySymbol\">&euro;<\/span><\/span><\/span><\/div><\/div><div class=\"wpr-grid-item-add-to-cart elementor-repeater-item-7ced683 wpr-grid-item-display-block wpr-grid-item-align-left\"><div class=\"inner-block\"><a rel=\"nofollow\" class=\"product_type_simple add_to_cart_button ajax_add_to_cart wpr-button-effect wpr-button-none \" aria-label=\"L\u00e4gg till i varukorgen: \u201dLitet kort\u201d\" data-product_id=\"3479\" data-product_sku=\"\" data-atc-popup=\"\" data-atc-animation=\"\" data-atc-fade-out-in=\"\" data-atc-animation-time=\"\" href=\"https:\/\/kukkakauppapuntti.fi\/sv\/produkt\/litet-kort\/\/?add-to-cart=3479\"><span>L\u00e4gg till i varukorgen<\/span><\/a><\/div><\/div><\/div><\/div><\/article><article class=\"wpr-grid-item elementor-clearfix post-1567 product type-product status-publish has-post-thumbnail product_cat-kort desktop-align-left tablet-align-left mobile-align-left  instock taxable shipping-taxable purchasable product-type-simple\"><div class=\"wpr-grid-item-inner\"><div class=\"wpr-grid-media-wrap wpr-effect-size-medium \" data-overlay-link=\"yes\"><div class=\"wpr-grid-image-wrap\" data-src=\"https:\/\/kukkakauppapuntti.fi\/wp-content\/uploads\/elementor\/thumbs\/thumbnail-1-6-rezbey0jml6oo7dpw9zvo7bb1ouo3yein5i83312u8.jpg\"  data-img-on-hover=\"\" data-src-secondary=\"\"><img decoding=\"async\" src=\"https:\/\/kukkakauppapuntti.fi\/wp-content\/uploads\/elementor\/thumbs\/thumbnail-1-6-rezbey0jml6oo7dpw9zvo7bb1ouo3yein5i83312u8.jpg\" alt=\"Kreetta J\u00e4rvenp\u00e4\u00e4 kort\" class=\"wpr-anim-timing-ease-default\"><\/div><div class=\"wpr-grid-media-hover wpr-animation-wrap\"><div class=\"wpr-grid-media-hover-bg  wpr-overlay-fade-in wpr-anim-size-large wpr-anim-timing-ease-default wpr-anim-transparency\" data-url=\"https:\/\/kukkakauppapuntti.fi\/sv\/produkt\/kreetta-jarvenpaa-kort\/\"><\/div><div class=\"wpr-cv-container\"><div class=\"wpr-cv-outer\"><div class=\"wpr-cv-inner\"><div class=\"wpr-grid-media-hover-middle elementor-clearfix\"><div class=\"wpr-grid-item-status elementor-repeater-item-635a688 wpr-grid-item-display-block wpr-grid-item-align-middle wpr-element-fade-in wpr-anim-size-large wpr-anim-timing-ease-default wpr-anim-transparency\"><div class=\"inner-block\"><\/div><\/div><\/div><\/div><\/div><\/div><\/div><\/div><div class=\"wpr-grid-item-below-content elementor-clearfix\"><h2 class=\"wpr-grid-item-title elementor-repeater-item-e911fa4 wpr-grid-item-display-block wpr-grid-item-align-left wpr-pointer-none wpr-pointer-line-fx wpr-pointer-fx-fade\"><div class=\"inner-block\"><a target=\"_self\"   href=\"https:\/\/kukkakauppapuntti.fi\/sv\/produkt\/kreetta-jarvenpaa-kort\/\">Kreetta J\u00e4rvenp\u00e4\u00e4 kort<\/a><\/div><\/h2><div class=\"wpr-grid-item-price elementor-repeater-item-834c431 wpr-grid-item-display-block wpr-grid-item-align-left\"><div class=\"inner-block\"><span><span class=\"woocommerce-Price-amount amount\">5,00&nbsp;<span class=\"woocommerce-Price-currencySymbol\">&euro;<\/span><\/span><\/span><\/div><\/div><div class=\"wpr-grid-item-add-to-cart elementor-repeater-item-7ced683 wpr-grid-item-display-block wpr-grid-item-align-left\"><div class=\"inner-block\"><a rel=\"nofollow\" class=\"product_type_simple add_to_cart_button ajax_add_to_cart wpr-button-effect wpr-button-none \" aria-label=\"L\u00e4gg till i varukorgen: \u201dKreetta J\u00e4rvenp\u00e4\u00e4 kort\u201d\" data-product_id=\"1567\" data-product_sku=\"1095972\" data-atc-popup=\"\" data-atc-animation=\"\" data-atc-fade-out-in=\"\" data-atc-animation-time=\"\" href=\"https:\/\/kukkakauppapuntti.fi\/sv\/produkt\/kreetta-jarvenpaa-kort\/\/?add-to-cart=1567\"><span>L\u00e4gg till i varukorgen<\/span><\/a><\/div><\/div><\/div><\/div><\/article><article class=\"wpr-grid-item elementor-clearfix post-1491 product type-product status-publish has-post-thumbnail product_cat-alla-hjartans-dag-2025 product_cat-kort product_cat-kvinnodagen-2025 desktop-align-left tablet-align-left mobile-align-left last instock taxable shipping-taxable purchasable product-type-simple\"><div class=\"wpr-grid-item-inner\"><div class=\"wpr-grid-media-wrap wpr-effect-size-medium \" data-overlay-link=\"yes\"><div class=\"wpr-grid-image-wrap\" data-src=\"https:\/\/kukkakauppapuntti.fi\/wp-content\/uploads\/elementor\/thumbs\/kortit-scaled-rezbey0jml6oo7dpw9zvo7bb1ouo3yein5i83312u8.jpg\"  data-img-on-hover=\"\" data-src-secondary=\"\"><img decoding=\"async\" src=\"https:\/\/kukkakauppapuntti.fi\/wp-content\/uploads\/elementor\/thumbs\/kortit-scaled-rezbey0jml6oo7dpw9zvo7bb1ouo3yein5i83312u8.jpg\" alt=\"Relaterade stort kort med skal\" class=\"wpr-anim-timing-ease-default\"><\/div><div class=\"wpr-grid-media-hover wpr-animation-wrap\"><div class=\"wpr-grid-media-hover-bg  wpr-overlay-fade-in wpr-anim-size-large wpr-anim-timing-ease-default wpr-anim-transparency\" data-url=\"https:\/\/kukkakauppapuntti.fi\/sv\/produkt\/relaterade-stort-kort-med-skal\/\"><\/div><div class=\"wpr-cv-container\"><div class=\"wpr-cv-outer\"><div class=\"wpr-cv-inner\"><div class=\"wpr-grid-media-hover-middle elementor-clearfix\"><div class=\"wpr-grid-item-status elementor-repeater-item-635a688 wpr-grid-item-display-block wpr-grid-item-align-middle wpr-element-fade-in wpr-anim-size-large wpr-anim-timing-ease-default wpr-anim-transparency\"><div class=\"inner-block\"><\/div><\/div><\/div><\/div><\/div><\/div><\/div><\/div><div class=\"wpr-grid-item-below-content elementor-clearfix\"><h2 class=\"wpr-grid-item-title elementor-repeater-item-e911fa4 wpr-grid-item-display-block wpr-grid-item-align-left wpr-pointer-none wpr-pointer-line-fx wpr-pointer-fx-fade\"><div class=\"inner-block\"><a target=\"_self\"   href=\"https:\/\/kukkakauppapuntti.fi\/sv\/produkt\/relaterade-stort-kort-med-skal\/\">Relaterade stort kort med skal<\/a><\/div><\/h2><div class=\"wpr-grid-item-price elementor-repeater-item-834c431 wpr-grid-item-display-block wpr-grid-item-align-left\"><div class=\"inner-block\"><span><span class=\"woocommerce-Price-amount amount\">5,00&nbsp;<span class=\"woocommerce-Price-currencySymbol\">&euro;<\/span><\/span><\/span><\/div><\/div><div class=\"wpr-grid-item-add-to-cart elementor-repeater-item-7ced683 wpr-grid-item-display-block wpr-grid-item-align-left\"><div class=\"inner-block\"><a rel=\"nofollow\" class=\"product_type_simple add_to_cart_button ajax_add_to_cart wpr-button-effect wpr-button-none \" aria-label=\"L\u00e4gg till i varukorgen: \u201dRelaterade stort kort med skal\u201d\" data-product_id=\"1491\" data-product_sku=\"447122\" data-atc-popup=\"\" data-atc-animation=\"\" data-atc-fade-out-in=\"\" data-atc-animation-time=\"\" href=\"https:\/\/kukkakauppapuntti.fi\/sv\/produkt\/relaterade-stort-kort-med-skal\/\/?add-to-cart=1491\"><span>L\u00e4gg till i varukorgen<\/span><\/a><\/div><\/div><\/div><\/div><\/article><\/section>\t\t\t\t<\/div>\n\t\t\t\t<\/div>\n\t\t\t\t\t<\/div>\n\t\t\t\t<\/div>\n\t\t\t\t<\/div>\n\t\t","protected":false},"excerpt":{"rendered":"<p>Kort Till blommorna medf\u00f6ljer ett litet vitt blanco-kort med kuvert utan kostnad. Observera att det finns mycket lite utrymme f\u00f6r text p\u00e5 kortet. Om du vill ha mer text och ett kort med bild, klicka h\u00e4r. Ange den text du vill anv\u00e4nda p\u00e5 kortet i mottagarens kontaktuppgifter. Alla Kortit Surukortti 2,00&nbsp;&euro; - 5,00&nbsp;&euro;V\u00e4lj bland alternativen Pieni kortti 2,50&nbsp;&euro;L\u00e4gg till i varukorgen Kreetta J\u00e4rvenp\u00e4\u00e4n kortti 5,00&nbsp;&euro;L\u00e4gg till i varukorgen Aiheeseen liittyv\u00e4 kuorellinen iso kortti 5,00&nbsp;&euro;L\u00e4gg till i varukorgen<\/p>\n","protected":false},"author":1,"featured_media":0,"parent":0,"menu_order":0,"comment_status":"closed","ping_status":"closed","template":"elementor_theme","meta":{"site-sidebar-layout":"no-sidebar","site-content-layout":"","ast-site-content-layout":"full-width-container","site-content-style":"default","site-sidebar-style":"default","ast-global-header-display":"","ast-banner-title-visibility":"","ast-main-header-display":"","ast-hfb-above-header-display":"","ast-hfb-below-header-display":"","ast-hfb-mobile-header-display":"","site-post-title":"disabled","ast-breadcrumbs-content":"","ast-featured-img":"disabled","footer-sml-layout":"","ast-disable-related-posts":"","theme-transparent-header-meta":"","adv-header-id-meta":"","stick-header-meta":"","header-above-stick-meta":"","header-main-stick-meta":"","header-below-stick-meta":"","astra-migrate-meta-layouts":"default","ast-page-background-enabled":"default","ast-page-background-meta":{"desktop":{"background-color":"var(--ast-global-color-4)","background-image":"","background-repeat":"repeat","background-position":"center center","background-size":"auto","background-attachment":"scroll","background-type":"","background-media":"","overlay-type":"","overlay-color":"","overlay-opacity":"","overlay-gradient":""},"tablet":{"background-color":"","background-image":"","background-repeat":"repeat","background-position":"center center","background-size":"auto","background-attachment":"scroll","background-type":"","background-media":"","overlay-type":"","overlay-color":"","overlay-opacity":"","overlay-gradient":""},"mobile":{"background-color":"","background-image":"","background-repeat":"repeat","background-position":"center center","background-size":"auto","background-attachment":"scroll","background-type":"","background-media":"","overlay-type":"","overlay-color":"","overlay-opacity":"","overlay-gradient":""}},"ast-content-background-meta":{"desktop":{"background-color":"var(--ast-global-color-5)","background-image":"","background-repeat":"repeat","background-position":"center center","background-size":"auto","background-attachment":"scroll","background-type":"","background-media":"","overlay-type":"","overlay-color":"","overlay-opacity":"","overlay-gradient":""},"tablet":{"background-color":"var(--ast-global-color-5)","background-image":"","background-repeat":"repeat","background-position":"center center","background-size":"auto","background-attachment":"scroll","background-type":"","background-media":"","overlay-type":"","overlay-color":"","overlay-opacity":"","overlay-gradient":""},"mobile":{"background-color":"var(--ast-global-color-5)","background-image":"","background-repeat":"repeat","background-position":"center center","background-size":"auto","background-attachment":"scroll","background-type":"","background-media":"","overlay-type":"","overlay-color":"","overlay-opacity":"","overlay-gradient":""}},"footnotes":""},"class_list":["post-1405","page","type-page","status-publish","hentry","desktop-align-left","tablet-align-left","mobile-align-left"],"_links":{"self":[{"href":"https:\/\/kukkakauppapuntti.fi\/sv\/wp-json\/wp\/v2\/pages\/1405","targetHints":{"allow":["GET"]}}],"collection":[{"href":"https:\/\/kukkakauppapuntti.fi\/sv\/wp-json\/wp\/v2\/pages"}],"about":[{"href":"https:\/\/kukkakauppapuntti.fi\/sv\/wp-json\/wp\/v2\/types\/page"}],"author":[{"embeddable":true,"href":"https:\/\/kukkakauppapuntti.fi\/sv\/wp-json\/wp\/v2\/users\/1"}],"replies":[{"embeddable":true,"href":"https:\/\/kukkakauppapuntti.fi\/sv\/wp-json\/wp\/v2\/comments?post=1405"}],"version-history":[{"count":8,"href":"https:\/\/kukkakauppapuntti.fi\/sv\/wp-json\/wp\/v2\/pages\/1405\/revisions"}],"predecessor-version":[{"id":5159,"href":"https:\/\/kukkakauppapuntti.fi\/sv\/wp-json\/wp\/v2\/pages\/1405\/revisions\/5159"}],"wp:attachment":[{"href":"https:\/\/kukkakauppapuntti.fi\/sv\/wp-json\/wp\/v2\/media?parent=1405"}],"curies":[{"name":"wp","href":"https:\/\/api.w.org\/{rel}","templated":true}]}}