{"id":1395,"date":"2024-10-11T11:21:42","date_gmt":"2024-10-11T11:21:42","guid":{"rendered":"https:\/\/kukkakauppapuntti-fi.vserver.zonevs.eu\/om-oss\/"},"modified":"2025-03-14T12:30:22","modified_gmt":"2025-03-14T12:30:22","slug":"om-oss","status":"publish","type":"page","link":"https:\/\/kukkakauppapuntti.fi\/sv\/om-oss\/","title":{"rendered":"Om oss"},"content":{"rendered":"\t\t<div data-elementor-type=\"wp-page\" data-elementor-id=\"1395\" class=\"elementor elementor-1395 elementor-894\">\n\t\t\t\t<div class=\"elementor-element elementor-element-0584105 e-flex e-con-boxed wpr-particle-no wpr-jarallax-no wpr-parallax-no wpr-sticky-section-no wpr-equal-height-no e-con e-parent\" data-id=\"0584105\" data-element_type=\"container\" data-e-type=\"container\" data-settings=\"{&quot;background_background&quot;:&quot;classic&quot;}\">\n\t\t\t\t\t<div class=\"e-con-inner\">\n\t\t<div class=\"elementor-element elementor-element-8bc199a e-con-full e-flex wpr-particle-no wpr-jarallax-no wpr-parallax-no wpr-sticky-section-no wpr-equal-height-no e-con e-child\" data-id=\"8bc199a\" data-element_type=\"container\" data-e-type=\"container\">\n\t\t\t\t<div class=\"elementor-element elementor-element-d9541ca elementor-widget elementor-widget-heading\" data-id=\"d9541ca\" data-element_type=\"widget\" data-e-type=\"widget\" data-widget_type=\"heading.default\">\n\t\t\t\t<div class=\"elementor-widget-container\">\n\t\t\t\t\t<h1 class=\"elementor-heading-title elementor-size-default\">Vi har ett fantastiskt team!<\/h1>\t\t\t\t<\/div>\n\t\t\t\t<\/div>\n\t\t\t\t<div class=\"elementor-element elementor-element-59301c16 elementor-widget elementor-widget-text-editor\" data-id=\"59301c16\" data-element_type=\"widget\" data-e-type=\"widget\" data-widget_type=\"text-editor.default\">\n\t\t\t\t<div class=\"elementor-widget-container\">\n\t\t\t\t\t\t\t\t\t<p>I v\u00e5ra tv\u00e5 butiker arbetar totalt 6 florister med l\u00e5ng erfarenhet, med st\u00f6d av s\u00e4songsanst\u00e4llda, s\u00e5 vi har \u00e5rtionden av erfarenhet och kompetens. F\u00f6r v\u00e5rt team handlar allt om kundservice och fokus, att f\u00f6lja trender, kontinuerlig utbildning och att utveckla v\u00e5ra f\u00e4rdigheter. F\u00f6r att inte gl\u00f6mma kvalitetskontrollen, som b\u00f6rjar med att v\u00e4lja de b\u00e4sta producenterna och \u00f6vervaka produkterna genom hela f\u00f6rs\u00e4ljningskedjan. Hos oss \u00e4r dina blommor i goda h\u00e4nder!   <\/p>\t\t\t\t\t\t\t\t<\/div>\n\t\t\t\t<\/div>\n\t\t\t\t<\/div>\n\t\t<div class=\"elementor-element elementor-element-1e8d769 e-con-full e-flex wpr-particle-no wpr-jarallax-no wpr-parallax-no wpr-sticky-section-no wpr-equal-height-no e-con e-child\" data-id=\"1e8d769\" data-element_type=\"container\" data-e-type=\"container\">\n\t\t\t\t<div class=\"elementor-element elementor-element-bbe218f elementor-widget elementor-widget-image\" data-id=\"bbe218f\" data-element_type=\"widget\" data-e-type=\"widget\" data-widget_type=\"image.default\">\n\t\t\t\t<div class=\"elementor-widget-container\">\n\t\t\t\t\t\t\t\t\t\t\t\t\t\t\t<img fetchpriority=\"high\" decoding=\"async\" width=\"1024\" height=\"1024\" src=\"https:\/\/kukkakauppapuntti.fi\/wp-content\/uploads\/2024\/10\/insta4-1024x1024.jpg\" class=\"attachment-large size-large wp-image-1214\" alt=\"\" srcset=\"https:\/\/kukkakauppapuntti.fi\/wp-content\/uploads\/2024\/10\/insta4-1024x1024.jpg 1024w, https:\/\/kukkakauppapuntti.fi\/wp-content\/uploads\/2024\/10\/insta4-300x300.jpg 300w, https:\/\/kukkakauppapuntti.fi\/wp-content\/uploads\/2024\/10\/insta4-100x100.jpg 100w, https:\/\/kukkakauppapuntti.fi\/wp-content\/uploads\/2024\/10\/insta4-600x600.jpg 600w, https:\/\/kukkakauppapuntti.fi\/wp-content\/uploads\/2024\/10\/insta4-150x150.jpg 150w, https:\/\/kukkakauppapuntti.fi\/wp-content\/uploads\/2024\/10\/insta4-768x768.jpg 768w, https:\/\/kukkakauppapuntti.fi\/wp-content\/uploads\/2024\/10\/insta4.jpg 1080w\" sizes=\"(max-width: 1024px) 100vw, 1024px\" \/>\t\t\t\t\t\t\t\t\t\t\t\t\t\t\t<\/div>\n\t\t\t\t<\/div>\n\t\t\t\t<\/div>\n\t\t\t\t\t<\/div>\n\t\t\t\t<\/div>\n\t\t\t\t<\/div>\n\t\t","protected":false},"excerpt":{"rendered":"<p>Vi har ett fantastiskt team! I v\u00e5ra tv\u00e5 butiker arbetar totalt 6 florister med l\u00e5ng erfarenhet, med st\u00f6d av s\u00e4songsanst\u00e4llda, s\u00e5 vi har \u00e5rtionden av erfarenhet och kompetens. F\u00f6r v\u00e5rt team handlar allt om kundservice och fokus, att f\u00f6lja trender, kontinuerlig utbildning och att utveckla v\u00e5ra f\u00e4rdigheter. F\u00f6r att inte gl\u00f6mma kvalitetskontrollen, som b\u00f6rjar med att v\u00e4lja de b\u00e4sta producenterna och \u00f6vervaka produkterna genom hela f\u00f6rs\u00e4ljningskedjan. Hos oss \u00e4r dina blommor i goda h\u00e4nder!<\/p>\n","protected":false},"author":1,"featured_media":0,"parent":0,"menu_order":0,"comment_status":"closed","ping_status":"closed","template":"elementor_canvas","meta":{"site-sidebar-layout":"default","site-content-layout":"","ast-site-content-layout":"default","site-content-style":"default","site-sidebar-style":"default","ast-global-header-display":"","ast-banner-title-visibility":"","ast-main-header-display":"","ast-hfb-above-header-display":"","ast-hfb-below-header-display":"","ast-hfb-mobile-header-display":"","site-post-title":"","ast-breadcrumbs-content":"","ast-featured-img":"","footer-sml-layout":"","ast-disable-related-posts":"","theme-transparent-header-meta":"","adv-header-id-meta":"","stick-header-meta":"","header-above-stick-meta":"","header-main-stick-meta":"","header-below-stick-meta":"","astra-migrate-meta-layouts":"default","ast-page-background-enabled":"default","ast-page-background-meta":{"desktop":{"background-color":"var(--ast-global-color-4)","background-image":"","background-repeat":"repeat","background-position":"center center","background-size":"auto","background-attachment":"scroll","background-type":"","background-media":"","overlay-type":"","overlay-color":"","overlay-opacity":"","overlay-gradient":""},"tablet":{"background-color":"","background-image":"","background-repeat":"repeat","background-position":"center center","background-size":"auto","background-attachment":"scroll","background-type":"","background-media":"","overlay-type":"","overlay-color":"","overlay-opacity":"","overlay-gradient":""},"mobile":{"background-color":"","background-image":"","background-repeat":"repeat","background-position":"center center","background-size":"auto","background-attachment":"scroll","background-type":"","background-media":"","overlay-type":"","overlay-color":"","overlay-opacity":"","overlay-gradient":""}},"ast-content-background-meta":{"desktop":{"background-color":"var(--ast-global-color-5)","background-image":"","background-repeat":"repeat","background-position":"center center","background-size":"auto","background-attachment":"scroll","background-type":"","background-media":"","overlay-type":"","overlay-color":"","overlay-opacity":"","overlay-gradient":""},"tablet":{"background-color":"var(--ast-global-color-5)","background-image":"","background-repeat":"repeat","background-position":"center center","background-size":"auto","background-attachment":"scroll","background-type":"","background-media":"","overlay-type":"","overlay-color":"","overlay-opacity":"","overlay-gradient":""},"mobile":{"background-color":"var(--ast-global-color-5)","background-image":"","background-repeat":"repeat","background-position":"center center","background-size":"auto","background-attachment":"scroll","background-type":"","background-media":"","overlay-type":"","overlay-color":"","overlay-opacity":"","overlay-gradient":""}},"footnotes":""},"class_list":["post-1395","page","type-page","status-publish","hentry"],"_links":{"self":[{"href":"https:\/\/kukkakauppapuntti.fi\/sv\/wp-json\/wp\/v2\/pages\/1395","targetHints":{"allow":["GET"]}}],"collection":[{"href":"https:\/\/kukkakauppapuntti.fi\/sv\/wp-json\/wp\/v2\/pages"}],"about":[{"href":"https:\/\/kukkakauppapuntti.fi\/sv\/wp-json\/wp\/v2\/types\/page"}],"author":[{"embeddable":true,"href":"https:\/\/kukkakauppapuntti.fi\/sv\/wp-json\/wp\/v2\/users\/1"}],"replies":[{"embeddable":true,"href":"https:\/\/kukkakauppapuntti.fi\/sv\/wp-json\/wp\/v2\/comments?post=1395"}],"version-history":[{"count":8,"href":"https:\/\/kukkakauppapuntti.fi\/sv\/wp-json\/wp\/v2\/pages\/1395\/revisions"}],"predecessor-version":[{"id":4942,"href":"https:\/\/kukkakauppapuntti.fi\/sv\/wp-json\/wp\/v2\/pages\/1395\/revisions\/4942"}],"wp:attachment":[{"href":"https:\/\/kukkakauppapuntti.fi\/sv\/wp-json\/wp\/v2\/media?parent=1395"}],"curies":[{"name":"wp","href":"https:\/\/api.w.org\/{rel}","templated":true}]}}