{"id":1276,"date":"2024-10-04T12:51:10","date_gmt":"2024-10-04T12:51:10","guid":{"rendered":"https:\/\/kukkakauppapuntti-fi.vserver.zonevs.eu\/blommor-i-kruka\/"},"modified":"2025-04-24T09:38:32","modified_gmt":"2025-04-24T09:38:32","slug":"blommor-i-kruka","status":"publish","type":"page","link":"https:\/\/kukkakauppapuntti.fi\/sv\/blommor-i-kruka\/","title":{"rendered":"Blommor i kruka"},"content":{"rendered":"\t\t<div data-elementor-type=\"wp-page\" data-elementor-id=\"1276\" class=\"elementor elementor-1276 elementor-456\">\n\t\t\t\t<div class=\"elementor-element elementor-element-49b401f e-flex e-con-boxed wpr-particle-no wpr-jarallax-no wpr-parallax-no wpr-sticky-section-no wpr-equal-height-no e-con e-parent\" data-id=\"49b401f\" data-element_type=\"container\" data-e-type=\"container\">\n\t\t\t\t\t<div class=\"e-con-inner\">\n\t\t\t\t<div class=\"elementor-element elementor-element-528cd05 elementor-widget elementor-widget-heading\" data-id=\"528cd05\" data-element_type=\"widget\" data-e-type=\"widget\" data-widget_type=\"heading.default\">\n\t\t\t\t<div class=\"elementor-widget-container\">\n\t\t\t\t\t<h2 class=\"elementor-heading-title elementor-size-default\">Blommor i kruka<\/h2>\t\t\t\t<\/div>\n\t\t\t\t<\/div>\n\t\t\t\t<div class=\"elementor-element elementor-element-e6998df elementor-widget elementor-widget-text-editor\" data-id=\"e6998df\" data-element_type=\"widget\" data-e-type=\"widget\" data-widget_type=\"text-editor.default\">\n\t\t\t\t<div class=\"elementor-widget-container\">\n\t\t\t\t\t\t\t\t\t<p>Utbudet av krukv\u00e4xter varierar beroende p\u00e5 \u00e5rstid.<\/p>\t\t\t\t\t\t\t\t<\/div>\n\t\t\t\t<\/div>\n\t\t\t\t\t<\/div>\n\t\t\t\t<\/div>\n\t\t<div class=\"elementor-element elementor-element-3bb19de e-flex e-con-boxed wpr-particle-no wpr-jarallax-no wpr-parallax-no wpr-sticky-section-no wpr-equal-height-no e-con e-parent\" data-id=\"3bb19de\" data-element_type=\"container\" data-e-type=\"container\">\n\t\t\t\t\t<div class=\"e-con-inner\">\n\t\t\t\t<div class=\"elementor-element elementor-element-2a29d4f wpr-grid-columns-3 wpr-grid-columns--tablet2 wpr-grid-columns--mobile1 wpr-grid-pagination-center wpr-item-styles-inner elementor-widget elementor-widget-wpr-woo-grid\" data-id=\"2a29d4f\" data-element_type=\"widget\" data-e-type=\"widget\" data-widget_type=\"wpr-woo-grid.default\">\n\t\t\t\t<div class=\"elementor-widget-container\">\n\t\t\t\t\t<ul class=\"wpr-grid-filters elementor-clearfix wpr-grid-filters-sep-right\"><li class=\" wpr-pointer-none wpr-pointer-line-fx wpr-pointer-fx-none\"><span data-filter=\"*\" class=\"wpr-active-filter \">Alla<\/span><em class=\"wpr-grid-filters-sep\"><\/em><\/li><li class=\" wpr-pointer-none wpr-pointer-line-fx wpr-pointer-fx-none\"><span  data-ajax-filter=[\"product_cat\",\"ruukkukukat\"] data-filter=\".product_cat-ruukkukukat\">Ruukkukukat<\/span><em class=\"wpr-grid-filters-sep\"><\/em><\/li><\/ul><section class=\"wpr-grid elementor-clearfix\" data-settings=\"{&quot;layout&quot;:&quot;fitRows&quot;,&quot;stick_last_element_to_bottom&quot;:&quot;&quot;,&quot;columns_desktop&quot;:3,&quot;gutter_hr&quot;:20,&quot;gutter_hr_mobile&quot;:20,&quot;gutter_hr_mobile_extra&quot;:20,&quot;gutter_hr_tablet&quot;:20,&quot;gutter_hr_tablet_extra&quot;:20,&quot;gutter_hr_laptop&quot;:20,&quot;gutter_hr_widescreen&quot;:20,&quot;gutter_vr&quot;:30,&quot;gutter_vr_mobile&quot;:30,&quot;gutter_vr_mobile_extra&quot;:30,&quot;gutter_vr_tablet&quot;:30,&quot;gutter_vr_tablet_extra&quot;:30,&quot;gutter_vr_laptop&quot;:30,&quot;gutter_vr_widescreen&quot;:30,&quot;animation&quot;:&quot;default&quot;,&quot;animation_duration&quot;:0.3,&quot;animation_delay&quot;:0.1,&quot;deeplinking&quot;:&quot;&quot;,&quot;filters_linkable&quot;:&quot;no&quot;,&quot;filters_default_filter&quot;:&quot;&quot;,&quot;filters_count&quot;:&quot;&quot;,&quot;filters_hide_empty&quot;:&quot;no&quot;,&quot;filters_animation&quot;:&quot;default&quot;,&quot;filters_animation_duration&quot;:0.3,&quot;filters_animation_delay&quot;:0.1,&quot;pagination_type&quot;:&quot;load-more&quot;,&quot;pagination_max_pages&quot;:1,&quot;query_posts_per_page&quot;:15,&quot;lightbox&quot;:{&quot;selector&quot;:&quot;.wpr-grid-image-wrap&quot;,&quot;iframeMaxWidth&quot;:&quot;60%&quot;,&quot;hash&quot;:false,&quot;autoplay&quot;:&quot;true&quot;,&quot;pause&quot;:5000,&quot;progressBar&quot;:&quot;true&quot;,&quot;counter&quot;:&quot;true&quot;,&quot;controls&quot;:&quot;true&quot;,&quot;getCaptionFromTitleOrAlt&quot;:&quot;true&quot;,&quot;thumbnail&quot;:&quot;&quot;,&quot;showThumbByDefault&quot;:&quot;&quot;,&quot;share&quot;:&quot;&quot;,&quot;zoom&quot;:&quot;true&quot;,&quot;fullScreen&quot;:&quot;true&quot;,&quot;download&quot;:&quot;true&quot;}}\" data-advanced-filters=\"no\" data-found-posts = 5><article class=\"wpr-grid-item elementor-clearfix post-3933 product type-product status-publish has-post-thumbnail product_cat-blommor-i-kruka desktop-align-left tablet-align-left mobile-align-left first outofstock taxable shipping-taxable purchasable product-type-simple\"><div class=\"wpr-grid-item-inner\"><div class=\"wpr-grid-media-wrap wpr-effect-size-medium \" data-overlay-link=\"yes\"><div class=\"wpr-grid-image-wrap\" data-src=\"https:\/\/kukkakauppapuntti.fi\/wp-content\/uploads\/elementor\/thumbs\/kumiviikuna-scaled-rezbex2pfr5eclf31rl93pjugazaw9asb0uqlt2h0g.jpeg\"  data-img-on-hover=\"\" data-src-secondary=\"\"><img decoding=\"async\" src=\"https:\/\/kukkakauppapuntti.fi\/wp-content\/uploads\/elementor\/thumbs\/kumiviikuna-scaled-rezbex2pfr5eclf31rl93pjugazaw9asb0uqlt2h0g.jpeg\" alt=\"data&quot;:[],&quot;remix_entry_point&quot;:&quot;challenges&quot;,&quot;source_tags&quot;:[&quot;local&quot;],&quot;origin&quot;:&quot;unknown&quot;,&quot;total_draw_time&quot;:0,&quot;total_draw_actions&quot;:0,&quot;layers_used&quot;:0,&quot;brushes_used&quot;:0,&quot;photos_added&quot;:0,&quot;total_editor_actions&quot;:{},&quot;tools_used&quot;:{},&quot;is_sticker&quot;:false,&quot;edited_since_last_sticker_save&quot;:false,&quot;containsFTESticker&quot;:false}\" class=\"wpr-anim-timing-ease-default\"><\/div><div class=\"wpr-grid-media-hover wpr-animation-wrap\"><div class=\"wpr-grid-media-hover-bg  wpr-overlay-fade-in wpr-anim-size-large wpr-anim-timing-ease-default wpr-anim-transparency\" data-url=\"https:\/\/kukkakauppapuntti.fi\/sv\/produkt\/kumiviikuna\/\"><\/div><div class=\"wpr-cv-container\"><div class=\"wpr-cv-outer\"><div class=\"wpr-cv-inner\"><div class=\"wpr-grid-media-hover-middle elementor-clearfix\"><div class=\"wpr-grid-item-status elementor-repeater-item-635a688 wpr-grid-item-display-block wpr-grid-item-align-middle wpr-element-fade-in wpr-anim-size-large wpr-anim-timing-ease-default wpr-anim-transparency\"><div class=\"inner-block\"><\/div><\/div><\/div><\/div><\/div><\/div><\/div><\/div><div class=\"wpr-grid-item-below-content elementor-clearfix\"><h2 class=\"wpr-grid-item-title elementor-repeater-item-e911fa4 wpr-grid-item-display-block wpr-grid-item-align-left wpr-pointer-none wpr-pointer-line-fx wpr-pointer-fx-fade\"><div class=\"inner-block\"><a target=\"_self\"   href=\"https:\/\/kukkakauppapuntti.fi\/sv\/produkt\/kumiviikuna\/\">Kumiviikuna<\/a><\/div><\/h2><div class=\"wpr-grid-item-price elementor-repeater-item-834c431 wpr-grid-item-display-block wpr-grid-item-align-left\"><div class=\"inner-block\"><span><span class=\"woocommerce-Price-amount amount\">38,00&nbsp;<span class=\"woocommerce-Price-currencySymbol\">&euro;<\/span><\/span><\/span><\/div><\/div><div class=\"wpr-grid-item-add-to-cart elementor-repeater-item-7ced683 wpr-grid-item-display-block wpr-grid-item-align-left\"><div class=\"inner-block\"><a rel=\"nofollow\" class=\"product_type_simple ajax_add_to_cart wpr-button-effect wpr-button-none wpr-atc-not-clickable\" aria-label=\"L\u00e4s mer om \u201dKumiviikuna\u201d\" data-product_id=\"3933\" data-product_sku=\"\" data-atc-popup=\"\" data-atc-animation=\"\" data-atc-fade-out-in=\"\" data-atc-animation-time=\"\" href=\"https:\/\/kukkakauppapuntti.fi\/sv\/produkt\/kumiviikuna\/\/?add-to-cart=3933\"><span>L\u00e4gg till i varukorgen<\/span><\/a><\/div><\/div><\/div><\/div><\/article><article class=\"wpr-grid-item elementor-clearfix post-3915 product type-product status-publish has-post-thumbnail product_cat-alla-hjartans-dag-2025 product_cat-blommor-i-kruka desktop-align-left tablet-align-left mobile-align-left  instock taxable shipping-taxable purchasable product-type-variable\"><div class=\"wpr-grid-item-inner\"><div class=\"wpr-grid-media-wrap wpr-effect-size-medium \" data-overlay-link=\"yes\"><div class=\"wpr-grid-image-wrap\" data-src=\"https:\/\/kukkakauppapuntti.fi\/wp-content\/uploads\/elementor\/thumbs\/orkidea-valk-ruukussa-rezbex2pfr5eclf31rl93pjugazaw9asb0uqlt2h0g.jpeg\"  data-img-on-hover=\"\" data-src-secondary=\"\"><img decoding=\"async\" src=\"https:\/\/kukkakauppapuntti.fi\/wp-content\/uploads\/elementor\/thumbs\/orkidea-valk-ruukussa-rezbex2pfr5eclf31rl93pjugazaw9asb0uqlt2h0g.jpeg\" alt=\"{&quot;remix_data&quot;:[],&quot;remix_entry_point&quot;:&quot;challenges&quot;,&quot;source_tags&quot;:[&quot;local&quot;],&quot;origin&quot;:&quot;unknown&quot;,&quot;total_draw_time&quot;:0,&quot;total_draw_actions&quot;:0,&quot;layers_used&quot;:0,&quot;brushes_used&quot;:0,&quot;photos_added&quot;:0,&quot;total_editor_actions&quot;:{},&quot;tools_used&quot;:{&quot;remove_bg&quot;:2},&quot;is_sticker&quot;:false,&quot;edited_since_last_sticker_save&quot;:true,&quot;containsFTESticker&quot;:false}\" class=\"wpr-anim-timing-ease-default\"><\/div><div class=\"wpr-grid-media-hover wpr-animation-wrap\"><div class=\"wpr-grid-media-hover-bg  wpr-overlay-fade-in wpr-anim-size-large wpr-anim-timing-ease-default wpr-anim-transparency\" data-url=\"https:\/\/kukkakauppapuntti.fi\/sv\/produkt\/orkide-4-blommig-vaxt\/\"><\/div><div class=\"wpr-cv-container\"><div class=\"wpr-cv-outer\"><div class=\"wpr-cv-inner\"><div class=\"wpr-grid-media-hover-middle elementor-clearfix\"><div class=\"wpr-grid-item-status elementor-repeater-item-635a688 wpr-grid-item-display-block wpr-grid-item-align-middle wpr-element-fade-in wpr-anim-size-large wpr-anim-timing-ease-default wpr-anim-transparency\"><div class=\"inner-block\"><\/div><\/div><\/div><\/div><\/div><\/div><\/div><\/div><div class=\"wpr-grid-item-below-content elementor-clearfix\"><h2 class=\"wpr-grid-item-title elementor-repeater-item-e911fa4 wpr-grid-item-display-block wpr-grid-item-align-left wpr-pointer-none wpr-pointer-line-fx wpr-pointer-fx-fade\"><div class=\"inner-block\"><a target=\"_self\"   href=\"https:\/\/kukkakauppapuntti.fi\/sv\/produkt\/orkide-4-blommig-vaxt\/\">Orkid\u00e9, 4-blommig v\u00e4xt<\/a><\/div><\/h2><div class=\"wpr-grid-item-price elementor-repeater-item-834c431 wpr-grid-item-display-block wpr-grid-item-align-left\"><div class=\"inner-block\"><span><span class=\"woocommerce-Price-amount amount\" aria-hidden=\"true\">44,00&nbsp;<span class=\"woocommerce-Price-currencySymbol\">&euro;<\/span><\/span> <span aria-hidden=\"true\">\u2013<\/span> <span class=\"woocommerce-Price-amount amount\" aria-hidden=\"true\">52,00&nbsp;<span class=\"woocommerce-Price-currencySymbol\">&euro;<\/span><\/span><span class=\"screen-reader-text\">Prisintervall: 44,00&nbsp;&euro; till 52,00&nbsp;&euro;<\/span><\/span><\/div><\/div><div class=\"wpr-grid-item-add-to-cart elementor-repeater-item-7ced683 wpr-grid-item-display-block wpr-grid-item-align-left\"><div class=\"inner-block\"><a rel=\"nofollow\" class=\"product_type_variable add_to_cart_button wpr-button-effect wpr-button-none \" aria-label=\"V\u00e4lj alternativ f\u00f6r \u201dOrkid\u00e9, 4-blommig v\u00e4xt\u201d\" data-product_id=\"3915\" data-product_sku=\"\" data-atc-popup=\"\" data-atc-animation=\"\" data-atc-fade-out-in=\"\" data-atc-animation-time=\"\" href=\"https:\/\/kukkakauppapuntti.fi\/sv\/produkt\/orkide-4-blommig-vaxt\/\"><span>V\u00e4lj bland alternativen<\/span><\/a><\/div><\/div><\/div><\/div><\/article><article class=\"wpr-grid-item elementor-clearfix post-3419 product type-product status-publish has-post-thumbnail product_cat-blommor-i-kruka desktop-align-left tablet-align-left mobile-align-left  instock taxable shipping-taxable purchasable product-type-simple\"><div class=\"wpr-grid-item-inner\"><div class=\"wpr-grid-media-wrap wpr-effect-size-medium \" data-overlay-link=\"yes\"><div class=\"wpr-grid-image-wrap\" data-src=\"https:\/\/kukkakauppapuntti.fi\/wp-content\/uploads\/elementor\/thumbs\/pitkalehtiviikuna-scaled-rezbex2pfr5eclf31rl93pjugazaw9asb0uqlt2h0g.jpg\"  data-img-on-hover=\"\" data-src-secondary=\"\"><img decoding=\"async\" src=\"https:\/\/kukkakauppapuntti.fi\/wp-content\/uploads\/elementor\/thumbs\/pitkalehtiviikuna-scaled-rezbex2pfr5eclf31rl93pjugazaw9asb0uqlt2h0g.jpg\" alt=\"{&quot;remix_data&quot;:[],&quot;remix_entry_point&quot;:&quot;challenges&quot;,&quot;source_tags&quot;:[&quot;local&quot;],&quot;origin&quot;:&quot;unknown&quot;,&quot;total_draw_time&quot;:0,&quot;total_draw_actions&quot;:0,&quot;layers_used&quot;:0,&quot;brushes_used&quot;:0,&quot;photos_added&quot;:0,&quot;total_editor_actions&quot;:{},&quot;tools_used&quot;:{&quot;curves&quot;:1,&quot;remove_bg&quot;:1},&quot;is_sticker&quot;:false,&quot;edited_since_last_sticker_save&quot;:true,&quot;containsFTESticker&quot;:false}\" class=\"wpr-anim-timing-ease-default\"><\/div><div class=\"wpr-grid-media-hover wpr-animation-wrap\"><div class=\"wpr-grid-media-hover-bg  wpr-overlay-fade-in wpr-anim-size-large wpr-anim-timing-ease-default wpr-anim-transparency\" data-url=\"https:\/\/kukkakauppapuntti.fi\/sv\/produkt\/longleaf-veckan\/\"><\/div><div class=\"wpr-cv-container\"><div class=\"wpr-cv-outer\"><div class=\"wpr-cv-inner\"><div class=\"wpr-grid-media-hover-middle elementor-clearfix\"><div class=\"wpr-grid-item-status elementor-repeater-item-635a688 wpr-grid-item-display-block wpr-grid-item-align-middle wpr-element-fade-in wpr-anim-size-large wpr-anim-timing-ease-default wpr-anim-transparency\"><div class=\"inner-block\"><\/div><\/div><\/div><\/div><\/div><\/div><\/div><\/div><div class=\"wpr-grid-item-below-content elementor-clearfix\"><h2 class=\"wpr-grid-item-title elementor-repeater-item-e911fa4 wpr-grid-item-display-block wpr-grid-item-align-left wpr-pointer-none wpr-pointer-line-fx wpr-pointer-fx-fade\"><div class=\"inner-block\"><a target=\"_self\"   href=\"https:\/\/kukkakauppapuntti.fi\/sv\/produkt\/longleaf-veckan\/\">Longleaf-veckan<\/a><\/div><\/h2><div class=\"wpr-grid-item-price elementor-repeater-item-834c431 wpr-grid-item-display-block wpr-grid-item-align-left\"><div class=\"inner-block\"><span><span class=\"woocommerce-Price-amount amount\">26,00&nbsp;<span class=\"woocommerce-Price-currencySymbol\">&euro;<\/span><\/span><\/span><\/div><\/div><div class=\"wpr-grid-item-add-to-cart elementor-repeater-item-7ced683 wpr-grid-item-display-block wpr-grid-item-align-left\"><div class=\"inner-block\"><a rel=\"nofollow\" class=\"product_type_simple add_to_cart_button ajax_add_to_cart wpr-button-effect wpr-button-none \" aria-label=\"L\u00e4gg till i varukorgen: \u201dLongleaf-veckan\u201d\" data-product_id=\"3419\" data-product_sku=\"\" data-atc-popup=\"\" data-atc-animation=\"\" data-atc-fade-out-in=\"\" data-atc-animation-time=\"\" href=\"https:\/\/kukkakauppapuntti.fi\/sv\/produkt\/longleaf-veckan\/\/?add-to-cart=3419\"><span>L\u00e4gg till i varukorgen<\/span><\/a><\/div><\/div><\/div><\/div><\/article><article class=\"wpr-grid-item elementor-clearfix post-1573 product type-product status-publish has-post-thumbnail product_cat-blommor-i-kruka desktop-align-left tablet-align-left mobile-align-left last instock taxable shipping-taxable purchasable product-type-simple\"><div class=\"wpr-grid-item-inner\"><div class=\"wpr-grid-media-wrap wpr-effect-size-medium \" data-overlay-link=\"yes\"><div class=\"wpr-grid-image-wrap\" data-src=\"https:\/\/kukkakauppapuntti.fi\/wp-content\/uploads\/elementor\/thumbs\/thumbnail-15-rezbey0jml6oo7dpw9zvo7bb1ouo3yein5i83312u8.jpg\"  data-img-on-hover=\"\" data-src-secondary=\"\"><img decoding=\"async\" src=\"https:\/\/kukkakauppapuntti.fi\/wp-content\/uploads\/elementor\/thumbs\/thumbnail-15-rezbey0jml6oo7dpw9zvo7bb1ouo3yein5i83312u8.jpg\" alt=\"Vit orkid\u00e9\" class=\"wpr-anim-timing-ease-default\"><\/div><div class=\"wpr-grid-media-hover wpr-animation-wrap\"><div class=\"wpr-grid-media-hover-bg  wpr-overlay-fade-in wpr-anim-size-large wpr-anim-timing-ease-default wpr-anim-transparency\" data-url=\"https:\/\/kukkakauppapuntti.fi\/sv\/produkt\/vit-orkide\/\"><\/div><div class=\"wpr-cv-container\"><div class=\"wpr-cv-outer\"><div class=\"wpr-cv-inner\"><div class=\"wpr-grid-media-hover-middle elementor-clearfix\"><div class=\"wpr-grid-item-status elementor-repeater-item-635a688 wpr-grid-item-display-block wpr-grid-item-align-middle wpr-element-fade-in wpr-anim-size-large wpr-anim-timing-ease-default wpr-anim-transparency\"><div class=\"inner-block\"><\/div><\/div><\/div><\/div><\/div><\/div><\/div><\/div><div class=\"wpr-grid-item-below-content elementor-clearfix\"><h2 class=\"wpr-grid-item-title elementor-repeater-item-e911fa4 wpr-grid-item-display-block wpr-grid-item-align-left wpr-pointer-none wpr-pointer-line-fx wpr-pointer-fx-fade\"><div class=\"inner-block\"><a target=\"_self\"   href=\"https:\/\/kukkakauppapuntti.fi\/sv\/produkt\/vit-orkide\/\">Vit orkid\u00e9<\/a><\/div><\/h2><div class=\"wpr-grid-item-price elementor-repeater-item-834c431 wpr-grid-item-display-block wpr-grid-item-align-left\"><div class=\"inner-block\"><span><span class=\"woocommerce-Price-amount amount\">35,00&nbsp;<span class=\"woocommerce-Price-currencySymbol\">&euro;<\/span><\/span><\/span><\/div><\/div><div class=\"wpr-grid-item-add-to-cart elementor-repeater-item-7ced683 wpr-grid-item-display-block wpr-grid-item-align-left\"><div class=\"inner-block\"><a rel=\"nofollow\" class=\"product_type_simple add_to_cart_button ajax_add_to_cart wpr-button-effect wpr-button-none \" aria-label=\"L\u00e4gg till i varukorgen: \u201dVit orkid\u00e9\u201d\" data-product_id=\"1573\" data-product_sku=\"936165\" data-atc-popup=\"\" data-atc-animation=\"\" data-atc-fade-out-in=\"\" data-atc-animation-time=\"\" href=\"https:\/\/kukkakauppapuntti.fi\/sv\/produkt\/vit-orkide\/\/?add-to-cart=1573\"><span>L\u00e4gg till i varukorgen<\/span><\/a><\/div><\/div><\/div><\/div><\/article><article class=\"wpr-grid-item elementor-clearfix post-1509 product type-product status-publish has-post-thumbnail product_cat-blommor-i-kruka desktop-align-left tablet-align-left mobile-align-left first instock taxable shipping-taxable purchasable product-type-variable\"><div class=\"wpr-grid-item-inner\"><div class=\"wpr-grid-media-wrap wpr-effect-size-medium \" data-overlay-link=\"yes\"><div class=\"wpr-grid-image-wrap\" data-src=\"https:\/\/kukkakauppapuntti.fi\/wp-content\/uploads\/elementor\/thumbs\/20231103_195016-rezbey0jml6oo7dpw9zvo7bb1ouo3yein5i83312u8.jpg\"  data-img-on-hover=\"\" data-src-secondary=\"\"><img decoding=\"async\" src=\"https:\/\/kukkakauppapuntti.fi\/wp-content\/uploads\/elementor\/thumbs\/20231103_195016-rezbey0jml6oo7dpw9zvo7bb1ouo3yein5i83312u8.jpg\" alt=\"Pengar tr\u00e4d\" class=\"wpr-anim-timing-ease-default\"><\/div><div class=\"wpr-grid-media-hover wpr-animation-wrap\"><div class=\"wpr-grid-media-hover-bg  wpr-overlay-fade-in wpr-anim-size-large wpr-anim-timing-ease-default wpr-anim-transparency\" data-url=\"https:\/\/kukkakauppapuntti.fi\/sv\/produkt\/pengar-trad\/\"><\/div><div class=\"wpr-cv-container\"><div class=\"wpr-cv-outer\"><div class=\"wpr-cv-inner\"><div class=\"wpr-grid-media-hover-middle elementor-clearfix\"><div class=\"wpr-grid-item-status elementor-repeater-item-635a688 wpr-grid-item-display-block wpr-grid-item-align-middle wpr-element-fade-in wpr-anim-size-large wpr-anim-timing-ease-default wpr-anim-transparency\"><div class=\"inner-block\"><\/div><\/div><\/div><\/div><\/div><\/div><\/div><\/div><div class=\"wpr-grid-item-below-content elementor-clearfix\"><h2 class=\"wpr-grid-item-title elementor-repeater-item-e911fa4 wpr-grid-item-display-block wpr-grid-item-align-left wpr-pointer-none wpr-pointer-line-fx wpr-pointer-fx-fade\"><div class=\"inner-block\"><a target=\"_self\"   href=\"https:\/\/kukkakauppapuntti.fi\/sv\/produkt\/pengar-trad\/\">Pengar tr\u00e4d<\/a><\/div><\/h2><div class=\"wpr-grid-item-price elementor-repeater-item-834c431 wpr-grid-item-display-block wpr-grid-item-align-left\"><div class=\"inner-block\"><span><span class=\"woocommerce-Price-amount amount\" aria-hidden=\"true\">12,50&nbsp;<span class=\"woocommerce-Price-currencySymbol\">&euro;<\/span><\/span> <span aria-hidden=\"true\">\u2013<\/span> <span class=\"woocommerce-Price-amount amount\" aria-hidden=\"true\">22,00&nbsp;<span class=\"woocommerce-Price-currencySymbol\">&euro;<\/span><\/span><span class=\"screen-reader-text\">Prisintervall: 12,50&nbsp;&euro; till 22,00&nbsp;&euro;<\/span><\/span><\/div><\/div><div class=\"wpr-grid-item-add-to-cart elementor-repeater-item-7ced683 wpr-grid-item-display-block wpr-grid-item-align-left\"><div class=\"inner-block\"><a rel=\"nofollow\" class=\"product_type_variable add_to_cart_button wpr-button-effect wpr-button-none \" aria-label=\"V\u00e4lj alternativ f\u00f6r \u201dPengar tr\u00e4d\u201d\" data-product_id=\"1509\" data-product_sku=\"1193951\" data-atc-popup=\"\" data-atc-animation=\"\" data-atc-fade-out-in=\"\" data-atc-animation-time=\"\" href=\"https:\/\/kukkakauppapuntti.fi\/sv\/produkt\/pengar-trad\/\"><span>V\u00e4lj bland alternativen<\/span><\/a><\/div><\/div><\/div><\/div><\/article><\/section>\t\t\t\t<\/div>\n\t\t\t\t<\/div>\n\t\t\t\t\t<\/div>\n\t\t\t\t<\/div>\n\t\t\t\t<\/div>\n\t\t","protected":false},"excerpt":{"rendered":"<p>Blommor i kruka Utbudet av krukv\u00e4xter varierar beroende p\u00e5 \u00e5rstid. Alla Ruukkukukat Kultaimarre 25,00&nbsp;&euro;L\u00e4gg till i varukorgen Kumiviikuna 38,00&nbsp;&euro;L\u00e4gg till i varukorgen Palmuvehka 16,50&nbsp;&euro;L\u00e4gg till i varukorgen Orkidea, 4-kukkavanaa 44,00&nbsp;&euro; - 52,00&nbsp;&euro;V\u00e4lj bland alternativen Pitk\u00e4lehtiviikuna 26,00&nbsp;&euro;L\u00e4gg till i varukorgen Sulkasaniainen 8,50&nbsp;&euro;L\u00e4gg till i varukorgen Rahapuu 12,50&nbsp;&euro; - 22,00&nbsp;&euro;V\u00e4lj bland alternativen<\/p>\n","protected":false},"author":1,"featured_media":0,"parent":0,"menu_order":0,"comment_status":"closed","ping_status":"closed","template":"","meta":{"site-sidebar-layout":"no-sidebar","site-content-layout":"","ast-site-content-layout":"full-width-container","site-content-style":"default","site-sidebar-style":"default","ast-global-header-display":"","ast-banner-title-visibility":"","ast-main-header-display":"","ast-hfb-above-header-display":"","ast-hfb-below-header-display":"","ast-hfb-mobile-header-display":"","site-post-title":"disabled","ast-breadcrumbs-content":"","ast-featured-img":"disabled","footer-sml-layout":"","ast-disable-related-posts":"","theme-transparent-header-meta":"","adv-header-id-meta":"","stick-header-meta":"","header-above-stick-meta":"","header-main-stick-meta":"","header-below-stick-meta":"","astra-migrate-meta-layouts":"default","ast-page-background-enabled":"default","ast-page-background-meta":{"desktop":{"background-color":"var(--ast-global-color-4)","background-image":"","background-repeat":"repeat","background-position":"center center","background-size":"auto","background-attachment":"scroll","background-type":"","background-media":"","overlay-type":"","overlay-color":"","overlay-opacity":"","overlay-gradient":""},"tablet":{"background-color":"","background-image":"","background-repeat":"repeat","background-position":"center center","background-size":"auto","background-attachment":"scroll","background-type":"","background-media":"","overlay-type":"","overlay-color":"","overlay-opacity":"","overlay-gradient":""},"mobile":{"background-color":"","background-image":"","background-repeat":"repeat","background-position":"center center","background-size":"auto","background-attachment":"scroll","background-type":"","background-media":"","overlay-type":"","overlay-color":"","overlay-opacity":"","overlay-gradient":""}},"ast-content-background-meta":{"desktop":{"background-color":"var(--ast-global-color-5)","background-image":"","background-repeat":"repeat","background-position":"center center","background-size":"auto","background-attachment":"scroll","background-type":"","background-media":"","overlay-type":"","overlay-color":"","overlay-opacity":"","overlay-gradient":""},"tablet":{"background-color":"var(--ast-global-color-5)","background-image":"","background-repeat":"repeat","background-position":"center center","background-size":"auto","background-attachment":"scroll","background-type":"","background-media":"","overlay-type":"","overlay-color":"","overlay-opacity":"","overlay-gradient":""},"mobile":{"background-color":"var(--ast-global-color-5)","background-image":"","background-repeat":"repeat","background-position":"center center","background-size":"auto","background-attachment":"scroll","background-type":"","background-media":"","overlay-type":"","overlay-color":"","overlay-opacity":"","overlay-gradient":""}},"footnotes":""},"class_list":["post-1276","page","type-page","status-publish","hentry","desktop-align-left","tablet-align-left","mobile-align-left"],"_links":{"self":[{"href":"https:\/\/kukkakauppapuntti.fi\/sv\/wp-json\/wp\/v2\/pages\/1276","targetHints":{"allow":["GET"]}}],"collection":[{"href":"https:\/\/kukkakauppapuntti.fi\/sv\/wp-json\/wp\/v2\/pages"}],"about":[{"href":"https:\/\/kukkakauppapuntti.fi\/sv\/wp-json\/wp\/v2\/types\/page"}],"author":[{"embeddable":true,"href":"https:\/\/kukkakauppapuntti.fi\/sv\/wp-json\/wp\/v2\/users\/1"}],"replies":[{"embeddable":true,"href":"https:\/\/kukkakauppapuntti.fi\/sv\/wp-json\/wp\/v2\/comments?post=1276"}],"version-history":[{"count":5,"href":"https:\/\/kukkakauppapuntti.fi\/sv\/wp-json\/wp\/v2\/pages\/1276\/revisions"}],"predecessor-version":[{"id":5131,"href":"https:\/\/kukkakauppapuntti.fi\/sv\/wp-json\/wp\/v2\/pages\/1276\/revisions\/5131"}],"wp:attachment":[{"href":"https:\/\/kukkakauppapuntti.fi\/sv\/wp-json\/wp\/v2\/media?parent=1276"}],"curies":[{"name":"wp","href":"https:\/\/api.w.org\/{rel}","templated":true}]}}