{"id":1249,"date":"2024-10-03T09:43:45","date_gmt":"2024-10-03T09:43:45","guid":{"rendered":"https:\/\/kukkakauppapuntti-fi.vserver.zonevs.eu\/verkkokaupan-sopimusehdot\/"},"modified":"2024-10-23T07:35:35","modified_gmt":"2024-10-23T07:35:35","slug":"verkkokaupan-sopimusehdot","status":"publish","type":"page","link":"https:\/\/kukkakauppapuntti.fi\/sv\/verkkokaupan-sopimusehdot\/","title":{"rendered":"Verkkokaupan sopimusehdot"},"content":{"rendered":"\n<p>\n          <strong>Webbutik<\/strong>\n        <\/p>\n\n<p>Kukkakauppa Puntti Oy (Y-0987876-8, Tavastv\u00e4gen 111, 00560 Helsingfors, tel.09-710073, toimisto@kukkakauppapuntti.fi) s\u00e4ljer produkter till vuxna privatpersoner och f\u00f6retag i Finland och EU. Priserna p\u00e5 produkterna inkluderar moms. Vi f\u00f6rbeh\u00e5ller oss r\u00e4tten att \u00e4ndra priser och leveransavgifter.<\/p>\n\n<p>\n          <strong>Tilaaminen<\/strong>\n        <\/p>\n\n<p>Tuotteet tilataan verkkokaupan kotisivuilla siirt\u00e4m\u00e4ll\u00e4 ne ostoskoriin ja maksamalla ostoskorin sis\u00e4lt\u00f6 kassapalvelussa. Kaikki asiakastiedot k\u00e4sitell\u00e4\u00e4n luottamuksellisesti. Tilauksen yhteydess\u00e4 kysyttyj\u00e4 yhteystietoja ei k\u00e4ytet\u00e4 muuhun kuin tilauksen toimitukseen tai siin\u00e4 ilmenevien ep\u00e4selvyyksien selvitt\u00e4miseen, ellei erikseen toisin mainita. Tilatessasi verkkokaupasta sinun edellytet\u00e4\u00e4n tutustuneen ja sitoutuneen kulloinkin voimassa oleviin toimitusehtoihin.   <\/p>\n\n<p>\n          <strong>Tuotetiedot<\/strong>\n        <\/p>\n\n<p>Klikkaamalla tuotetta saat siit\u00e4 lis\u00e4tietoja kuten v\u00e4ri- tai kokovaihtoehdot. Kuvan saat suuremmaksi klikkaamalla sit\u00e4. <\/p>\n\n<p>Pyrimme aina tekem\u00e4\u00e4n kimput tai asetelmat kuvien mukaisiksi, mutta mik\u00e4li vuodenajasta, sesongista tai muusta vastaavasta syyst\u00e4 tilaamiasi kukkia ei ole saatavilla, saat tilalle parhaiten vastaavat, samanarvoiset kukat.<\/p>\n\n<p>Huomioi, ett\u00e4 toiselle paikkakunnalle tai ulkomaille tehdyt kukkav\u00e4litykset saattavat poiketa huomattavastikin kuvissa esitetyist\u00e4. Koska toimittajana on paikallinen kukkakauppa, lopputulokseen vaikuttavat niin kukkakaupan valikoima, vuodenaika kuin toteuttavan floristin tyylikin. <\/p>\n\n<p>\n          <strong>Kundvagn<\/strong>\n        <\/p>\n\n<p>Kun olet siirt\u00e4nyt tilaamasi kukat ostoskoriin, voit viel\u00e4 siell\u00e4 muuttaa kappalem\u00e4\u00e4ri\u00e4 tai perua tuotteen. Ostoskorista n\u00e4et mit\u00e4 olet tilaamassa. <\/p>\n\n<p>\n          <strong>Tilaajan ja vastaanottajan tiedot<\/strong>\n        <\/p>\n\n<p>T\u00e4ytt\u00e4m\u00e4ll\u00e4 tilaajan ja vastaanottajan tiedot huolellisesti varmistat, ett\u00e4 tilauksesi toimitetaan oikein. Mik\u00e4li vastaanottajan osoite on eri kuin tilaajan, on sille varattu oma t\u00e4ytett\u00e4v\u00e4 kohta (vaihtoehtoinen toimitusosoite). Huomioi toimitusaika ja korttiteksti. Voit my\u00f6s antaa lis\u00e4tietosarakkeessa ohjeita floristille tai l\u00e4hetille.   <\/p>\n\n<p>\n          <strong>Toimitusajat<\/strong>\n        <\/p>\n\n<p>Tilaukset pyrit\u00e4\u00e4n toimittamaan haluamanasi ajankohtana. Suosittelemme, ett\u00e4 teet tilauksesi viimeist\u00e4\u00e4n edellisen\u00e4 p\u00e4iv\u00e4n\u00e4. Suru- ja h\u00e4\u00e4tilaukset v\u00e4hint\u00e4\u00e4n 3 arkip\u00e4iv\u00e4\u00e4 aikaisemmin.  <\/p>\n\n<p>ARKIPYHIN\u00c4 JA SUNNUNTAISIN EI OLE KULJETUKSIA.<\/p>\n\n<p>Mik\u00e4li olet my\u00f6h\u00e4ss\u00e4, soita ja varmista onnistuuko tilaus viel\u00e4.<\/p>\n\n<ul class=\"wp-block-list\">\n<li>Kotiosoitteeseen ennen klo 14.00 (ma-pe) tehdyt tilaukset, toimitetaan saman p\u00e4iv\u00e4n aikana klo 20.00 menness\u00e4.<\/li>\n\n\n\n<li>Lauantain saman p\u00e4iv\u00e4n toimitukset tilattava ennen klo 10.00.<\/li>\n\n\n\n<li>Yrityksiin ennen klo 12.00 tehdyt tilaukset toimitetaan saman p\u00e4iv\u00e4 aikana klo 16.00 menness\u00e4.<\/li>\n<\/ul>\n\n<p>Tarkkaa kellonaikaa toimituksille emme voi vahvistaa, mutta pyrimme toteuttamaan toiveet. Sesonkiaikaan ja juhlapyhien alla kuljetus saattaa ruuhkautua, jolloin toimitamme tilauksesi perille viimeist\u00e4\u00e4n seuraavana arkip\u00e4iv\u00e4n\u00e4 tilauksestasi. Mik\u00e4li haluat varmistaa toimituksen toivomallesi p\u00e4iv\u00e4lle tai kellonajalle, tee tilaus ajoissa. Mit\u00e4 aikaisemmin tilauksesi teet, sit\u00e4 paremmin pystymme toteuttamaan toiveesi.   <\/p>\n\n<p>Surulaitteet toimitamme aina reilusti ennen tilaisuuden alkua sovittuun paikkaan.<\/p>\n\n<p>Mik\u00e4li tilaamasi tuote toimitetaan p\u00e4\u00e4kaupunkiseudun ulkopuolelle muualle Suomeen tai ulkomaille, v\u00e4lit\u00e4mme tilauksesi vastaanottajaa l\u00e4hinn\u00e4 olevaan Interflora kukkakauppaan. Toimitus tapahtuu heid\u00e4n j\u00e4rjest\u00e4m\u00e4ll\u00e4\u00e4n kuljetuksella sek\u00e4 heid\u00e4n aikataulujensa mukaisesti. Mik\u00e4li kyseinen kukkakauppa veloittaa kuljetuslis\u00e4n syrj\u00e4isen toimitusosoitteen vuoksi, <strong>v\u00e4hennet\u00e4\u00e4n t\u00e4m\u00e4 summa kukkien arvosta tai joudumme perin\u00e4\u00e4n t\u00e4m\u00e4n kulun j\u00e4lkik\u00e4teen<\/strong>.  <\/p>\n\n<p>Emme vastaa ylivoimaisen esteen aiheuttamista viiv\u00e4stymisist\u00e4 tai viiv\u00e4stysten aiheuttamista v\u00e4lillisist\u00e4 haitoista.<\/p>\n\n<p>\n          <strong>Toimitustavat ja kulut<\/strong>\n        <\/p>\n\n<p>Voit valita haluatko noutaa kukat Puntti liikkeest\u00e4 tai voit antaa meid\u00e4n hoitaa kuljetukset.<\/p>\n\n<ul class=\"wp-block-list\">\n<li>Nouto Puntti liikkeest\u00e4 0\u20ac<\/li>\n\n\n\n<li>Kuljetukset Helsingin alueelle 10\u20ac \/ osoite.<\/li>\n\n\n\n<li>Kuljetukset Espoo, Kauniainen, Vantaa alueelle 15\u20ac \/ osoite<\/li>\n<\/ul>\n\n<p>Verkkokaupassa myyt\u00e4vi\u00e4 tuotteita toimitetaan omista liikkeest\u00e4 ainoastaan p\u00e4\u00e4kaupunkiseudulle.<\/p>\n\n<p>Muualle Suomeen sek\u00e4 ulkomaille menev\u00e4t tuotteet toimitetaan vastaanottajaa l\u00e4hinn\u00e4 olevasta Interflora kukkakaupasta (Kts. yll\u00e4 toimitusajat.) <strong>VARMISTA KULUT LIIKEIST\u00c4MME ENNEN TILAUSTA<\/strong><\/p>\n\n<h2 class=\"wp-block-heading\">Maksutapahtumat<\/h2>\n\n<p>Kaikki maksutapahtumat menev\u00e4t Paytrailin maksuv\u00e4lityspalvelun kautta.<\/p>\n\n<h2 class=\"wp-block-heading\">Pankkimaksut<\/h2>\n\n<p>K\u00e4yt\u00f6ss\u00e4si on kaikkien suomalaisten pankkien maksupainikkeet. Voit maksaa Aktian, Danske Bankin, Handelsbankenin, Nordean, Oma S\u00e4\u00e4st\u00f6pankin, Osuuspankin, POP-pankin, S\u00e4\u00e4st\u00f6pankin, S-pankin ja \u00c5landsbankenin maksupainikkeilla. Tiliotteellasi maksunsaajana n\u00e4kyy Checkout Finland Oy, me v\u00e4lit\u00e4mme maksusi verkkokauppiaalle. Verkkokaupasta sinut ohjataan suoraan omaan pankkiisi suorittamaan maksu turvallisesti.   <\/p>\n\n<p>Checkout Finland tarjoaa my\u00f6s mahdollisuuden maksaa tilisiirtolomakkeella.<\/p>\n\n<h2 class=\"wp-block-heading\">Luottokorttimaksut<\/h2>\n\n<p>Voit maksaa verkkokaupassa Visa-, Visa Debit-, Visa Electron-, MasterCard-, Debit MasterCard -korteilla. Verkkokaupassa ovat k\u00e4yt\u00f6ss\u00e4 kansainv\u00e4liset Verified by Visa -, MasterCard SecureCode \u2013 ja American Express SafeKey -todentamispalvelut. <\/p>\n\n<p>Checkout n\u00e4kyy maksun saajana korttilaskulla ja v\u00e4litt\u00e4\u00e4 asiakkaan maksaman maksukorttimaksun suoraan kauppiaalle. Korttimaksaminen tapahtuu turvallisesti suojatulla maksulomakkeella eik\u00e4 maksukortin tietoja tallenneta verkkokaupan j\u00e4rjestelmiin. <\/p>\n\n<h2 class=\"wp-block-heading\">Mobiilimaksutavat<\/h2>\n\n<p>Mobiilimaksutavat: Paytraililla toimiva palvelu, jolla voi maksaa verkko-ostoksia tilisiirtona tililt\u00e4\u00e4n tai korttimaksuna kortiltaan hyv\u00e4ksym\u00e4ll\u00e4 maksun kyseisess\u00e4 sovelluksessa.<\/p>\n\n<h3 class=\"wp-block-heading\">\u00d6verf\u00f6ring till<\/h3>\n\n<p>Villkor som g\u00e4ller \u00f6verf\u00f6ringsavgifter:<br\/><strong><a href=\"https:\/\/uusi.op.fi\/tac?did=Hemak0000002717&amp;cs=7f653641d3fb31069e9e2eb71e9f141460575b214e26ed07a802a3c54e87b77a\">OP:s allm\u00e4nna villkor f\u00f6r eurobetalningar<\/a><br\/><\/strong><strong><a href=\"https:\/\/www.nordea.fi\/Images\/146-173247\/siirto-ehdot-fi.pdf\">Allm\u00e4nna villkor f\u00f6r anv\u00e4ndning av Nordeas \u00f6verf\u00f6ringstj\u00e4nst.<\/a><br\/><\/strong><a href=\"https:\/\/dokumentit.s-pankki.fi\/tiedostot\/siirto-ehdot-fi\">Villkor f\u00f6r anv\u00e4ndning av S-Pankens \u00f6verf\u00f6ringstj\u00e4nst.<\/a><\/p>\n\n<h2 class=\"wp-block-heading\"><\/h2>\n\n<h2 class=\"wp-block-heading\">Faktureringstj\u00e4nst<\/h2>\n\n<p><strong>DIREKTFACTURERING<\/strong> \u00e4r endast tillg\u00e4ngligt f\u00f6r f\u00f6retagskunder som har ett avtal med oss. Om du inte \u00e4r en fakturerande kund, v\u00e4nligen kontakta oss innan du g\u00f6r en best\u00e4llning. Vi tar ut en expeditionsavgift p\u00e5 5 \u20ac f\u00f6r fakturering.  <\/p>\n\n<p>\n          <strong>Order- och betalningsbekr\u00e4ftelse<\/strong>\n        <\/p>\n\n<p>Efter en lyckad best\u00e4llning skickas en orderbekr\u00e4ftelse till din e-postadress. F\u00f6r att kunna skicka bekr\u00e4ftelsemeddelanden m\u00e5ste du ange din e-postadress n\u00e4r du g\u00f6r din best\u00e4llning. <\/p>\n\n<p>\n          <strong>Priserna<\/strong>\n        <\/p>\n\n<p>Priserna i webbutiken g\u00e4ller endast f\u00f6r produkter och tj\u00e4nster som best\u00e4lls fr\u00e5n webbutiken. Priserna i butikerna kan skilja sig \u00e5t. <\/p>\n\n<p>\n          <strong>\u00c5terl\u00e4mna en felaktig eller skadad produkt<\/strong>\n        <\/p>\n\n<p>Om produkten skadas under transporten eller om dess kvalitet inte motsvarar dina f\u00f6rv\u00e4ntningar, m\u00e5ste en reklamation g\u00f6ras omedelbart efter leveransen. Eftersom det r\u00f6r sig om ett levande material kan vi inte behandla reklamationer som inkommer efter sista inl\u00e4mningsdag. Om vi \u00e4r ansvariga f\u00f6r kvalitetsproblemet kommer vi att leverera nya blommor till mottagaren utan kostnad.  <\/p>\n\n<p>\n          <strong>Korrektheten i den information som tillhandah\u00e5lls<\/strong>\n        <\/p>\n\n<p>Kunden \u00e4r ansvarig f\u00f6r att den information som l\u00e4mnas \u00e4r korrekt. Kukkakauppa Puntti Oy \u00e4r inte ansvarigt om produkten inte kan levereras p\u00e5 grund av felaktig eller ofullst\u00e4ndig adress, d\u00f6rrkod eller telefonnummer som kunden har angett. Om produkten inte kan levereras p\u00e5 grund av felaktig information kommer Kukkakauppa Puntti Oy inte att \u00e5terbetala priset f\u00f6r produkten och transporten till kunden och kommer inte att kompensera kunden eller n\u00e5gon tredje part f\u00f6r eventuella skador som orsakats.  <\/p>\n\n<p>\n          <strong>Annullering av en order<\/strong>\n        <\/p>\n\n<p>Om du vill avbest\u00e4lla din best\u00e4llning kan du g\u00f6ra det 24 timmar f\u00f6re leverans utan kostnad. \u00c5terbetalning sker i enlighet med det betalningsmedel som anv\u00e4nts. Produkterna tillverkas alltid p\u00e5 best\u00e4llning och enligt kundens \u00f6nskem\u00e5l, vilket inneb\u00e4r att det kanske inte \u00e4r m\u00f6jligt att s\u00e4lja produkterna vidare utan betydande f\u00f6rluster, och d\u00e4rf\u00f6r finns det ingen returr\u00e4tt enligt konsumentskyddslagen.  <\/p>\n","protected":false},"excerpt":{"rendered":"<p>Webbutik Kukkakauppa Puntti Oy (Y-0987876-8, Tavastv\u00e4gen 111, 00560 Helsingfors, tel.09-710073, toimisto@kukkakauppapuntti.fi) s\u00e4ljer produkter till vuxna privatpersoner och f\u00f6retag i Finland och EU. Priserna p\u00e5 produkterna inkluderar moms. Vi f\u00f6rbeh\u00e5ller oss r\u00e4tten att \u00e4ndra priser och leveransavgifter. Tilaaminen Tuotteet tilataan verkkokaupan kotisivuilla siirt\u00e4m\u00e4ll\u00e4 ne ostoskoriin ja maksamalla ostoskorin sis\u00e4lt\u00f6 kassapalvelussa. Kaikki asiakastiedot k\u00e4sitell\u00e4\u00e4n luottamuksellisesti. Tilauksen yhteydess\u00e4 kysyttyj\u00e4 yhteystietoja ei k\u00e4ytet\u00e4 muuhun kuin tilauksen toimitukseen tai siin\u00e4 ilmenevien ep\u00e4selvyyksien selvitt\u00e4miseen, ellei erikseen toisin mainita. Tilatessasi verkkokaupasta sinun edellytet\u00e4\u00e4n tutustuneen ja sitoutuneen kulloinkin voimassa oleviin toimitusehtoihin. Tuotetiedot Klikkaamalla tuotetta saat siit\u00e4 lis\u00e4tietoja kuten v\u00e4ri- tai kokovaihtoehdot. Kuvan saat suuremmaksi klikkaamalla sit\u00e4. Pyrimme aina tekem\u00e4\u00e4n kimput tai asetelmat kuvien mukaisiksi, mutta mik\u00e4li vuodenajasta, sesongista tai muusta vastaavasta syyst\u00e4 tilaamiasi kukkia ei ole saatavilla, saat tilalle parhaiten vastaavat, samanarvoiset kukat. Huomioi, ett\u00e4 toiselle paikkakunnalle tai ulkomaille tehdyt kukkav\u00e4litykset saattavat poiketa huomattavastikin kuvissa esitetyist\u00e4. Koska toimittajana on paikallinen kukkakauppa, lopputulokseen vaikuttavat niin kukkakaupan valikoima, vuodenaika kuin toteuttavan floristin tyylikin. Kundvagn Kun olet siirt\u00e4nyt tilaamasi kukat ostoskoriin, voit viel\u00e4 siell\u00e4 muuttaa kappalem\u00e4\u00e4ri\u00e4 tai perua tuotteen. Ostoskorista n\u00e4et mit\u00e4 olet tilaamassa. Tilaajan ja vastaanottajan tiedot T\u00e4ytt\u00e4m\u00e4ll\u00e4 tilaajan ja vastaanottajan tiedot huolellisesti varmistat, ett\u00e4 tilauksesi toimitetaan oikein. Mik\u00e4li vastaanottajan osoite on eri kuin tilaajan, on sille varattu oma t\u00e4ytett\u00e4v\u00e4 kohta (vaihtoehtoinen toimitusosoite). Huomioi toimitusaika ja korttiteksti. Voit my\u00f6s antaa lis\u00e4tietosarakkeessa ohjeita floristille tai l\u00e4hetille. Toimitusajat Tilaukset pyrit\u00e4\u00e4n toimittamaan haluamanasi ajankohtana. Suosittelemme, ett\u00e4 teet tilauksesi viimeist\u00e4\u00e4n edellisen\u00e4 p\u00e4iv\u00e4n\u00e4. Suru- ja h\u00e4\u00e4tilaukset v\u00e4hint\u00e4\u00e4n 3 arkip\u00e4iv\u00e4\u00e4 aikaisemmin. ARKIPYHIN\u00c4 JA SUNNUNTAISIN EI OLE KULJETUKSIA. Mik\u00e4li olet my\u00f6h\u00e4ss\u00e4, soita ja varmista onnistuuko tilaus viel\u00e4. Tarkkaa kellonaikaa toimituksille emme voi vahvistaa, mutta pyrimme toteuttamaan toiveet. Sesonkiaikaan ja juhlapyhien alla kuljetus saattaa ruuhkautua, jolloin toimitamme tilauksesi perille viimeist\u00e4\u00e4n seuraavana arkip\u00e4iv\u00e4n\u00e4 tilauksestasi. Mik\u00e4li haluat varmistaa toimituksen toivomallesi p\u00e4iv\u00e4lle tai kellonajalle, tee tilaus ajoissa. Mit\u00e4 aikaisemmin tilauksesi teet, sit\u00e4 paremmin pystymme toteuttamaan toiveesi. Surulaitteet toimitamme aina reilusti ennen tilaisuuden alkua sovittuun paikkaan. Mik\u00e4li tilaamasi tuote toimitetaan p\u00e4\u00e4kaupunkiseudun ulkopuolelle muualle Suomeen tai ulkomaille, v\u00e4lit\u00e4mme tilauksesi vastaanottajaa l\u00e4hinn\u00e4 olevaan Interflora kukkakauppaan. Toimitus tapahtuu heid\u00e4n j\u00e4rjest\u00e4m\u00e4ll\u00e4\u00e4n kuljetuksella sek\u00e4 heid\u00e4n aikataulujensa mukaisesti. Mik\u00e4li kyseinen kukkakauppa veloittaa kuljetuslis\u00e4n syrj\u00e4isen toimitusosoitteen vuoksi, v\u00e4hennet\u00e4\u00e4n t\u00e4m\u00e4 summa kukkien arvosta tai joudumme perin\u00e4\u00e4n t\u00e4m\u00e4n kulun j\u00e4lkik\u00e4teen. Emme vastaa ylivoimaisen esteen aiheuttamista viiv\u00e4stymisist\u00e4 tai viiv\u00e4stysten aiheuttamista v\u00e4lillisist\u00e4 haitoista. Toimitustavat ja kulut Voit valita haluatko noutaa kukat Puntti liikkeest\u00e4 tai voit antaa meid\u00e4n hoitaa kuljetukset. Verkkokaupassa myyt\u00e4vi\u00e4 tuotteita toimitetaan omista liikkeest\u00e4 ainoastaan p\u00e4\u00e4kaupunkiseudulle. Muualle Suomeen sek\u00e4 ulkomaille menev\u00e4t tuotteet toimitetaan vastaanottajaa l\u00e4hinn\u00e4 olevasta Interflora kukkakaupasta (Kts. yll\u00e4 toimitusajat.) VARMISTA KULUT LIIKEIST\u00c4MME ENNEN TILAUSTA Maksutapahtumat Kaikki maksutapahtumat menev\u00e4t Paytrailin maksuv\u00e4lityspalvelun kautta. Pankkimaksut K\u00e4yt\u00f6ss\u00e4si on kaikkien suomalaisten pankkien maksupainikkeet. Voit maksaa Aktian, Danske Bankin, Handelsbankenin, Nordean, Oma S\u00e4\u00e4st\u00f6pankin, Osuuspankin, POP-pankin, S\u00e4\u00e4st\u00f6pankin, S-pankin ja \u00c5landsbankenin maksupainikkeilla. Tiliotteellasi maksunsaajana n\u00e4kyy Checkout Finland Oy, me v\u00e4lit\u00e4mme maksusi verkkokauppiaalle. Verkkokaupasta sinut ohjataan suoraan omaan pankkiisi suorittamaan maksu turvallisesti. Checkout Finland tarjoaa my\u00f6s mahdollisuuden maksaa tilisiirtolomakkeella. Luottokorttimaksut Voit maksaa verkkokaupassa Visa-, Visa Debit-, Visa Electron-, MasterCard-, Debit MasterCard -korteilla. Verkkokaupassa ovat k\u00e4yt\u00f6ss\u00e4 kansainv\u00e4liset Verified by Visa -, MasterCard SecureCode \u2013 ja American Express SafeKey -todentamispalvelut. Checkout n\u00e4kyy maksun saajana korttilaskulla ja v\u00e4litt\u00e4\u00e4 asiakkaan maksaman maksukorttimaksun suoraan kauppiaalle. Korttimaksaminen tapahtuu turvallisesti suojatulla maksulomakkeella eik\u00e4 maksukortin tietoja tallenneta verkkokaupan j\u00e4rjestelmiin. Mobiilimaksutavat Mobiilimaksutavat: Paytraililla toimiva palvelu, jolla voi maksaa verkko-ostoksia tilisiirtona tililt\u00e4\u00e4n tai korttimaksuna kortiltaan hyv\u00e4ksym\u00e4ll\u00e4 maksun kyseisess\u00e4 sovelluksessa. \u00d6verf\u00f6ring till Villkor som g\u00e4ller \u00f6verf\u00f6ringsavgifter:OP:s allm\u00e4nna villkor f\u00f6r eurobetalningarAllm\u00e4nna villkor f\u00f6r anv\u00e4ndning av Nordeas \u00f6verf\u00f6ringstj\u00e4nst.Villkor f\u00f6r anv\u00e4ndning av S-Pankens \u00f6verf\u00f6ringstj\u00e4nst. Faktureringstj\u00e4nst DIREKTFACTURERING \u00e4r endast tillg\u00e4ngligt f\u00f6r f\u00f6retagskunder som har ett avtal med oss. Om du inte \u00e4r en fakturerande kund, v\u00e4nligen kontakta oss innan du g\u00f6r en best\u00e4llning. Vi tar ut en expeditionsavgift p\u00e5 5 \u20ac f\u00f6r fakturering. Order- och betalningsbekr\u00e4ftelse Efter en lyckad best\u00e4llning skickas en orderbekr\u00e4ftelse till din e-postadress. F\u00f6r att kunna skicka bekr\u00e4ftelsemeddelanden m\u00e5ste du ange din e-postadress n\u00e4r du g\u00f6r din best\u00e4llning. Priserna Priserna i webbutiken g\u00e4ller endast f\u00f6r produkter och tj\u00e4nster som best\u00e4lls fr\u00e5n webbutiken. Priserna i butikerna kan skilja sig \u00e5t. \u00c5terl\u00e4mna en felaktig eller skadad produkt Om produkten skadas under transporten eller om dess kvalitet inte motsvarar dina f\u00f6rv\u00e4ntningar, m\u00e5ste en reklamation g\u00f6ras omedelbart efter leveransen. Eftersom det r\u00f6r sig om ett levande material kan vi inte behandla reklamationer som inkommer efter sista inl\u00e4mningsdag. Om vi \u00e4r ansvariga f\u00f6r kvalitetsproblemet kommer vi att leverera nya blommor till mottagaren utan kostnad. Korrektheten i den information som tillhandah\u00e5lls Kunden \u00e4r ansvarig f\u00f6r att den information som l\u00e4mnas \u00e4r korrekt. Kukkakauppa Puntti Oy \u00e4r inte ansvarigt om produkten inte kan levereras p\u00e5 grund av felaktig eller ofullst\u00e4ndig adress, d\u00f6rrkod eller telefonnummer som kunden har angett. Om produkten inte kan levereras p\u00e5 grund av felaktig information kommer Kukkakauppa Puntti Oy inte att \u00e5terbetala priset f\u00f6r produkten och transporten till kunden och kommer inte att kompensera kunden eller n\u00e5gon tredje part f\u00f6r eventuella skador som orsakats. Annullering av en order Om du vill avbest\u00e4lla din best\u00e4llning kan du g\u00f6ra det 24 timmar f\u00f6re leverans utan kostnad. \u00c5terbetalning sker i enlighet med det betalningsmedel som anv\u00e4nts. Produkterna tillverkas alltid p\u00e5 best\u00e4llning och enligt kundens \u00f6nskem\u00e5l, vilket inneb\u00e4r att det kanske inte \u00e4r m\u00f6jligt att s\u00e4lja produkterna vidare utan betydande f\u00f6rluster, och d\u00e4rf\u00f6r finns det ingen returr\u00e4tt enligt konsumentskyddslagen.<\/p>\n","protected":false},"author":1,"featured_media":0,"parent":0,"menu_order":0,"comment_status":"closed","ping_status":"closed","template":"","meta":{"site-sidebar-layout":"default","site-content-layout":"","ast-site-content-layout":"default","site-content-style":"default","site-sidebar-style":"default","ast-global-header-display":"","ast-banner-title-visibility":"","ast-main-header-display":"","ast-hfb-above-header-display":"","ast-hfb-below-header-display":"","ast-hfb-mobile-header-display":"","site-post-title":"","ast-breadcrumbs-content":"","ast-featured-img":"","footer-sml-layout":"","ast-disable-related-posts":"","theme-transparent-header-meta":"","adv-header-id-meta":"","stick-header-meta":"","header-above-stick-meta":"","header-main-stick-meta":"","header-below-stick-meta":"","astra-migrate-meta-layouts":"default","ast-page-background-enabled":"default","ast-page-background-meta":{"desktop":{"background-color":"var(--ast-global-color-4)","background-image":"","background-repeat":"repeat","background-position":"center center","background-size":"auto","background-attachment":"scroll","background-type":"","background-media":"","overlay-type":"","overlay-color":"","overlay-opacity":"","overlay-gradient":""},"tablet":{"background-color":"","background-image":"","background-repeat":"repeat","background-position":"center center","background-size":"auto","background-attachment":"scroll","background-type":"","background-media":"","overlay-type":"","overlay-color":"","overlay-opacity":"","overlay-gradient":""},"mobile":{"background-color":"","background-image":"","background-repeat":"repeat","background-position":"center center","background-size":"auto","background-attachment":"scroll","background-type":"","background-media":"","overlay-type":"","overlay-color":"","overlay-opacity":"","overlay-gradient":""}},"ast-content-background-meta":{"desktop":{"background-color":"var(--ast-global-color-5)","background-image":"","background-repeat":"repeat","background-position":"center center","background-size":"auto","background-attachment":"scroll","background-type":"","background-media":"","overlay-type":"","overlay-color":"","overlay-opacity":"","overlay-gradient":""},"tablet":{"background-color":"var(--ast-global-color-5)","background-image":"","background-repeat":"repeat","background-position":"center center","background-size":"auto","background-attachment":"scroll","background-type":"","background-media":"","overlay-type":"","overlay-color":"","overlay-opacity":"","overlay-gradient":""},"mobile":{"background-color":"var(--ast-global-color-5)","background-image":"","background-repeat":"repeat","background-position":"center center","background-size":"auto","background-attachment":"scroll","background-type":"","background-media":"","overlay-type":"","overlay-color":"","overlay-opacity":"","overlay-gradient":""}},"footnotes":""},"class_list":["post-1249","page","type-page","status-publish","hentry"],"_links":{"self":[{"href":"https:\/\/kukkakauppapuntti.fi\/sv\/wp-json\/wp\/v2\/pages\/1249","targetHints":{"allow":["GET"]}}],"collection":[{"href":"https:\/\/kukkakauppapuntti.fi\/sv\/wp-json\/wp\/v2\/pages"}],"about":[{"href":"https:\/\/kukkakauppapuntti.fi\/sv\/wp-json\/wp\/v2\/types\/page"}],"author":[{"embeddable":true,"href":"https:\/\/kukkakauppapuntti.fi\/sv\/wp-json\/wp\/v2\/users\/1"}],"replies":[{"embeddable":true,"href":"https:\/\/kukkakauppapuntti.fi\/sv\/wp-json\/wp\/v2\/comments?post=1249"}],"version-history":[{"count":2,"href":"https:\/\/kukkakauppapuntti.fi\/sv\/wp-json\/wp\/v2\/pages\/1249\/revisions"}],"predecessor-version":[{"id":3199,"href":"https:\/\/kukkakauppapuntti.fi\/sv\/wp-json\/wp\/v2\/pages\/1249\/revisions\/3199"}],"wp:attachment":[{"href":"https:\/\/kukkakauppapuntti.fi\/sv\/wp-json\/wp\/v2\/media?parent=1249"}],"curies":[{"name":"wp","href":"https:\/\/api.w.org\/{rel}","templated":true}]}}