{"id":6077,"date":"2026-01-28T13:29:03","date_gmt":"2026-01-28T13:29:03","guid":{"rendered":"https:\/\/kukkakauppapuntti.fi\/product\/taaskasutatud-kullatud-hobedast-kett-classic\/"},"modified":"2026-01-28T13:29:03","modified_gmt":"2026-01-28T13:29:03","slug":"taaskasutatud-kullatud-hobedast-kett-classic","status":"publish","type":"product","link":"https:\/\/kukkakauppapuntti.fi\/et\/tooted\/taaskasutatud-kullatud-hobedast-kett-classic\/","title":{"rendered":"Taaskasutatud kullatud h\u00f5bedast kett CLASSIC"},"content":{"rendered":"<p>1. Meie tarnija on LBMA Responsible Silver sertifikaadiga. Toorainete allikad, peamiselt t\u00f6\u00f6stusj\u00e4\u00e4tmed ja kasutatud ehted, vastavad Dodd-Franki seadusele: <\/p>\n<p>Materjal: 925 h\u00f5be (valmistatud taaskasutatud h\u00f5bedast), mis koosneb 92,5% puhtast h\u00f5bedast ja 7,5% muudest sulammaterjalidest (sulam on sisuliselt kahe v\u00f5i enama perioodilisuss\u00fcsteemi elemendi segu). See materjal v\u00f5ib oma sulamites sisaldada tsinki ja vaske. Toode ei sisalda pliid, kaadmiumi, ts\u00fcaniidi ega niklit.  <\/p>\n<p>2. M\u00f6\u00f6dud: pituus 45\u201350 cm (reguleeritav), kaal 2,45 g<\/p>\n<p>3. Autentsussertifikaat: valmistatud taaskasutatud v\u00f5i FSC\u00ae sertifitseeritud paberist.<\/p>\n<p>4. Pakend: FSC\u00ae sertifitseeritud keskkonnas\u00f5bralik k\u00e4sit\u00f6\u00f6pakend (65 x 65 x 17 mm v\u00f5i 86 x 86 x 17 mm) eemaldatava ja vastupidava tall\u00f5list valmistatud vahtplastist siset\u00fckiga. Tarnitakse taaskasutatavas k\u00e4sit\u00f6\u00f6\u00fcmbrikus. <\/p>\n<p>P\u00e4ritoluriik: Itaalia<\/p>\n","protected":false},"excerpt":{"rendered":"<p>1. Meie tarnija on LBMA Responsible Silver sertifikaadiga. Toorainete allikad, peamiselt t\u00f6\u00f6stusj\u00e4\u00e4tmed ja kasutatud ehted, vastavad Dodd-Franki seadusele: <\/p>\n<p>Materjal: 925 h\u00f5be (valmistatud taaskasutatud h\u00f5bedast), mis koosneb 92,5% puhtast h\u00f5bedast ja 7,5% muudest sulammaterjalidest (sulam on sisuliselt kahe v\u00f5i enama perioodilisuss\u00fcsteemi elemendi segu). See materjal v\u00f5ib oma sulamites sisaldada tsinki ja vaske. Toode ei sisalda pliid, kaadmiumi, ts\u00fcaniidi ega niklit.  <\/p>\n<p>2. M\u00f6\u00f6dud: pituus 45\u201350 cm (reguleeritav), kaal 2,45 g<\/p>\n<p>3. Autentsussertifikaat: valmistatud taaskasutatud v\u00f5i FSC\u00ae sertifitseeritud paberist.<\/p>\n<p>4. Pakend: FSC\u00ae sertifitseeritud keskkonnas\u00f5bralik k\u00e4sit\u00f6\u00f6pakend (65 x 65 x 17 mm v\u00f5i 86 x 86 x 17 mm) eemaldatava ja vastupidava tall\u00f5list valmistatud vahtplastist siset\u00fckiga. Tarnitakse taaskasutatavas k\u00e4sit\u00f6\u00f6\u00fcmbrikus. <\/p>\n<p>P\u00e4ritoluriik: Itaalia<\/p>\n","protected":false},"featured_media":5994,"template":"","meta":{"site-sidebar-layout":"default","site-content-layout":"","ast-site-content-layout":"default","site-content-style":"default","site-sidebar-style":"default","ast-global-header-display":"","ast-banner-title-visibility":"","ast-main-header-display":"","ast-hfb-above-header-display":"","ast-hfb-below-header-display":"","ast-hfb-mobile-header-display":"","site-post-title":"","ast-breadcrumbs-content":"","ast-featured-img":"","footer-sml-layout":"","ast-disable-related-posts":"","theme-transparent-header-meta":"default","adv-header-id-meta":"","stick-header-meta":"","header-above-stick-meta":"","header-main-stick-meta":"","header-below-stick-meta":"","astra-migrate-meta-layouts":"set","ast-page-background-enabled":"default","ast-page-background-meta":{"desktop":{"background-color":"var(--ast-global-color-4)","background-image":"","background-repeat":"repeat","background-position":"center center","background-size":"auto","background-attachment":"scroll","background-type":"","background-media":"","overlay-type":"","overlay-color":"","overlay-opacity":"","overlay-gradient":""},"tablet":{"background-color":"","background-image":"","background-repeat":"repeat","background-position":"center center","background-size":"auto","background-attachment":"scroll","background-type":"","background-media":"","overlay-type":"","overlay-color":"","overlay-opacity":"","overlay-gradient":""},"mobile":{"background-color":"","background-image":"","background-repeat":"repeat","background-position":"center center","background-size":"auto","background-attachment":"scroll","background-type":"","background-media":"","overlay-type":"","overlay-color":"","overlay-opacity":"","overlay-gradient":""}},"ast-content-background-meta":{"desktop":{"background-color":"var(--ast-global-color-5)","background-image":"","background-repeat":"repeat","background-position":"center center","background-size":"auto","background-attachment":"scroll","background-type":"","background-media":"","overlay-type":"","overlay-color":"","overlay-opacity":"","overlay-gradient":""},"tablet":{"background-color":"var(--ast-global-color-5)","background-image":"","background-repeat":"repeat","background-position":"center center","background-size":"auto","background-attachment":"scroll","background-type":"","background-media":"","overlay-type":"","overlay-color":"","overlay-opacity":"","overlay-gradient":""},"mobile":{"background-color":"var(--ast-global-color-5)","background-image":"","background-repeat":"repeat","background-position":"center center","background-size":"auto","background-attachment":"scroll","background-type":"","background-media":"","overlay-type":"","overlay-color":"","overlay-opacity":"","overlay-gradient":""}}},"product_brand":[],"product_cat":[155],"product_tag":[],"class_list":{"0":"post-6077","1":"product","2":"type-product","3":"status-publish","4":"has-post-thumbnail","6":"product_cat-ehted","7":"desktop-align-left","8":"tablet-align-left","9":"mobile-align-left","11":"first","12":"instock","13":"taxable","14":"shipping-taxable","15":"purchasable","16":"product-type-variable"},"_links":{"self":[{"href":"https:\/\/kukkakauppapuntti.fi\/et\/wp-json\/wp\/v2\/product\/6077","targetHints":{"allow":["GET"]}}],"collection":[{"href":"https:\/\/kukkakauppapuntti.fi\/et\/wp-json\/wp\/v2\/product"}],"about":[{"href":"https:\/\/kukkakauppapuntti.fi\/et\/wp-json\/wp\/v2\/types\/product"}],"wp:featuredmedia":[{"embeddable":true,"href":"https:\/\/kukkakauppapuntti.fi\/et\/wp-json\/wp\/v2\/media\/5994"}],"wp:attachment":[{"href":"https:\/\/kukkakauppapuntti.fi\/et\/wp-json\/wp\/v2\/media?parent=6077"}],"wp:term":[{"taxonomy":"product_brand","embeddable":true,"href":"https:\/\/kukkakauppapuntti.fi\/et\/wp-json\/wp\/v2\/product_brand?post=6077"},{"taxonomy":"product_cat","embeddable":true,"href":"https:\/\/kukkakauppapuntti.fi\/et\/wp-json\/wp\/v2\/product_cat?post=6077"},{"taxonomy":"product_tag","embeddable":true,"href":"https:\/\/kukkakauppapuntti.fi\/et\/wp-json\/wp\/v2\/product_tag?post=6077"}],"curies":[{"name":"wp","href":"https:\/\/api.w.org\/{rel}","templated":true}]}}