{"id":5769,"date":"2026-01-15T09:29:26","date_gmt":"2026-01-15T09:29:26","guid":{"rendered":"https:\/\/kukkakauppapuntti.fi\/product\/taastoodeldud-hobedast-korvarongad-diamond-leaf\/"},"modified":"2026-01-28T15:59:33","modified_gmt":"2026-01-28T15:59:33","slug":"taastoodeldud-hobedast-korvarongad-diamond-leaf","status":"publish","type":"product","link":"https:\/\/kukkakauppapuntti.fi\/et\/tooted\/taastoodeldud-hobedast-korvarongad-diamond-leaf\/","title":{"rendered":"Taast\u00f6\u00f6deldud h\u00f5bedast k\u00f5rvar\u00f5ngad DIAMOND LEAF"},"content":{"rendered":"<p>K\u00f5ik v\u00e4\u00e4rismetallid on 100% taaskasutatud ja p\u00e4rit kontrollitud tarneahelast, millel on Vastutustundliku Ehtet\u00f6\u00f6stuse N\u00f5ukogu (Responsible Jewellery Council) sertifikaat Chain-of-Custody (CoC) poolt:<\/p>\n<ul>\n<li>H\u00f5be (925) sisaldab v\u00e4hemalt 93% h\u00f5bedat ja 7% vaske ning teisi sulamelemente (germaaniumi). Toode on plii-, kaadmiumi- ja niklivaba. <\/li>\n<li>Kullatud 18K roosakulla v\u00f5i 24K kollase kullaga (puhtus 99,9), katmisvann kontsentratsiooniga 0,8 g\/l kulla kohta<\/li>\n<\/ul>\n<p>2. Esemete kaal: 1,85 g<\/p>\n<p>3. Autentsussertifikaat: valmistatud taaskasutatud v\u00f5i FSC\u00ae-sertifitseeritud paberist<\/p>\n<p>4. Pakend: FSC\u00ae-sertifitseeritud keskkonnas\u00f5bralik k\u00e4sit\u00f6\u00f6paber (65x65x17 mm v\u00f5i 86x86x17 mm) taaskasutatud paberist siset\u00fckiga v\u00f5i eemaldatava s\u00e4\u00e4stva tall\u00f5list valmistatud vahtplastiga<\/p>\n<p>Disain: Eesti\/\u00dchendkuningriik<\/p>\n","protected":false},"excerpt":{"rendered":"<p>K\u00f5ik v\u00e4\u00e4rismetallid on 100% taaskasutatud ja p\u00e4rit kontrollitud tarneahelast, millel on Vastutustundliku Ehtet\u00f6\u00f6stuse N\u00f5ukogu (Responsible Jewellery Council) sertifikaat Chain-of-Custody (CoC) poolt:<\/p>\n<ul>\n<li>H\u00f5be (925) sisaldab v\u00e4hemalt 93% h\u00f5bedat ja 7% vaske ning teisi sulamelemente (germaaniumi). Toode on plii-, kaadmiumi- ja niklivaba. <\/li>\n<li>Kullatud 18K roosakulla v\u00f5i 24K kollase kullaga (puhtus 99,9), katmisvann kontsentratsiooniga 0,8 g\/l kulla kohta<\/li>\n<\/ul>\n<p>2. Esemete kaal: 1,85 g<\/p>\n<p>3. Autentsussertifikaat: valmistatud taaskasutatud v\u00f5i FSC\u00ae-sertifitseeritud paberist<\/p>\n<p>4. Pakend: FSC\u00ae-sertifitseeritud keskkonnas\u00f5bralik k\u00e4sit\u00f6\u00f6paber (65x65x17 mm v\u00f5i 86x86x17 mm) taaskasutatud paberist siset\u00fckiga v\u00f5i eemaldatava s\u00e4\u00e4stva tall\u00f5list valmistatud vahtplastiga<\/p>\n<p>Disain: Eesti\/\u00dchendkuningriik<\/p>\n","protected":false},"featured_media":5765,"template":"","meta":{"site-sidebar-layout":"default","site-content-layout":"","ast-site-content-layout":"default","site-content-style":"default","site-sidebar-style":"default","ast-global-header-display":"","ast-banner-title-visibility":"","ast-main-header-display":"","ast-hfb-above-header-display":"","ast-hfb-below-header-display":"","ast-hfb-mobile-header-display":"","site-post-title":"","ast-breadcrumbs-content":"","ast-featured-img":"","footer-sml-layout":"","ast-disable-related-posts":"","theme-transparent-header-meta":"default","adv-header-id-meta":"","stick-header-meta":"","header-above-stick-meta":"","header-main-stick-meta":"","header-below-stick-meta":"","astra-migrate-meta-layouts":"set","ast-page-background-enabled":"default","ast-page-background-meta":{"desktop":{"background-color":"var(--ast-global-color-4)","background-image":"","background-repeat":"repeat","background-position":"center center","background-size":"auto","background-attachment":"scroll","background-type":"","background-media":"","overlay-type":"","overlay-color":"","overlay-opacity":"","overlay-gradient":""},"tablet":{"background-color":"","background-image":"","background-repeat":"repeat","background-position":"center center","background-size":"auto","background-attachment":"scroll","background-type":"","background-media":"","overlay-type":"","overlay-color":"","overlay-opacity":"","overlay-gradient":""},"mobile":{"background-color":"","background-image":"","background-repeat":"repeat","background-position":"center center","background-size":"auto","background-attachment":"scroll","background-type":"","background-media":"","overlay-type":"","overlay-color":"","overlay-opacity":"","overlay-gradient":""}},"ast-content-background-meta":{"desktop":{"background-color":"var(--ast-global-color-5)","background-image":"","background-repeat":"repeat","background-position":"center center","background-size":"auto","background-attachment":"scroll","background-type":"","background-media":"","overlay-type":"","overlay-color":"","overlay-opacity":"","overlay-gradient":""},"tablet":{"background-color":"var(--ast-global-color-5)","background-image":"","background-repeat":"repeat","background-position":"center center","background-size":"auto","background-attachment":"scroll","background-type":"","background-media":"","overlay-type":"","overlay-color":"","overlay-opacity":"","overlay-gradient":""},"mobile":{"background-color":"var(--ast-global-color-5)","background-image":"","background-repeat":"repeat","background-position":"center center","background-size":"auto","background-attachment":"scroll","background-type":"","background-media":"","overlay-type":"","overlay-color":"","overlay-opacity":"","overlay-gradient":""}}},"product_brand":[],"product_cat":[155],"product_tag":[],"class_list":{"0":"post-5769","1":"product","2":"type-product","3":"status-publish","4":"has-post-thumbnail","6":"product_cat-ehted","7":"desktop-align-left","8":"tablet-align-left","9":"mobile-align-left","11":"first","12":"instock","13":"taxable","14":"shipping-taxable","15":"purchasable","16":"product-type-variable"},"_links":{"self":[{"href":"https:\/\/kukkakauppapuntti.fi\/et\/wp-json\/wp\/v2\/product\/5769","targetHints":{"allow":["GET"]}}],"collection":[{"href":"https:\/\/kukkakauppapuntti.fi\/et\/wp-json\/wp\/v2\/product"}],"about":[{"href":"https:\/\/kukkakauppapuntti.fi\/et\/wp-json\/wp\/v2\/types\/product"}],"wp:featuredmedia":[{"embeddable":true,"href":"https:\/\/kukkakauppapuntti.fi\/et\/wp-json\/wp\/v2\/media\/5765"}],"wp:attachment":[{"href":"https:\/\/kukkakauppapuntti.fi\/et\/wp-json\/wp\/v2\/media?parent=5769"}],"wp:term":[{"taxonomy":"product_brand","embeddable":true,"href":"https:\/\/kukkakauppapuntti.fi\/et\/wp-json\/wp\/v2\/product_brand?post=5769"},{"taxonomy":"product_cat","embeddable":true,"href":"https:\/\/kukkakauppapuntti.fi\/et\/wp-json\/wp\/v2\/product_cat?post=5769"},{"taxonomy":"product_tag","embeddable":true,"href":"https:\/\/kukkakauppapuntti.fi\/et\/wp-json\/wp\/v2\/product_tag?post=5769"}],"curies":[{"name":"wp","href":"https:\/\/api.w.org\/{rel}","templated":true}]}}