{"id":3420,"date":"2024-11-22T16:11:30","date_gmt":"2024-11-22T16:11:30","guid":{"rendered":"https:\/\/kukkakauppapuntti.fi\/product\/longleaf-nadal\/"},"modified":"2024-11-22T16:11:30","modified_gmt":"2024-11-22T16:11:30","slug":"longleaf-nadal","status":"publish","type":"product","link":"https:\/\/kukkakauppapuntti.fi\/et\/tooted\/longleaf-nadal\/","title":{"rendered":"Longleaf n\u00e4dal"},"content":{"rendered":"","protected":false},"excerpt":{"rendered":"<p style=\"font-weight: 400;\"><strong>Longleaf n\u00e4dal \/ <\/strong><em>Ficus binnendijkii<\/em><\/p>\n<p style=\"font-weight: 400;\"><em> <\/em><\/p>\n<p style=\"font-weight: 400;\">Lihtne hooldada, mis suudab ellu j\u00e4\u00e4da ka v\u00e4heses valguses! Talub paremini kui teised viigimarjad kuiva sise\u00f5hku. Sobib heledasse, h\u00e4sti valgustatud kohta, kus on palju hajutatud valgust v\u00f5i osalist varju, kuid mitte liiga kuuma otsese p\u00e4ikesevalguse all. Valguseta kohas v\u00f5ib ta hakata lehti maha j\u00e4tma. \u00c4rge paigutage talvel v\u00e4ga t\u00f5mbetuulelisse kohta.    <\/p>\n<p style=\"font-weight: 400;\">\n<p style=\"font-weight: 400;\">Taimi kastetakse, kui pinnas on veidi kuivanud. Kui muld on liiga m\u00e4rg v\u00f5i kuiv, v\u00f5ib taim hakata lehti maha j\u00e4tma. Igal kevadel ei ole vaja \u00fcmber istutada, sest taim areneb h\u00e4sti ka veidi v\u00e4iksemas potis.  <\/p>\n<p style=\"font-weight: 400;\">\n<p style=\"font-weight: 400;\">Piklikulehtviigimarju v\u00f5ib l\u00f5igata kevadel. P\u00fcgamine aitab hoida taime v\u00e4rskena. <\/p>\n<p style=\"font-weight: 400;\">Pistikuid v\u00f5ib juurida.<\/p>\n<p style=\"font-weight: 400;\">\n<p style=\"font-weight: 400;\">Longleaf aknad puhastavad teie kodu \u00f5hku !<\/p>\n","protected":false},"featured_media":3417,"template":"","meta":{"site-sidebar-layout":"default","site-content-layout":"","ast-site-content-layout":"default","site-content-style":"default","site-sidebar-style":"default","ast-global-header-display":"","ast-banner-title-visibility":"","ast-main-header-display":"","ast-hfb-above-header-display":"","ast-hfb-below-header-display":"","ast-hfb-mobile-header-display":"","site-post-title":"","ast-breadcrumbs-content":"","ast-featured-img":"","footer-sml-layout":"","ast-disable-related-posts":"","theme-transparent-header-meta":"default","adv-header-id-meta":"","stick-header-meta":"","header-above-stick-meta":"","header-main-stick-meta":"","header-below-stick-meta":"","astra-migrate-meta-layouts":"komplekt","ast-page-background-enabled":"default","ast-page-background-meta":{"desktop":{"background-color":"var(--ast-global-color-4)","background-image":"","background-repeat":"repeat","background-position":"center center","background-size":"auto","background-attachment":"scroll","background-type":"","background-media":"","overlay-type":"","overlay-color":"","overlay-opacity":"","overlay-gradient":""},"tablet":{"background-color":"","background-image":"","background-repeat":"repeat","background-position":"center center","background-size":"auto","background-attachment":"scroll","background-type":"","background-media":"","overlay-type":"","overlay-color":"","overlay-opacity":"","overlay-gradient":""},"mobile":{"background-color":"","background-image":"","background-repeat":"repeat","background-position":"center center","background-size":"auto","background-attachment":"scroll","background-type":"","background-media":"","overlay-type":"","overlay-color":"","overlay-opacity":"","overlay-gradient":""}},"ast-content-background-meta":{"desktop":{"background-color":"var(--ast-global-color-5)","background-image":"","background-repeat":"repeat","background-position":"center center","background-size":"auto","background-attachment":"scroll","background-type":"","background-media":"","overlay-type":"","overlay-color":"","overlay-opacity":"","overlay-gradient":""},"tablet":{"background-color":"var(--ast-global-color-5)","background-image":"","background-repeat":"repeat","background-position":"center center","background-size":"auto","background-attachment":"scroll","background-type":"","background-media":"","overlay-type":"","overlay-color":"","overlay-opacity":"","overlay-gradient":""},"mobile":{"background-color":"var(--ast-global-color-5)","background-image":"","background-repeat":"repeat","background-position":"center center","background-size":"auto","background-attachment":"scroll","background-type":"","background-media":"","overlay-type":"","overlay-color":"","overlay-opacity":"","overlay-gradient":""}}},"product_brand":[],"product_cat":[69],"product_tag":[],"class_list":{"0":"post-3420","1":"product","2":"type-product","3":"status-publish","4":"has-post-thumbnail","6":"product_cat-pottlilled","7":"desktop-align-left","8":"tablet-align-left","9":"mobile-align-left","11":"first","12":"instock","13":"taxable","14":"shipping-taxable","15":"purchasable","16":"product-type-simple"},"_links":{"self":[{"href":"https:\/\/kukkakauppapuntti.fi\/et\/wp-json\/wp\/v2\/product\/3420","targetHints":{"allow":["GET"]}}],"collection":[{"href":"https:\/\/kukkakauppapuntti.fi\/et\/wp-json\/wp\/v2\/product"}],"about":[{"href":"https:\/\/kukkakauppapuntti.fi\/et\/wp-json\/wp\/v2\/types\/product"}],"wp:featuredmedia":[{"embeddable":true,"href":"https:\/\/kukkakauppapuntti.fi\/et\/wp-json\/wp\/v2\/media\/3417"}],"wp:attachment":[{"href":"https:\/\/kukkakauppapuntti.fi\/et\/wp-json\/wp\/v2\/media?parent=3420"}],"wp:term":[{"taxonomy":"product_brand","embeddable":true,"href":"https:\/\/kukkakauppapuntti.fi\/et\/wp-json\/wp\/v2\/product_brand?post=3420"},{"taxonomy":"product_cat","embeddable":true,"href":"https:\/\/kukkakauppapuntti.fi\/et\/wp-json\/wp\/v2\/product_cat?post=3420"},{"taxonomy":"product_tag","embeddable":true,"href":"https:\/\/kukkakauppapuntti.fi\/et\/wp-json\/wp\/v2\/product_tag?post=3420"}],"curies":[{"name":"wp","href":"https:\/\/api.w.org\/{rel}","templated":true}]}}