{"id":1397,"date":"2024-10-04T12:54:53","date_gmt":"2024-10-04T12:54:53","guid":{"rendered":"https:\/\/kukkakauppapuntti-fi.vserver.zonevs.eu\/kaardid\/"},"modified":"2025-04-24T09:39:20","modified_gmt":"2025-04-24T09:39:20","slug":"kaardid","status":"publish","type":"page","link":"https:\/\/kukkakauppapuntti.fi\/et\/kaardid\/","title":{"rendered":"Kaardid"},"content":{"rendered":"\t\t<div data-elementor-type=\"wp-page\" data-elementor-id=\"1397\" class=\"elementor elementor-1397 elementor-471\">\n\t\t\t\t<div class=\"elementor-element elementor-element-289d17c e-flex e-con-boxed wpr-particle-no wpr-jarallax-no wpr-parallax-no wpr-sticky-section-no wpr-equal-height-no e-con e-parent\" data-id=\"289d17c\" data-element_type=\"container\" data-e-type=\"container\">\n\t\t\t\t\t<div class=\"e-con-inner\">\n\t\t\t\t<div class=\"elementor-element elementor-element-83ffb8b elementor-widget elementor-widget-heading\" data-id=\"83ffb8b\" data-element_type=\"widget\" data-e-type=\"widget\" data-widget_type=\"heading.default\">\n\t\t\t\t<div class=\"elementor-widget-container\">\n\t\t\t\t\t<h2 class=\"elementor-heading-title elementor-size-default\">Kaardid<\/h2>\t\t\t\t<\/div>\n\t\t\t\t<\/div>\n\t\t\t\t<div class=\"elementor-element elementor-element-85be8c5 elementor-widget elementor-widget-text-editor\" data-id=\"85be8c5\" data-element_type=\"widget\" data-e-type=\"widget\" data-widget_type=\"text-editor.default\">\n\t\t\t\t<div class=\"elementor-widget-container\">\n\t\t\t\t\t\t\t\t\t<p>Lillede juurde kuulub tasuta v\u00e4ike valge blanko kaart koos \u00fcmbrikuga.<br><br>Palun v\u00f5tke arvesse, et kaardil on v\u00e4ga v\u00e4he ruumi teksti jaoks. Kui soovite rohkem teksti ja pildiga kaarti, palun kl\u00f5psake siin. Palun sisestage tekst, mida soovite kaardil kasutada, saaja kontaktandmetesse. <\/p>\t\t\t\t\t\t\t\t<\/div>\n\t\t\t\t<\/div>\n\t\t\t\t\t<\/div>\n\t\t\t\t<\/div>\n\t\t<div class=\"elementor-element elementor-element-5d7d3ea e-flex e-con-boxed wpr-particle-no wpr-jarallax-no wpr-parallax-no wpr-sticky-section-no wpr-equal-height-no e-con e-parent\" data-id=\"5d7d3ea\" data-element_type=\"container\" data-e-type=\"container\">\n\t\t\t\t\t<div class=\"e-con-inner\">\n\t\t\t\t<div class=\"elementor-element elementor-element-bc5b95a wpr-grid-columns-3 wpr-grid-columns--tablet2 wpr-grid-columns--mobile1 wpr-grid-pagination-center wpr-item-styles-inner elementor-widget elementor-widget-wpr-woo-grid\" data-id=\"bc5b95a\" data-element_type=\"widget\" data-e-type=\"widget\" data-widget_type=\"wpr-woo-grid.default\">\n\t\t\t\t<div class=\"elementor-widget-container\">\n\t\t\t\t\t<ul class=\"wpr-grid-filters elementor-clearfix wpr-grid-filters-sep-right\"><li class=\" wpr-pointer-none wpr-pointer-line-fx wpr-pointer-fx-none\"><span data-filter=\"*\" class=\"wpr-active-filter \">K\u00f5ik<\/span><em class=\"wpr-grid-filters-sep\"><\/em><\/li><li class=\" wpr-pointer-none wpr-pointer-line-fx wpr-pointer-fx-none\"><span  data-ajax-filter=[\"product_cat\",\"kortit\"] data-filter=\".product_cat-kortit\">Kortit<\/span><em class=\"wpr-grid-filters-sep\"><\/em><\/li><\/ul><section class=\"wpr-grid elementor-clearfix\" data-settings=\"{&quot;layout&quot;:&quot;fitRows&quot;,&quot;stick_last_element_to_bottom&quot;:&quot;&quot;,&quot;columns_desktop&quot;:3,&quot;gutter_hr&quot;:20,&quot;gutter_hr_mobile&quot;:20,&quot;gutter_hr_mobile_extra&quot;:20,&quot;gutter_hr_tablet&quot;:20,&quot;gutter_hr_tablet_extra&quot;:20,&quot;gutter_hr_laptop&quot;:20,&quot;gutter_hr_widescreen&quot;:20,&quot;gutter_vr&quot;:30,&quot;gutter_vr_mobile&quot;:30,&quot;gutter_vr_mobile_extra&quot;:30,&quot;gutter_vr_tablet&quot;:30,&quot;gutter_vr_tablet_extra&quot;:30,&quot;gutter_vr_laptop&quot;:30,&quot;gutter_vr_widescreen&quot;:30,&quot;animation&quot;:&quot;default&quot;,&quot;animation_duration&quot;:0.3,&quot;animation_delay&quot;:0.1,&quot;deeplinking&quot;:&quot;&quot;,&quot;filters_linkable&quot;:&quot;no&quot;,&quot;filters_default_filter&quot;:&quot;&quot;,&quot;filters_count&quot;:&quot;&quot;,&quot;filters_hide_empty&quot;:&quot;no&quot;,&quot;filters_animation&quot;:&quot;default&quot;,&quot;filters_animation_duration&quot;:0.3,&quot;filters_animation_delay&quot;:0.1,&quot;pagination_type&quot;:&quot;load-more&quot;,&quot;pagination_max_pages&quot;:1,&quot;query_posts_per_page&quot;:15,&quot;lightbox&quot;:{&quot;selector&quot;:&quot;.wpr-grid-image-wrap&quot;,&quot;iframeMaxWidth&quot;:&quot;60%&quot;,&quot;hash&quot;:false,&quot;autoplay&quot;:&quot;true&quot;,&quot;pause&quot;:5000,&quot;progressBar&quot;:&quot;true&quot;,&quot;counter&quot;:&quot;true&quot;,&quot;controls&quot;:&quot;true&quot;,&quot;getCaptionFromTitleOrAlt&quot;:&quot;true&quot;,&quot;thumbnail&quot;:&quot;&quot;,&quot;showThumbByDefault&quot;:&quot;&quot;,&quot;share&quot;:&quot;&quot;,&quot;zoom&quot;:&quot;true&quot;,&quot;fullScreen&quot;:&quot;true&quot;,&quot;download&quot;:&quot;true&quot;}}\" data-advanced-filters=\"no\" data-found-posts = 4><article class=\"wpr-grid-item elementor-clearfix post-4176 product type-product status-publish has-post-thumbnail product_cat-kaardid product_cat-survevaba desktop-align-left tablet-align-left mobile-align-left first instock taxable shipping-taxable purchasable product-type-variable\"><div class=\"wpr-grid-item-inner\"><div class=\"wpr-grid-media-wrap wpr-effect-size-medium \" data-overlay-link=\"yes\"><div class=\"wpr-grid-image-wrap\" data-src=\"https:\/\/kukkakauppapuntti.fi\/wp-content\/uploads\/elementor\/thumbs\/surukortti-scaled-rezbew4v8x440zgg796mj7sdux3xok71yw794j3v6o.jpg\"  data-img-on-hover=\"\" data-src-secondary=\"\"><img decoding=\"async\" src=\"https:\/\/kukkakauppapuntti.fi\/wp-content\/uploads\/elementor\/thumbs\/surukortti-scaled-rezbew4v8x440zgg796mj7sdux3xok71yw794j3v6o.jpg\" alt=\"Leinakaart\" class=\"wpr-anim-timing-ease-default\"><\/div><div class=\"wpr-grid-media-hover wpr-animation-wrap\"><div class=\"wpr-grid-media-hover-bg  wpr-overlay-fade-in wpr-anim-size-large wpr-anim-timing-ease-default wpr-anim-transparency\" data-url=\"https:\/\/kukkakauppapuntti.fi\/et\/tooted\/leinakaart\/\"><\/div><div class=\"wpr-cv-container\"><div class=\"wpr-cv-outer\"><div class=\"wpr-cv-inner\"><div class=\"wpr-grid-media-hover-middle elementor-clearfix\"><div class=\"wpr-grid-item-status elementor-repeater-item-635a688 wpr-grid-item-display-block wpr-grid-item-align-middle wpr-element-fade-in wpr-anim-size-large wpr-anim-timing-ease-default wpr-anim-transparency\"><div class=\"inner-block\"><\/div><\/div><\/div><\/div><\/div><\/div><\/div><\/div><div class=\"wpr-grid-item-below-content elementor-clearfix\"><h2 class=\"wpr-grid-item-title elementor-repeater-item-e911fa4 wpr-grid-item-display-block wpr-grid-item-align-left wpr-pointer-none wpr-pointer-line-fx wpr-pointer-fx-fade\"><div class=\"inner-block\"><a target=\"_self\"   href=\"https:\/\/kukkakauppapuntti.fi\/et\/tooted\/leinakaart\/\">Leinakaart<\/a><\/div><\/h2><div class=\"wpr-grid-item-price elementor-repeater-item-834c431 wpr-grid-item-display-block wpr-grid-item-align-left\"><div class=\"inner-block\"><span><span class=\"woocommerce-Price-amount amount\" aria-hidden=\"true\">2,00&nbsp;<span class=\"woocommerce-Price-currencySymbol\">&euro;<\/span><\/span> <span aria-hidden=\"true\">&ndash;<\/span> <span class=\"woocommerce-Price-amount amount\" aria-hidden=\"true\">5,00&nbsp;<span class=\"woocommerce-Price-currencySymbol\">&euro;<\/span><\/span><span class=\"screen-reader-text\">Price range: 2,00&nbsp;&euro; through 5,00&nbsp;&euro;<\/span><\/span><\/div><\/div><div class=\"wpr-grid-item-add-to-cart elementor-repeater-item-7ced683 wpr-grid-item-display-block wpr-grid-item-align-left\"><div class=\"inner-block\"><a rel=\"nofollow\" class=\"product_type_variable add_to_cart_button wpr-button-effect wpr-button-none \" aria-label=\"Vali tootele &ldquo;Leinakaart&rdquo; omadused\" data-product_id=\"4176\" data-product_sku=\"\" data-atc-popup=\"\" data-atc-animation=\"\" data-atc-fade-out-in=\"\" data-atc-animation-time=\"\" href=\"https:\/\/kukkakauppapuntti.fi\/et\/tooted\/leinakaart\/\"><span>Valige valikuv\u00f5imaluste hulgast<\/span><\/a><\/div><\/div><\/div><\/div><\/article><article class=\"wpr-grid-item elementor-clearfix post-3480 product type-product status-publish has-post-thumbnail product_cat-kaardid product_cat-naistepaev-2025 product_cat-ystavanpaev-2025 desktop-align-left tablet-align-left mobile-align-left  instock taxable shipping-taxable purchasable product-type-simple\"><div class=\"wpr-grid-item-inner\"><div class=\"wpr-grid-media-wrap wpr-effect-size-medium \" data-overlay-link=\"yes\"><div class=\"wpr-grid-image-wrap\" data-src=\"https:\/\/kukkakauppapuntti.fi\/wp-content\/uploads\/elementor\/thumbs\/pikkukortit-scaled-rezbex2pfr5eclf31rl93pjugazaw9asb0uqlt2h0g.jpeg\"  data-img-on-hover=\"\" data-src-secondary=\"\"><img decoding=\"async\" src=\"https:\/\/kukkakauppapuntti.fi\/wp-content\/uploads\/elementor\/thumbs\/pikkukortit-scaled-rezbex2pfr5eclf31rl93pjugazaw9asb0uqlt2h0g.jpeg\" alt=\"{&quot;remix_data&quot;:[],&quot;remix_entry_point&quot;:&quot;challenges&quot;,&quot;source_tags&quot;:[&quot;local&quot;],&quot;origin&quot;:&quot;unknown&quot;,&quot;total_draw_time&quot;:0,&quot;total_draw_actions&quot;:0,&quot;layers_used&quot;:0,&quot;brushes_used&quot;:0,&quot;photos_added&quot;:0,&quot;total_editor_actions&quot;:{},&quot;tools_used&quot;:{},&quot;is_sticker&quot;:false,&quot;edited_since_last_sticker_save&quot;:false,&quot;containsFTESticker&quot;:false}\" class=\"wpr-anim-timing-ease-default\"><\/div><div class=\"wpr-grid-media-hover wpr-animation-wrap\"><div class=\"wpr-grid-media-hover-bg  wpr-overlay-fade-in wpr-anim-size-large wpr-anim-timing-ease-default wpr-anim-transparency\" data-url=\"https:\/\/kukkakauppapuntti.fi\/et\/tooted\/vaike-kaart\/\"><\/div><div class=\"wpr-cv-container\"><div class=\"wpr-cv-outer\"><div class=\"wpr-cv-inner\"><div class=\"wpr-grid-media-hover-middle elementor-clearfix\"><div class=\"wpr-grid-item-status elementor-repeater-item-635a688 wpr-grid-item-display-block wpr-grid-item-align-middle wpr-element-fade-in wpr-anim-size-large wpr-anim-timing-ease-default wpr-anim-transparency\"><div class=\"inner-block\"><\/div><\/div><\/div><\/div><\/div><\/div><\/div><\/div><div class=\"wpr-grid-item-below-content elementor-clearfix\"><h2 class=\"wpr-grid-item-title elementor-repeater-item-e911fa4 wpr-grid-item-display-block wpr-grid-item-align-left wpr-pointer-none wpr-pointer-line-fx wpr-pointer-fx-fade\"><div class=\"inner-block\"><a target=\"_self\"   href=\"https:\/\/kukkakauppapuntti.fi\/et\/tooted\/vaike-kaart\/\">V\u00e4ike kaart<\/a><\/div><\/h2><div class=\"wpr-grid-item-price elementor-repeater-item-834c431 wpr-grid-item-display-block wpr-grid-item-align-left\"><div class=\"inner-block\"><span><span class=\"woocommerce-Price-amount amount\">2,50&nbsp;<span class=\"woocommerce-Price-currencySymbol\">&euro;<\/span><\/span><\/span><\/div><\/div><div class=\"wpr-grid-item-add-to-cart elementor-repeater-item-7ced683 wpr-grid-item-display-block wpr-grid-item-align-left\"><div class=\"inner-block\"><a rel=\"nofollow\" class=\"product_type_simple add_to_cart_button ajax_add_to_cart wpr-button-effect wpr-button-none \" aria-label=\"Add to cart: &ldquo;V\u00e4ike kaart&rdquo;\" data-product_id=\"3480\" data-product_sku=\"\" data-atc-popup=\"\" data-atc-animation=\"\" data-atc-fade-out-in=\"\" data-atc-animation-time=\"\" href=\"https:\/\/kukkakauppapuntti.fi\/et\/tooted\/vaike-kaart\/\/?add-to-cart=3480\"><span>Lisa ostukorvi<\/span><\/a><\/div><\/div><\/div><\/div><\/article><article class=\"wpr-grid-item elementor-clearfix post-1569 product type-product status-publish has-post-thumbnail product_cat-kaardid desktop-align-left tablet-align-left mobile-align-left  instock taxable shipping-taxable purchasable product-type-simple\"><div class=\"wpr-grid-item-inner\"><div class=\"wpr-grid-media-wrap wpr-effect-size-medium \" data-overlay-link=\"yes\"><div class=\"wpr-grid-image-wrap\" data-src=\"https:\/\/kukkakauppapuntti.fi\/wp-content\/uploads\/elementor\/thumbs\/thumbnail-1-6-rezbey0jml6oo7dpw9zvo7bb1ouo3yein5i83312u8.jpg\"  data-img-on-hover=\"\" data-src-secondary=\"\"><img decoding=\"async\" src=\"https:\/\/kukkakauppapuntti.fi\/wp-content\/uploads\/elementor\/thumbs\/thumbnail-1-6-rezbey0jml6oo7dpw9zvo7bb1ouo3yein5i83312u8.jpg\" alt=\"Kreetta J\u00e4rvenp\u00e4\u00e4 kaart\" class=\"wpr-anim-timing-ease-default\"><\/div><div class=\"wpr-grid-media-hover wpr-animation-wrap\"><div class=\"wpr-grid-media-hover-bg  wpr-overlay-fade-in wpr-anim-size-large wpr-anim-timing-ease-default wpr-anim-transparency\" data-url=\"https:\/\/kukkakauppapuntti.fi\/et\/tooted\/kreetta-jarvenpaa-kaart\/\"><\/div><div class=\"wpr-cv-container\"><div class=\"wpr-cv-outer\"><div class=\"wpr-cv-inner\"><div class=\"wpr-grid-media-hover-middle elementor-clearfix\"><div class=\"wpr-grid-item-status elementor-repeater-item-635a688 wpr-grid-item-display-block wpr-grid-item-align-middle wpr-element-fade-in wpr-anim-size-large wpr-anim-timing-ease-default wpr-anim-transparency\"><div class=\"inner-block\"><\/div><\/div><\/div><\/div><\/div><\/div><\/div><\/div><div class=\"wpr-grid-item-below-content elementor-clearfix\"><h2 class=\"wpr-grid-item-title elementor-repeater-item-e911fa4 wpr-grid-item-display-block wpr-grid-item-align-left wpr-pointer-none wpr-pointer-line-fx wpr-pointer-fx-fade\"><div class=\"inner-block\"><a target=\"_self\"   href=\"https:\/\/kukkakauppapuntti.fi\/et\/tooted\/kreetta-jarvenpaa-kaart\/\">Kreetta J\u00e4rvenp\u00e4\u00e4 kaart<\/a><\/div><\/h2><div class=\"wpr-grid-item-price elementor-repeater-item-834c431 wpr-grid-item-display-block wpr-grid-item-align-left\"><div class=\"inner-block\"><span><span class=\"woocommerce-Price-amount amount\">5,00&nbsp;<span class=\"woocommerce-Price-currencySymbol\">&euro;<\/span><\/span><\/span><\/div><\/div><div class=\"wpr-grid-item-add-to-cart elementor-repeater-item-7ced683 wpr-grid-item-display-block wpr-grid-item-align-left\"><div class=\"inner-block\"><a rel=\"nofollow\" class=\"product_type_simple add_to_cart_button ajax_add_to_cart wpr-button-effect wpr-button-none \" aria-label=\"Add to cart: &ldquo;Kreetta J\u00e4rvenp\u00e4\u00e4 kaart&rdquo;\" data-product_id=\"1569\" data-product_sku=\"1095972\" data-atc-popup=\"\" data-atc-animation=\"\" data-atc-fade-out-in=\"\" data-atc-animation-time=\"\" href=\"https:\/\/kukkakauppapuntti.fi\/et\/tooted\/kreetta-jarvenpaa-kaart\/\/?add-to-cart=1569\"><span>Lisa ostukorvi<\/span><\/a><\/div><\/div><\/div><\/div><\/article><article class=\"wpr-grid-item elementor-clearfix post-1494 product type-product status-publish has-post-thumbnail product_cat-kaardid product_cat-naistepaev-2025 product_cat-ystavanpaev-2025 desktop-align-left tablet-align-left mobile-align-left last instock taxable shipping-taxable purchasable product-type-simple\"><div class=\"wpr-grid-item-inner\"><div class=\"wpr-grid-media-wrap wpr-effect-size-medium \" data-overlay-link=\"yes\"><div class=\"wpr-grid-image-wrap\" data-src=\"https:\/\/kukkakauppapuntti.fi\/wp-content\/uploads\/elementor\/thumbs\/kortit-scaled-rezbey0jml6oo7dpw9zvo7bb1ouo3yein5i83312u8.jpg\"  data-img-on-hover=\"\" data-src-secondary=\"\"><img decoding=\"async\" src=\"https:\/\/kukkakauppapuntti.fi\/wp-content\/uploads\/elementor\/thumbs\/kortit-scaled-rezbey0jml6oo7dpw9zvo7bb1ouo3yein5i83312u8.jpg\" alt=\"Seotud suur kaart koos kestaga\" class=\"wpr-anim-timing-ease-default\"><\/div><div class=\"wpr-grid-media-hover wpr-animation-wrap\"><div class=\"wpr-grid-media-hover-bg  wpr-overlay-fade-in wpr-anim-size-large wpr-anim-timing-ease-default wpr-anim-transparency\" data-url=\"https:\/\/kukkakauppapuntti.fi\/et\/tooted\/seotud-suur-kaart-koos-kestaga\/\"><\/div><div class=\"wpr-cv-container\"><div class=\"wpr-cv-outer\"><div class=\"wpr-cv-inner\"><div class=\"wpr-grid-media-hover-middle elementor-clearfix\"><div class=\"wpr-grid-item-status elementor-repeater-item-635a688 wpr-grid-item-display-block wpr-grid-item-align-middle wpr-element-fade-in wpr-anim-size-large wpr-anim-timing-ease-default wpr-anim-transparency\"><div class=\"inner-block\"><\/div><\/div><\/div><\/div><\/div><\/div><\/div><\/div><div class=\"wpr-grid-item-below-content elementor-clearfix\"><h2 class=\"wpr-grid-item-title elementor-repeater-item-e911fa4 wpr-grid-item-display-block wpr-grid-item-align-left wpr-pointer-none wpr-pointer-line-fx wpr-pointer-fx-fade\"><div class=\"inner-block\"><a target=\"_self\"   href=\"https:\/\/kukkakauppapuntti.fi\/et\/tooted\/seotud-suur-kaart-koos-kestaga\/\">Seotud suur kaart koos kestaga<\/a><\/div><\/h2><div class=\"wpr-grid-item-price elementor-repeater-item-834c431 wpr-grid-item-display-block wpr-grid-item-align-left\"><div class=\"inner-block\"><span><span class=\"woocommerce-Price-amount amount\">5,00&nbsp;<span class=\"woocommerce-Price-currencySymbol\">&euro;<\/span><\/span><\/span><\/div><\/div><div class=\"wpr-grid-item-add-to-cart elementor-repeater-item-7ced683 wpr-grid-item-display-block wpr-grid-item-align-left\"><div class=\"inner-block\"><a rel=\"nofollow\" class=\"product_type_simple add_to_cart_button ajax_add_to_cart wpr-button-effect wpr-button-none \" aria-label=\"Add to cart: &ldquo;Seotud suur kaart koos kestaga&rdquo;\" data-product_id=\"1494\" data-product_sku=\"447122\" data-atc-popup=\"\" data-atc-animation=\"\" data-atc-fade-out-in=\"\" data-atc-animation-time=\"\" href=\"https:\/\/kukkakauppapuntti.fi\/et\/tooted\/seotud-suur-kaart-koos-kestaga\/\/?add-to-cart=1494\"><span>Lisa ostukorvi<\/span><\/a><\/div><\/div><\/div><\/div><\/article><\/section>\t\t\t\t<\/div>\n\t\t\t\t<\/div>\n\t\t\t\t\t<\/div>\n\t\t\t\t<\/div>\n\t\t\t\t<\/div>\n\t\t","protected":false},"excerpt":{"rendered":"<p>Kaardid Lillede juurde kuulub tasuta v\u00e4ike valge blanko kaart koos \u00fcmbrikuga. Palun v\u00f5tke arvesse, et kaardil on v\u00e4ga v\u00e4he ruumi teksti jaoks. Kui soovite rohkem teksti ja pildiga kaarti, palun kl\u00f5psake siin. Palun sisestage tekst, mida soovite kaardil kasutada, saaja kontaktandmetesse. K\u00f5ik Kortit Surukortti 2,00&nbsp;&euro; - 5,00&nbsp;&euro;Valige valikuv\u00f5imaluste hulgast Pieni kortti 2,50&nbsp;&euro;Lisa ostukorvi Kreetta J\u00e4rvenp\u00e4\u00e4n kortti 5,00&nbsp;&euro;Lisa ostukorvi Aiheeseen liittyv\u00e4 kuorellinen iso kortti 5,00&nbsp;&euro;Lisa ostukorvi<\/p>\n","protected":false},"author":1,"featured_media":0,"parent":0,"menu_order":0,"comment_status":"closed","ping_status":"closed","template":"elementor_theme","meta":{"site-sidebar-layout":"no-sidebar","site-content-layout":"","ast-site-content-layout":"full-width-container","site-content-style":"default","site-sidebar-style":"default","ast-global-header-display":"","ast-banner-title-visibility":"","ast-main-header-display":"","ast-hfb-above-header-display":"","ast-hfb-below-header-display":"","ast-hfb-mobile-header-display":"","site-post-title":"disabled","ast-breadcrumbs-content":"","ast-featured-img":"disabled","footer-sml-layout":"","ast-disable-related-posts":"","theme-transparent-header-meta":"","adv-header-id-meta":"","stick-header-meta":"","header-above-stick-meta":"","header-main-stick-meta":"","header-below-stick-meta":"","astra-migrate-meta-layouts":"default","ast-page-background-enabled":"default","ast-page-background-meta":{"desktop":{"background-color":"var(--ast-global-color-4)","background-image":"","background-repeat":"repeat","background-position":"center center","background-size":"auto","background-attachment":"scroll","background-type":"","background-media":"","overlay-type":"","overlay-color":"","overlay-opacity":"","overlay-gradient":""},"tablet":{"background-color":"","background-image":"","background-repeat":"repeat","background-position":"center center","background-size":"auto","background-attachment":"scroll","background-type":"","background-media":"","overlay-type":"","overlay-color":"","overlay-opacity":"","overlay-gradient":""},"mobile":{"background-color":"","background-image":"","background-repeat":"repeat","background-position":"center center","background-size":"auto","background-attachment":"scroll","background-type":"","background-media":"","overlay-type":"","overlay-color":"","overlay-opacity":"","overlay-gradient":""}},"ast-content-background-meta":{"desktop":{"background-color":"var(--ast-global-color-5)","background-image":"","background-repeat":"repeat","background-position":"center center","background-size":"auto","background-attachment":"scroll","background-type":"","background-media":"","overlay-type":"","overlay-color":"","overlay-opacity":"","overlay-gradient":""},"tablet":{"background-color":"var(--ast-global-color-5)","background-image":"","background-repeat":"repeat","background-position":"center center","background-size":"auto","background-attachment":"scroll","background-type":"","background-media":"","overlay-type":"","overlay-color":"","overlay-opacity":"","overlay-gradient":""},"mobile":{"background-color":"var(--ast-global-color-5)","background-image":"","background-repeat":"repeat","background-position":"center center","background-size":"auto","background-attachment":"scroll","background-type":"","background-media":"","overlay-type":"","overlay-color":"","overlay-opacity":"","overlay-gradient":""}},"footnotes":""},"class_list":["post-1397","page","type-page","status-publish","hentry","desktop-align-left","tablet-align-left","mobile-align-left"],"_links":{"self":[{"href":"https:\/\/kukkakauppapuntti.fi\/et\/wp-json\/wp\/v2\/pages\/1397","targetHints":{"allow":["GET"]}}],"collection":[{"href":"https:\/\/kukkakauppapuntti.fi\/et\/wp-json\/wp\/v2\/pages"}],"about":[{"href":"https:\/\/kukkakauppapuntti.fi\/et\/wp-json\/wp\/v2\/types\/page"}],"author":[{"embeddable":true,"href":"https:\/\/kukkakauppapuntti.fi\/et\/wp-json\/wp\/v2\/users\/1"}],"replies":[{"embeddable":true,"href":"https:\/\/kukkakauppapuntti.fi\/et\/wp-json\/wp\/v2\/comments?post=1397"}],"version-history":[{"count":8,"href":"https:\/\/kukkakauppapuntti.fi\/et\/wp-json\/wp\/v2\/pages\/1397\/revisions"}],"predecessor-version":[{"id":5157,"href":"https:\/\/kukkakauppapuntti.fi\/et\/wp-json\/wp\/v2\/pages\/1397\/revisions\/5157"}],"wp:attachment":[{"href":"https:\/\/kukkakauppapuntti.fi\/et\/wp-json\/wp\/v2\/media?parent=1397"}],"curies":[{"name":"wp","href":"https:\/\/api.w.org\/{rel}","templated":true}]}}