{"id":1353,"date":"2024-10-04T11:44:18","date_gmt":"2024-10-04T11:44:18","guid":{"rendered":"https:\/\/kukkakauppapuntti-fi.vserver.zonevs.eu\/teenused\/"},"modified":"2025-04-24T08:27:36","modified_gmt":"2025-04-24T08:27:36","slug":"teenused","status":"publish","type":"page","link":"https:\/\/kukkakauppapuntti.fi\/et\/teenused\/","title":{"rendered":"Teenused"},"content":{"rendered":"\t\t<div data-elementor-type=\"wp-page\" data-elementor-id=\"1353\" class=\"elementor elementor-1353 elementor-339\">\n\t\t\t\t<div class=\"elementor-element elementor-element-bfd785c e-flex e-con-boxed wpr-particle-no wpr-jarallax-no wpr-parallax-no wpr-sticky-section-no wpr-equal-height-no e-con e-parent\" data-id=\"bfd785c\" data-element_type=\"container\" data-e-type=\"container\" data-settings=\"{&quot;background_background&quot;:&quot;classic&quot;}\">\n\t\t\t\t\t<div class=\"e-con-inner\">\n\t\t<div class=\"elementor-element elementor-element-9631fa8 e-con-full e-flex wpr-particle-no wpr-jarallax-no wpr-parallax-no wpr-sticky-section-no wpr-equal-height-no e-con e-child\" data-id=\"9631fa8\" data-element_type=\"container\" data-e-type=\"container\">\n\t\t\t\t<div class=\"elementor-element elementor-element-e69acab elementor-widget elementor-widget-heading\" data-id=\"e69acab\" data-element_type=\"widget\" data-e-type=\"widget\" data-widget_type=\"heading.default\">\n\t\t\t\t<div class=\"elementor-widget-container\">\n\t\t\t\t\t<h1 class=\"elementor-heading-title elementor-size-default\">Lisaks igap\u00e4evastele teenustele pakume ka mitmesuguseid eriteenuseid. V\u00f5tke meiega \u00fchendust ja me kohandame lillet\u00f6\u00f6d vastavalt teie vajadustele! <\/h1>\t\t\t\t<\/div>\n\t\t\t\t<\/div>\n\t\t\t\t<\/div>\n\t\t<div class=\"elementor-element elementor-element-fb5e3cc e-con-full e-flex wpr-particle-no wpr-jarallax-no wpr-parallax-no wpr-sticky-section-no wpr-equal-height-no e-con e-child\" data-id=\"fb5e3cc\" data-element_type=\"container\" data-e-type=\"container\">\n\t\t\t\t<div class=\"elementor-element elementor-element-5e51fc9 elementor-widget elementor-widget-image\" data-id=\"5e51fc9\" data-element_type=\"widget\" data-e-type=\"widget\" data-widget_type=\"image.default\">\n\t\t\t\t<div class=\"elementor-widget-container\">\n\t\t\t\t\t\t\t\t\t\t\t\t\t\t\t<img fetchpriority=\"high\" decoding=\"async\" width=\"1024\" height=\"576\" src=\"https:\/\/kukkakauppapuntti.fi\/wp-content\/uploads\/2024\/10\/arabia-slider-1024x576.jpg\" class=\"attachment-large size-large wp-image-2262\" alt=\"\" srcset=\"https:\/\/kukkakauppapuntti.fi\/wp-content\/uploads\/2024\/10\/arabia-slider-1024x576.jpg 1024w, https:\/\/kukkakauppapuntti.fi\/wp-content\/uploads\/2024\/10\/arabia-slider-600x338.jpg 600w, https:\/\/kukkakauppapuntti.fi\/wp-content\/uploads\/2024\/10\/arabia-slider-300x169.jpg 300w, https:\/\/kukkakauppapuntti.fi\/wp-content\/uploads\/2024\/10\/arabia-slider-768x432.jpg 768w, https:\/\/kukkakauppapuntti.fi\/wp-content\/uploads\/2024\/10\/arabia-slider.jpg 1510w\" sizes=\"(max-width: 1024px) 100vw, 1024px\" \/>\t\t\t\t\t\t\t\t\t\t\t\t\t\t\t<\/div>\n\t\t\t\t<\/div>\n\t\t\t\t<\/div>\n\t\t\t\t\t<\/div>\n\t\t\t\t<\/div>\n\t\t<div class=\"elementor-element elementor-element-cb11d95 e-flex e-con-boxed wpr-particle-no wpr-jarallax-no wpr-parallax-no wpr-sticky-section-no wpr-equal-height-no e-con e-parent\" data-id=\"cb11d95\" data-element_type=\"container\" data-e-type=\"container\" data-settings=\"{&quot;background_background&quot;:&quot;classic&quot;}\">\n\t\t\t\t\t<div class=\"e-con-inner\">\n\t\t\t\t<div class=\"elementor-element elementor-element-ab55310 elementor-widget elementor-widget-text-editor\" data-id=\"ab55310\" data-element_type=\"widget\" data-e-type=\"widget\" data-widget_type=\"text-editor.default\">\n\t\t\t\t<div class=\"elementor-widget-container\">\n\t\t\t\t\t\t\t\t\t<p><strong>Lein: matusekimbud, matusekomplektid, kirstukomplektid, p\u00e4rjad, urnikaunistused, kaastundeavaldused, m\u00e4lestuslilled.  <\/strong><\/p><p><strong>BRIDGING: pruudikimbud, peibutused, lilledekoratsioonid, pulmakaared, vastuv\u00f5turuumi kaunistamine.<\/strong><\/p><p><strong>LILLELILLED JA KOHANDAMISED: igap\u00e4evaseks ja erilisteks s\u00fcndmusteks. R\u00f5\u00f5muks ja kurbuseks. S\u00f5brale, l\u00e4hedasele, lapsele, vanaisale, pension\u00e4rile v\u00f5i lihtsalt oma igap\u00e4evaelu kaunistamiseks.  <\/strong><\/p><p><strong>VISIOON JA HOOLDUS: kontorisse, ruumidesse, fuajeesse pilkup\u00fc\u00fcdjaks v\u00f5i \u00fcksik\u00fcritusteks. Disain, teostus ja hooajaline hooldus. <\/strong><\/p><p><strong>LILLEKURSUSED: vaba aja veetmiseks, poissmeeste pidudeks, s\u00fcnnip\u00e4evadeks, j\u00f5ulude eel v\u00f5i isegi jaanip\u00e4evaks. P\u00e4rgade, kimpude, komplektide ja istutuste valmistamine. <\/strong><\/p><p> <\/p><p> <\/p><p> <\/p>\t\t\t\t\t\t\t\t<\/div>\n\t\t\t\t<\/div>\n\t\t\t\t\t<\/div>\n\t\t\t\t<\/div>\n\t\t<div class=\"elementor-element elementor-element-700efbfd e-flex e-con-boxed wpr-particle-no wpr-jarallax-no wpr-parallax-no wpr-sticky-section-no wpr-equal-height-no e-con e-parent\" data-id=\"700efbfd\" data-element_type=\"container\" data-e-type=\"container\" data-settings=\"{&quot;background_background&quot;:&quot;classic&quot;}\">\n\t\t\t\t\t<div class=\"e-con-inner\">\n\t\t\t\t<div class=\"elementor-element elementor-element-a2d06f8 elementor-widget elementor-widget-text-editor\" data-id=\"a2d06f8\" data-element_type=\"widget\" data-e-type=\"widget\" data-widget_type=\"text-editor.default\">\n\t\t\t\t<div class=\"elementor-widget-container\">\n\t\t\t\t\t\t\t\t\t<h2 class=\"wp-block-heading\">Meie veebipood ja transporditeenused<\/h2><p><strong>Meie juures on teie k\u00e4sutuses mitu veebiteenuse v\u00f5imalust: meie enda veebipood, kodumaine e-lill, rahvusvaheline Interflora ja kiirem Wolt. Valige endale sobivaim variant ja me toimetame selle kohale. K\u00f5igi teenuste puhul on v\u00f5imalik valida, kas need toimetatakse kohale v\u00f5i v\u00f5etakse k\u00e4tte \u00fchest meie kauplusest. Meie enda tarnepiirkond on kogu Helsingi pealinna piirkond. E-Flower ja Interflora tarnivad kaugemale.    <\/strong><\/p><h2><a href=\"https:\/\/shop.interflora.fi\/fi\/fi\"><img decoding=\"async\" class=\"alignnone size-medium wp-image-3127\" src=\"https:\/\/kukkakauppapuntti.fi\/wp-content\/uploads\/2024\/10\/interflora-logo-300x300.jpg\" alt=\"\" width=\"300\" height=\"300\" srcset=\"https:\/\/kukkakauppapuntti.fi\/wp-content\/uploads\/2024\/10\/interflora-logo-300x300.jpg 300w, https:\/\/kukkakauppapuntti.fi\/wp-content\/uploads\/2024\/10\/interflora-logo-100x100.jpg 100w, https:\/\/kukkakauppapuntti.fi\/wp-content\/uploads\/2024\/10\/interflora-logo-150x150.jpg 150w, https:\/\/kukkakauppapuntti.fi\/wp-content\/uploads\/2024\/10\/interflora-logo.jpg 550w\" sizes=\"(max-width: 300px) 100vw, 300px\" \/><\/a><\/h2><h2 class=\"wp-block-heading\">Interflora<\/h2><p>Interflora lilletoimetusega r\u00f5\u00f5mustate ja m\u00e4letate s\u00f5pra mujal Soomes v\u00f5i v\u00e4lismaal.<\/p>\t\t\t\t\t\t\t\t<\/div>\n\t\t\t\t<\/div>\n\t\t\t\t<div class=\"elementor-element elementor-element-d0100f0 wpr-button-icon-style-inline wpr-button-icon-position-right elementor-widget elementor-widget-wpr-button\" data-id=\"d0100f0\" data-element_type=\"widget\" data-e-type=\"widget\" data-widget_type=\"wpr-button.default\">\n\t\t\t\t<div class=\"elementor-widget-container\">\n\t\t\t\t\t\t\n\t\t\t\n\t\t\n\t\t<div class=\"wpr-button-wrap elementor-clearfix\">\n\t\t<a class=\"wpr-button wpr-button-effect wpr-button-none\" data-text=\"\" href=\"https:\/\/ekukka.fi\/\">\n\t\t\t\n\t\t\t<span class=\"wpr-button-content\">\n\t\t\t\t\t\t\t\t\t<span class=\"wpr-button-text\">E-kukka.fi<\/span>\n\t\t\t\t\t\t\t\t\n\t\t\t\t\t\t\t\t\t<span class=\"wpr-button-icon\"><svg class=\"e-font-icon-svg e-fas-angle-right\" viewBox=\"0 0 256 512\" xmlns=\"http:\/\/www.w3.org\/2000\/svg\"><path d=\"M224.3 273l-136 136c-9.4 9.4-24.6 9.4-33.9 0l-22.6-22.6c-9.4-9.4-9.4-24.6 0-33.9l96.4-96.4-96.4-96.4c-9.4-9.4-9.4-24.6 0-33.9L54.3 103c9.4-9.4 24.6-9.4 33.9 0l136 136c9.5 9.4 9.5 24.6.1 34z\"><\/path><\/svg><\/span>\n\t\t\t\t\t\t\t<\/span>\n\t\t<\/a>\n\n\t\t\t\t<\/div>\n\t\n\t\n\t\t\t\t\t<\/div>\n\t\t\t\t<\/div>\n\t\t\t\t<div class=\"elementor-element elementor-element-1549d50 elementor-widget elementor-widget-image\" data-id=\"1549d50\" data-element_type=\"widget\" data-e-type=\"widget\" data-widget_type=\"image.default\">\n\t\t\t\t<div class=\"elementor-widget-container\">\n\t\t\t\t\t\t\t\t\t\t\t\t\t\t\t\t<a href=\"https:\/\/ekukka.fi\/\">\n\t\t\t\t\t\t\t<img decoding=\"async\" width=\"374\" height=\"106\" src=\"https:\/\/kukkakauppapuntti.fi\/wp-content\/uploads\/2025\/04\/Screenshot-2025-04-24-at-11.26.32.png\" class=\"attachment-large size-large wp-image-5098\" alt=\"\" srcset=\"https:\/\/kukkakauppapuntti.fi\/wp-content\/uploads\/2025\/04\/Screenshot-2025-04-24-at-11.26.32.png 374w, https:\/\/kukkakauppapuntti.fi\/wp-content\/uploads\/2025\/04\/Screenshot-2025-04-24-at-11.26.32-300x85.png 300w\" sizes=\"(max-width: 374px) 100vw, 374px\" \/>\t\t\t\t\t\t\t\t<\/a>\n\t\t\t\t\t\t\t\t\t\t\t\t\t\t\t<\/div>\n\t\t\t\t<\/div>\n\t\t\t\t\t<\/div>\n\t\t\t\t<\/div>\n\t\t\t\t<\/div>\n\t\t","protected":false},"excerpt":{"rendered":"<p>Lisaks igap\u00e4evastele teenustele pakume ka mitmesuguseid eriteenuseid. V\u00f5tke meiega \u00fchendust ja me kohandame lillet\u00f6\u00f6d vastavalt teie vajadustele! Lein: matusekimbud, matusekomplektid, kirstukomplektid, p\u00e4rjad, urnikaunistused, kaastundeavaldused, m\u00e4lestuslilled. BRIDGING: pruudikimbud, peibutused, lilledekoratsioonid, pulmakaared, vastuv\u00f5turuumi kaunistamine. LILLELILLED JA KOHANDAMISED: igap\u00e4evaseks ja erilisteks s\u00fcndmusteks. R\u00f5\u00f5muks ja kurbuseks. S\u00f5brale, l\u00e4hedasele, lapsele, vanaisale, pension\u00e4rile v\u00f5i lihtsalt oma igap\u00e4evaelu kaunistamiseks. VISIOON JA HOOLDUS: kontorisse, ruumidesse, fuajeesse pilkup\u00fc\u00fcdjaks v\u00f5i \u00fcksik\u00fcritusteks. Disain, teostus ja hooajaline hooldus. LILLEKURSUSED: vaba aja veetmiseks, poissmeeste pidudeks, s\u00fcnnip\u00e4evadeks, j\u00f5ulude eel v\u00f5i isegi jaanip\u00e4evaks. P\u00e4rgade, kimpude, komplektide ja istutuste valmistamine. Meie veebipood ja transporditeenused Meie juures on teie k\u00e4sutuses mitu veebiteenuse v\u00f5imalust: meie enda veebipood, kodumaine e-lill, rahvusvaheline Interflora ja kiirem Wolt. Valige endale sobivaim variant ja me toimetame selle kohale. K\u00f5igi teenuste puhul on v\u00f5imalik valida, kas need toimetatakse kohale v\u00f5i v\u00f5etakse k\u00e4tte \u00fchest meie kauplusest. Meie enda tarnepiirkond on kogu Helsingi pealinna piirkond. E-Flower ja Interflora tarnivad kaugemale. Interflora Interflora lilletoimetusega r\u00f5\u00f5mustate ja m\u00e4letate s\u00f5pra mujal Soomes v\u00f5i v\u00e4lismaal. E-kukka.fi<\/p>\n","protected":false},"author":1,"featured_media":0,"parent":0,"menu_order":0,"comment_status":"closed","ping_status":"closed","template":"elementor_canvas","meta":{"site-sidebar-layout":"default","site-content-layout":"","ast-site-content-layout":"default","site-content-style":"default","site-sidebar-style":"default","ast-global-header-display":"","ast-banner-title-visibility":"","ast-main-header-display":"","ast-hfb-above-header-display":"","ast-hfb-below-header-display":"","ast-hfb-mobile-header-display":"","site-post-title":"","ast-breadcrumbs-content":"","ast-featured-img":"","footer-sml-layout":"","ast-disable-related-posts":"","theme-transparent-header-meta":"","adv-header-id-meta":"","stick-header-meta":"","header-above-stick-meta":"","header-main-stick-meta":"","header-below-stick-meta":"","astra-migrate-meta-layouts":"default","ast-page-background-enabled":"default","ast-page-background-meta":{"desktop":{"background-color":"var(--ast-global-color-4)","background-image":"","background-repeat":"repeat","background-position":"center center","background-size":"auto","background-attachment":"scroll","background-type":"","background-media":"","overlay-type":"","overlay-color":"","overlay-opacity":"","overlay-gradient":""},"tablet":{"background-color":"","background-image":"","background-repeat":"repeat","background-position":"center center","background-size":"auto","background-attachment":"scroll","background-type":"","background-media":"","overlay-type":"","overlay-color":"","overlay-opacity":"","overlay-gradient":""},"mobile":{"background-color":"","background-image":"","background-repeat":"repeat","background-position":"center center","background-size":"auto","background-attachment":"scroll","background-type":"","background-media":"","overlay-type":"","overlay-color":"","overlay-opacity":"","overlay-gradient":""}},"ast-content-background-meta":{"desktop":{"background-color":"var(--ast-global-color-5)","background-image":"","background-repeat":"repeat","background-position":"center center","background-size":"auto","background-attachment":"scroll","background-type":"","background-media":"","overlay-type":"","overlay-color":"","overlay-opacity":"","overlay-gradient":""},"tablet":{"background-color":"var(--ast-global-color-5)","background-image":"","background-repeat":"repeat","background-position":"center center","background-size":"auto","background-attachment":"scroll","background-type":"","background-media":"","overlay-type":"","overlay-color":"","overlay-opacity":"","overlay-gradient":""},"mobile":{"background-color":"var(--ast-global-color-5)","background-image":"","background-repeat":"repeat","background-position":"center center","background-size":"auto","background-attachment":"scroll","background-type":"","background-media":"","overlay-type":"","overlay-color":"","overlay-opacity":"","overlay-gradient":""}},"footnotes":""},"class_list":["post-1353","page","type-page","status-publish","hentry"],"_links":{"self":[{"href":"https:\/\/kukkakauppapuntti.fi\/et\/wp-json\/wp\/v2\/pages\/1353","targetHints":{"allow":["GET"]}}],"collection":[{"href":"https:\/\/kukkakauppapuntti.fi\/et\/wp-json\/wp\/v2\/pages"}],"about":[{"href":"https:\/\/kukkakauppapuntti.fi\/et\/wp-json\/wp\/v2\/types\/page"}],"author":[{"embeddable":true,"href":"https:\/\/kukkakauppapuntti.fi\/et\/wp-json\/wp\/v2\/users\/1"}],"replies":[{"embeddable":true,"href":"https:\/\/kukkakauppapuntti.fi\/et\/wp-json\/wp\/v2\/comments?post=1353"}],"version-history":[{"count":20,"href":"https:\/\/kukkakauppapuntti.fi\/et\/wp-json\/wp\/v2\/pages\/1353\/revisions"}],"predecessor-version":[{"id":5104,"href":"https:\/\/kukkakauppapuntti.fi\/et\/wp-json\/wp\/v2\/pages\/1353\/revisions\/5104"}],"wp:attachment":[{"href":"https:\/\/kukkakauppapuntti.fi\/et\/wp-json\/wp\/v2\/media?parent=1353"}],"curies":[{"name":"wp","href":"https:\/\/api.w.org\/{rel}","templated":true}]}}