{"id":1318,"date":"2024-10-03T09:44:15","date_gmt":"2024-10-03T09:44:15","guid":{"rendered":"https:\/\/kukkakauppapuntti-fi.vserver.zonevs.eu\/kimbud-igaks-juhuks\/"},"modified":"2024-10-15T10:06:24","modified_gmt":"2024-10-15T10:06:24","slug":"kimbud-igaks-juhuks","status":"publish","type":"page","link":"https:\/\/kukkakauppapuntti.fi\/et\/kimbud-igaks-juhuks\/","title":{"rendered":"Kimbud igaks juhuks"},"content":{"rendered":"\n<h2 class=\"wp-block-heading\"><strong>Selgus loob elegantsi<\/strong><\/h2>\n\n<p>See kimp n\u00e4itab amar\u00fclliisi kui ilusat l\u00f5ikelille. Stiili poolest sobib kimp nii meestele kui ka naistele peokimbuuks, kunstnikule n\u00e4ituse avamisel, ettev\u00f5tte fuajees v\u00f5i matusekimbu valge versioonina. <\/p>\n\n<p>Sarnased muud selged ja uhked lilled on liiliad, gerberad, kallad, flamingolilled, suured kr\u00fcsanteemid. <\/p>\n\n<h2 class=\"wp-block-heading\"><\/h2>\n\n<h2 class=\"wp-block-heading\"><\/h2>\n\n<h2 class=\"wp-block-heading\"><\/h2>\n\n<h2 class=\"wp-block-heading\"><strong>K\u00fclluse mitmekesisus<\/strong><\/h2>\n\n<p>Kombineerides erinevaid lilli ja eredaid v\u00e4rve, saate luua r\u00f5\u00f5msameelse ja ergutava kimpu. See kimp on silmade r\u00f5\u00f5muks. Seda v\u00f5ib kasutada k\u00fclakimbu, \u00f5nnitluskingitusena, &#8220;preemiaks\" koduse p\u00e4eva koristamise eest v\u00f5i t\u00e4nut\u00e4heks t\u00f6\u00f6tajale h\u00e4sti tehtud t\u00f6\u00f6 eest.  <\/p>\n\n<h2 class=\"wp-block-heading\"><strong>Toonis-toonis<\/strong><\/h2>\n\n<p>Selles kimbus loovad pehmed, p\u00f5imuvad v\u00e4rvid pehmet ja romantilist atmosf\u00e4\u00e4ri. Sobib pulma, beebipidu, naistep\u00e4evakingituseks, oma abikaasa hellitamiseks pulmap\u00e4eval v\u00f5i emadep\u00e4eva kimbuks. <\/p>\n\n<h2 class=\"wp-block-heading\"><br\/><strong>Hooajaliselt<\/strong><\/h2>\n\n<p>Selles kimbus loovad okaspuud talvise atmosf\u00e4\u00e4ri ja l\u00f5hna. Roosid ja cymbidium orhidee muudavad kimpu pidulikuks ja selgelt tagasihoidlikuks. See kimp v\u00f5iks olla kaunistuseks h\u00f5\u00f5gveinipeole, \u00f5nnitluskimbuks detsembrikuu s\u00fcnnip\u00e4evaks v\u00f5i j\u00f5ulutervituseks \u0161okolaadilaastudega.  <\/p>\n\n<h2 class=\"wp-block-heading\"><\/h2>\n\n<h2 class=\"wp-block-heading\"><strong>Hooaja v\u00e4rvides<\/strong><\/h2>\n\n<h2 class=\"wp-block-heading\"><\/h2>\n\n<p>Lihav\u00f5ttep\u00fchad on kollased, maip\u00fchad on erksav\u00e4rvilised, jaanip\u00e4ev on sinine ja valge, halloween on oran\u017e, j\u00f5ulud on punased, uusaasta on valge ja nii edasi. Teemakohased kaunistused t\u00e4iendavad hooajalist kimpu ning lisavad r\u00f5\u00f5mu ja huvi. Kaunistage oma kodu p\u00fchadeks v\u00f5i viige s\u00f5brale v\u00f5i t\u00f6\u00f6kohale igap\u00e4evaeluks.  <\/p>\n\n<h1 class=\"wp-block-heading\">Kokkulepped<\/h1>\n\n<h2 class=\"wp-block-heading\"><strong>L\u00f5ikelillede j\u00f5ulukorraldus<\/strong><\/h2>\n\n<p>Lilleseade pidulikul laual on elegantne, kui see on valmistatud l\u00f5ikelilledest. Sellisel juhul ei ole s\u00f6\u00f6gilauale muld, vaid lilled on asetatud niiskesse lillevaagnasse. Konteiner v\u00f5ib olla tagasihoidlik ja peidetud roheliste lehtede alla v\u00f5i olla osa lauakattest ja selgelt v\u00e4lja pandud.  <br\/><br\/>Pildil oleva paigutuse k\u00f5rgus muudab selle sobivaks k\u00fcljelauale v\u00f5i nuputamislaua keskele. Istuva s\u00f6\u00f6gilaua jaoks on madal paigutus k\u00f5ige praktilisem.<strong><br\/><br\/> Nii saavad s\u00f6\u00f6jad h\u00f5lpsasti seguneda ja lilled ei satu silma<\/strong><strong>.<\/strong>Teine idee laua katmiseks v\u00f5ib olla piki laua pinda kulgev rida v\u00e4ikseid lilleseadeid. tihtipeale viib hea idee muljetavaldava ja meeldej\u00e4\u00e4va lahenduseni. Laske professionaalil oma ideedega aidata.<strong><\/strong>    <\/p>\n\n<h2 class=\"wp-block-heading\"><strong>J\u00f5ulukorvid ja -korraldused<\/strong><\/h2>\n\n<p>J\u00f5uluistutus v\u00f5ib olla mitme taime harmooniline kombinatsioon koos samblaga v\u00f5i selge kombinatsioon \u00fchest taimest stiilses konteineris.<\/p>\n\n<p><br\/>Taimed on istutatud koos juurtega, nii et neid t\u00f6\u00f6deldakse tavalise kastmisega. Istutus kestab kaua ja pakub saajale r\u00f5\u00f5mu ka p\u00e4rast j\u00f5ulup\u00fchi. <\/p>\n\n<h1 class=\"wp-block-heading\">Pulmad<\/h1>\n\n<p><strong>Pruudikimp<\/strong> t\u00e4iendab pruudi riietust ja seet\u00f5ttu on iga pruudikimp ainulaadne ja \u00fchiselt kujundatud. Nii et broneerige kohtumine meie floristidega, et teha ajur\u00fcnnak ja kujundada oma kimp. On olemas suur valik kujundusi alates lihtsatest k\u00e4ekimpudest kuni keerukate pruudikimpudeni.  <\/p>\n\n<p>Hinda m\u00f5jutavad lilled, aga ka hoolikas ja aegan\u00f5udev k\u00e4sit\u00f6\u00f6. \u00d5nnestunud ansamblis on nii lilled kui ka pruut oma kleidi ja soenguga elegantselt tasakaalus. <\/p>\n\n<p><strong>Peigmehe pross ehk peibutis<\/strong> j\u00e4rgib tavaliselt pruudi kimpu stiili. Ka peigmees ja peigmehe pruutneitsi kannavad oma rinnal sarnaseid lilleseadmeid. <\/p>\n\n<p><strong>Serveerimislauad, s\u00f6\u00f6gilauad, sissep\u00e4\u00e4s, kingituslaud<\/strong> vajavad samuti kaunistamist, et luua pidulik atmosf\u00e4\u00e4r. Lilleseade ei pea alati olema suur ja uhke, kuid loominguliste ideede ja arusaamade abil saab eelarvega peodekoratsioonid muuta igavad lauajooned pidulikeks keskseadeiks. Siin saavad meie floristid aidata ja pakkuda erinevaid v\u00f5imalusi teie \u00fchiste ideede p\u00f5hjal.  <\/p>\n\n<p>Seega v\u00f5tke oma lillepoodnikuga aegsasti \u00fchendust, et saaksite keskenduda oma peo teistele elementidele.<\/p>\n\n<h1 class=\"wp-block-heading\">Survevaba<\/h1>\n\n<p>Matustel on leinavihik v\u00f5i matusekimp peamine viis surnu m\u00e4lestuseks. Suured matusep\u00e4rgad on v\u00e4hem levinud ja neid n\u00e4eb sagedamini riiklikel matustel. <\/p>\n\n<p>Surmavihiku v\u00f5i -kimbu v\u00e4rv v\u00f5ib olla surnu lemmikv\u00e4rvides v\u00f5i patriootilises sinimustvalges. K\u00f5iki lilleseadeid ja -v\u00e4rve v\u00f5ib kasutada surnuaia puhul. K\u00f5ige levinumad on valge ning valge ja valge kombinatsioonid. Omap\u00e4rasemad ja soojemad komplektid luuakse toonide kombinatsioonidega.   <\/p>\n\n<p><strong>Leinav\u00f6\u00f6<\/strong> on valmistatud niiskust s\u00e4ilitavast lillealusest ja s\u00e4ilib seet\u00f5ttu h\u00e4sti ka p\u00e4rast pikemat transporti, n\u00e4iteks teise kohta. Vihik on pisarakujuline ja k\u00e4epidemega, et seda oleks lihtne kaasas kanda. <\/p>\n\n<p>Lille alus v\u00f5ib olla ka ringikujuline, sellisel juhul nimetatakse seda leinakurgiks.<\/p>\n\n<p><strong>Leinakimp<\/strong> on tavaliselt v\u00e4iksem kui leinavihik. See v\u00f5ib olla tilgakujuline v\u00f5i \u00fcmmargune. <\/p>\n\n<p><strong>M\u00e4lestusi<\/strong> saab kinnitada lillekingale kas tekstiriba v\u00f5i leinakaardina.<\/p>\n\n<p><strong>Kirstuseade <\/strong>on kirstu k\u00fclge kinnitatud lilleseade, mis v\u00f5ib olla kitsalt pikk, kirstu servade j\u00e4rgi allapoole voolav v\u00f5i \u00fcmaralt k\u00fcnklik.<\/p>\n\n<p>Hea m\u00f5te on<strong>tellida<\/strong> <strong>matusevarustus<\/strong> n\u00e4dal enne matuseid.<\/p>\n","protected":false},"excerpt":{"rendered":"<p>Selgus loob elegantsi See kimp n\u00e4itab amar\u00fclliisi kui ilusat l\u00f5ikelille. Stiili poolest sobib kimp nii meestele kui ka naistele peokimbuuks, kunstnikule n\u00e4ituse avamisel, ettev\u00f5tte fuajees v\u00f5i matusekimbu valge versioonina. Sarnased muud selged ja uhked lilled on liiliad, gerberad, kallad, flamingolilled, suured kr\u00fcsanteemid. K\u00fclluse mitmekesisus Kombineerides erinevaid lilli ja eredaid v\u00e4rve, saate luua r\u00f5\u00f5msameelse ja ergutava kimpu. See kimp on silmade r\u00f5\u00f5muks. Seda v\u00f5ib kasutada k\u00fclakimbu, \u00f5nnitluskingitusena, &#8220;preemiaks\" koduse p\u00e4eva koristamise eest v\u00f5i t\u00e4nut\u00e4heks t\u00f6\u00f6tajale h\u00e4sti tehtud t\u00f6\u00f6 eest. Toonis-toonis Selles kimbus loovad pehmed, p\u00f5imuvad v\u00e4rvid pehmet ja romantilist atmosf\u00e4\u00e4ri. Sobib pulma, beebipidu, naistep\u00e4evakingituseks, oma abikaasa hellitamiseks pulmap\u00e4eval v\u00f5i emadep\u00e4eva kimbuks. Hooajaliselt Selles kimbus loovad okaspuud talvise atmosf\u00e4\u00e4ri ja l\u00f5hna. Roosid ja cymbidium orhidee muudavad kimpu pidulikuks ja selgelt tagasihoidlikuks. See kimp v\u00f5iks olla kaunistuseks h\u00f5\u00f5gveinipeole, \u00f5nnitluskimbuks detsembrikuu s\u00fcnnip\u00e4evaks v\u00f5i j\u00f5ulutervituseks \u0161okolaadilaastudega. Hooaja v\u00e4rvides Lihav\u00f5ttep\u00fchad on kollased, maip\u00fchad on erksav\u00e4rvilised, jaanip\u00e4ev on sinine ja valge, halloween on oran\u017e, j\u00f5ulud on punased, uusaasta on valge ja nii edasi. Teemakohased kaunistused t\u00e4iendavad hooajalist kimpu ning lisavad r\u00f5\u00f5mu ja huvi. Kaunistage oma kodu p\u00fchadeks v\u00f5i viige s\u00f5brale v\u00f5i t\u00f6\u00f6kohale igap\u00e4evaeluks. Kokkulepped L\u00f5ikelillede j\u00f5ulukorraldus Lilleseade pidulikul laual on elegantne, kui see on valmistatud l\u00f5ikelilledest. Sellisel juhul ei ole s\u00f6\u00f6gilauale muld, vaid lilled on asetatud niiskesse lillevaagnasse. Konteiner v\u00f5ib olla tagasihoidlik ja peidetud roheliste lehtede alla v\u00f5i olla osa lauakattest ja selgelt v\u00e4lja pandud. Pildil oleva paigutuse k\u00f5rgus muudab selle sobivaks k\u00fcljelauale v\u00f5i nuputamislaua keskele. Istuva s\u00f6\u00f6gilaua jaoks on madal paigutus k\u00f5ige praktilisem. Nii saavad s\u00f6\u00f6jad h\u00f5lpsasti seguneda ja lilled ei satu silma.Teine idee laua katmiseks v\u00f5ib olla piki laua pinda kulgev rida v\u00e4ikseid lilleseadeid. tihtipeale viib hea idee muljetavaldava ja meeldej\u00e4\u00e4va lahenduseni. Laske professionaalil oma ideedega aidata. J\u00f5ulukorvid ja -korraldused J\u00f5uluistutus v\u00f5ib olla mitme taime harmooniline kombinatsioon koos samblaga v\u00f5i selge kombinatsioon \u00fchest taimest stiilses konteineris. Taimed on istutatud koos juurtega, nii et neid t\u00f6\u00f6deldakse tavalise kastmisega. Istutus kestab kaua ja pakub saajale r\u00f5\u00f5mu ka p\u00e4rast j\u00f5ulup\u00fchi. Pulmad Pruudikimp t\u00e4iendab pruudi riietust ja seet\u00f5ttu on iga pruudikimp ainulaadne ja \u00fchiselt kujundatud. Nii et broneerige kohtumine meie floristidega, et teha ajur\u00fcnnak ja kujundada oma kimp. On olemas suur valik kujundusi alates lihtsatest k\u00e4ekimpudest kuni keerukate pruudikimpudeni. Hinda m\u00f5jutavad lilled, aga ka hoolikas ja aegan\u00f5udev k\u00e4sit\u00f6\u00f6. \u00d5nnestunud ansamblis on nii lilled kui ka pruut oma kleidi ja soenguga elegantselt tasakaalus. Peigmehe pross ehk peibutis j\u00e4rgib tavaliselt pruudi kimpu stiili. Ka peigmees ja peigmehe pruutneitsi kannavad oma rinnal sarnaseid lilleseadmeid. Serveerimislauad, s\u00f6\u00f6gilauad, sissep\u00e4\u00e4s, kingituslaud vajavad samuti kaunistamist, et luua pidulik atmosf\u00e4\u00e4r. Lilleseade ei pea alati olema suur ja uhke, kuid loominguliste ideede ja arusaamade abil saab eelarvega peodekoratsioonid muuta igavad lauajooned pidulikeks keskseadeiks. Siin saavad meie floristid aidata ja pakkuda erinevaid v\u00f5imalusi teie \u00fchiste ideede p\u00f5hjal. Seega v\u00f5tke oma lillepoodnikuga aegsasti \u00fchendust, et saaksite keskenduda oma peo teistele elementidele. Survevaba Matustel on leinavihik v\u00f5i matusekimp peamine viis surnu m\u00e4lestuseks. Suured matusep\u00e4rgad on v\u00e4hem levinud ja neid n\u00e4eb sagedamini riiklikel matustel. Surmavihiku v\u00f5i -kimbu v\u00e4rv v\u00f5ib olla surnu lemmikv\u00e4rvides v\u00f5i patriootilises sinimustvalges. K\u00f5iki lilleseadeid ja -v\u00e4rve v\u00f5ib kasutada surnuaia puhul. K\u00f5ige levinumad on valge ning valge ja valge kombinatsioonid. Omap\u00e4rasemad ja soojemad komplektid luuakse toonide kombinatsioonidega. Leinav\u00f6\u00f6 on valmistatud niiskust s\u00e4ilitavast lillealusest ja s\u00e4ilib seet\u00f5ttu h\u00e4sti ka p\u00e4rast pikemat transporti, n\u00e4iteks teise kohta. Vihik on pisarakujuline ja k\u00e4epidemega, et seda oleks lihtne kaasas kanda. Lille alus v\u00f5ib olla ka ringikujuline, sellisel juhul nimetatakse seda leinakurgiks. Leinakimp on tavaliselt v\u00e4iksem kui leinavihik. See v\u00f5ib olla tilgakujuline v\u00f5i \u00fcmmargune. M\u00e4lestusi saab kinnitada lillekingale kas tekstiriba v\u00f5i leinakaardina. Kirstuseade on kirstu k\u00fclge kinnitatud lilleseade, mis v\u00f5ib olla kitsalt pikk, kirstu servade j\u00e4rgi allapoole voolav v\u00f5i \u00fcmaralt k\u00fcnklik. Hea m\u00f5te ontellida matusevarustus n\u00e4dal enne matuseid.<\/p>\n","protected":false},"author":1,"featured_media":0,"parent":0,"menu_order":0,"comment_status":"closed","ping_status":"closed","template":"","meta":{"site-sidebar-layout":"default","site-content-layout":"","ast-site-content-layout":"default","site-content-style":"default","site-sidebar-style":"default","ast-global-header-display":"","ast-banner-title-visibility":"","ast-main-header-display":"","ast-hfb-above-header-display":"","ast-hfb-below-header-display":"","ast-hfb-mobile-header-display":"","site-post-title":"","ast-breadcrumbs-content":"","ast-featured-img":"","footer-sml-layout":"","ast-disable-related-posts":"","theme-transparent-header-meta":"","adv-header-id-meta":"","stick-header-meta":"","header-above-stick-meta":"","header-main-stick-meta":"","header-below-stick-meta":"","astra-migrate-meta-layouts":"default","ast-page-background-enabled":"default","ast-page-background-meta":{"desktop":{"background-color":"var(--ast-global-color-4)","background-image":"","background-repeat":"repeat","background-position":"center center","background-size":"auto","background-attachment":"scroll","background-type":"","background-media":"","overlay-type":"","overlay-color":"","overlay-opacity":"","overlay-gradient":""},"tablet":{"background-color":"","background-image":"","background-repeat":"repeat","background-position":"center center","background-size":"auto","background-attachment":"scroll","background-type":"","background-media":"","overlay-type":"","overlay-color":"","overlay-opacity":"","overlay-gradient":""},"mobile":{"background-color":"","background-image":"","background-repeat":"repeat","background-position":"center center","background-size":"auto","background-attachment":"scroll","background-type":"","background-media":"","overlay-type":"","overlay-color":"","overlay-opacity":"","overlay-gradient":""}},"ast-content-background-meta":{"desktop":{"background-color":"var(--ast-global-color-5)","background-image":"","background-repeat":"repeat","background-position":"center center","background-size":"auto","background-attachment":"scroll","background-type":"","background-media":"","overlay-type":"","overlay-color":"","overlay-opacity":"","overlay-gradient":""},"tablet":{"background-color":"var(--ast-global-color-5)","background-image":"","background-repeat":"repeat","background-position":"center center","background-size":"auto","background-attachment":"scroll","background-type":"","background-media":"","overlay-type":"","overlay-color":"","overlay-opacity":"","overlay-gradient":""},"mobile":{"background-color":"var(--ast-global-color-5)","background-image":"","background-repeat":"repeat","background-position":"center center","background-size":"auto","background-attachment":"scroll","background-type":"","background-media":"","overlay-type":"","overlay-color":"","overlay-opacity":"","overlay-gradient":""}},"footnotes":""},"class_list":["post-1318","page","type-page","status-publish","hentry"],"_links":{"self":[{"href":"https:\/\/kukkakauppapuntti.fi\/et\/wp-json\/wp\/v2\/pages\/1318","targetHints":{"allow":["GET"]}}],"collection":[{"href":"https:\/\/kukkakauppapuntti.fi\/et\/wp-json\/wp\/v2\/pages"}],"about":[{"href":"https:\/\/kukkakauppapuntti.fi\/et\/wp-json\/wp\/v2\/types\/page"}],"author":[{"embeddable":true,"href":"https:\/\/kukkakauppapuntti.fi\/et\/wp-json\/wp\/v2\/users\/1"}],"replies":[{"embeddable":true,"href":"https:\/\/kukkakauppapuntti.fi\/et\/wp-json\/wp\/v2\/comments?post=1318"}],"version-history":[{"count":1,"href":"https:\/\/kukkakauppapuntti.fi\/et\/wp-json\/wp\/v2\/pages\/1318\/revisions"}],"predecessor-version":[{"id":1319,"href":"https:\/\/kukkakauppapuntti.fi\/et\/wp-json\/wp\/v2\/pages\/1318\/revisions\/1319"}],"wp:attachment":[{"href":"https:\/\/kukkakauppapuntti.fi\/et\/wp-json\/wp\/v2\/media?parent=1318"}],"curies":[{"name":"wp","href":"https:\/\/api.w.org\/{rel}","templated":true}]}}