{"id":1402,"date":"2024-10-04T12:54:53","date_gmt":"2024-10-04T12:54:53","guid":{"rendered":"https:\/\/kukkakauppapuntti-fi.vserver.zonevs.eu\/cards\/"},"modified":"2025-04-24T09:39:19","modified_gmt":"2025-04-24T09:39:19","slug":"cards","status":"publish","type":"page","link":"https:\/\/kukkakauppapuntti.fi\/en\/cards\/","title":{"rendered":"Cards"},"content":{"rendered":"\t\t<div data-elementor-type=\"wp-page\" data-elementor-id=\"1402\" class=\"elementor elementor-1402 elementor-471\">\n\t\t\t\t<div class=\"elementor-element elementor-element-289d17c e-flex e-con-boxed wpr-particle-no wpr-jarallax-no wpr-parallax-no wpr-sticky-section-no wpr-equal-height-no e-con e-parent\" data-id=\"289d17c\" data-element_type=\"container\" data-e-type=\"container\">\n\t\t\t\t\t<div class=\"e-con-inner\">\n\t\t\t\t<div class=\"elementor-element elementor-element-83ffb8b elementor-widget elementor-widget-heading\" data-id=\"83ffb8b\" data-element_type=\"widget\" data-e-type=\"widget\" data-widget_type=\"heading.default\">\n\t\t\t\t<div class=\"elementor-widget-container\">\n\t\t\t\t\t<h2 class=\"elementor-heading-title elementor-size-default\">Cards<\/h2>\t\t\t\t<\/div>\n\t\t\t\t<\/div>\n\t\t\t\t<div class=\"elementor-element elementor-element-85be8c5 elementor-widget elementor-widget-text-editor\" data-id=\"85be8c5\" data-element_type=\"widget\" data-e-type=\"widget\" data-widget_type=\"text-editor.default\">\n\t\t\t\t<div class=\"elementor-widget-container\">\n\t\t\t\t\t\t\t\t\t<p>The flowers supplied include a small white blanco card with envelope free of charge. Please note that there is very little space for text on the card.<br>If you would like more text and a card with a picture, please click here.<br>Please enter the text you would like to use on the card in the recipient&#8217;s contact details. <\/p>\t\t\t\t\t\t\t\t<\/div>\n\t\t\t\t<\/div>\n\t\t\t\t\t<\/div>\n\t\t\t\t<\/div>\n\t\t<div class=\"elementor-element elementor-element-5d7d3ea e-flex e-con-boxed wpr-particle-no wpr-jarallax-no wpr-parallax-no wpr-sticky-section-no wpr-equal-height-no e-con e-parent\" data-id=\"5d7d3ea\" data-element_type=\"container\" data-e-type=\"container\">\n\t\t\t\t\t<div class=\"e-con-inner\">\n\t\t\t\t<div class=\"elementor-element elementor-element-bc5b95a wpr-grid-columns-3 wpr-grid-columns--tablet2 wpr-grid-columns--mobile1 wpr-grid-pagination-center wpr-item-styles-inner elementor-widget elementor-widget-wpr-woo-grid\" data-id=\"bc5b95a\" data-element_type=\"widget\" data-e-type=\"widget\" data-widget_type=\"wpr-woo-grid.default\">\n\t\t\t\t<div class=\"elementor-widget-container\">\n\t\t\t\t\t<ul class=\"wpr-grid-filters elementor-clearfix wpr-grid-filters-sep-right\"><li class=\" wpr-pointer-none wpr-pointer-line-fx wpr-pointer-fx-none\"><span data-filter=\"*\" class=\"wpr-active-filter \">All<\/span><em class=\"wpr-grid-filters-sep\"><\/em><\/li><li class=\" wpr-pointer-none wpr-pointer-line-fx wpr-pointer-fx-none\"><span  data-ajax-filter=[\"product_cat\",\"kortit\"] data-filter=\".product_cat-kortit\">Kortit<\/span><em class=\"wpr-grid-filters-sep\"><\/em><\/li><\/ul><section class=\"wpr-grid elementor-clearfix\" data-settings=\"{&quot;layout&quot;:&quot;fitRows&quot;,&quot;stick_last_element_to_bottom&quot;:&quot;&quot;,&quot;columns_desktop&quot;:3,&quot;gutter_hr&quot;:20,&quot;gutter_hr_mobile&quot;:20,&quot;gutter_hr_mobile_extra&quot;:20,&quot;gutter_hr_tablet&quot;:20,&quot;gutter_hr_tablet_extra&quot;:20,&quot;gutter_hr_laptop&quot;:20,&quot;gutter_hr_widescreen&quot;:20,&quot;gutter_vr&quot;:30,&quot;gutter_vr_mobile&quot;:30,&quot;gutter_vr_mobile_extra&quot;:30,&quot;gutter_vr_tablet&quot;:30,&quot;gutter_vr_tablet_extra&quot;:30,&quot;gutter_vr_laptop&quot;:30,&quot;gutter_vr_widescreen&quot;:30,&quot;animation&quot;:&quot;default&quot;,&quot;animation_duration&quot;:0.3,&quot;animation_delay&quot;:0.1,&quot;deeplinking&quot;:&quot;&quot;,&quot;filters_linkable&quot;:&quot;no&quot;,&quot;filters_default_filter&quot;:&quot;&quot;,&quot;filters_count&quot;:&quot;&quot;,&quot;filters_hide_empty&quot;:&quot;no&quot;,&quot;filters_animation&quot;:&quot;default&quot;,&quot;filters_animation_duration&quot;:0.3,&quot;filters_animation_delay&quot;:0.1,&quot;pagination_type&quot;:&quot;load-more&quot;,&quot;pagination_max_pages&quot;:1,&quot;query_posts_per_page&quot;:15,&quot;lightbox&quot;:{&quot;selector&quot;:&quot;.wpr-grid-image-wrap&quot;,&quot;iframeMaxWidth&quot;:&quot;60%&quot;,&quot;hash&quot;:false,&quot;autoplay&quot;:&quot;true&quot;,&quot;pause&quot;:5000,&quot;progressBar&quot;:&quot;true&quot;,&quot;counter&quot;:&quot;true&quot;,&quot;controls&quot;:&quot;true&quot;,&quot;getCaptionFromTitleOrAlt&quot;:&quot;true&quot;,&quot;thumbnail&quot;:&quot;&quot;,&quot;showThumbByDefault&quot;:&quot;&quot;,&quot;share&quot;:&quot;&quot;,&quot;zoom&quot;:&quot;true&quot;,&quot;fullScreen&quot;:&quot;true&quot;,&quot;download&quot;:&quot;true&quot;}}\" data-advanced-filters=\"no\" data-found-posts = 4><article class=\"wpr-grid-item elementor-clearfix post-4170 product type-product status-publish has-post-thumbnail product_cat-cards product_cat-pressure-free desktop-align-left tablet-align-left mobile-align-left first instock taxable shipping-taxable purchasable product-type-variable\"><div class=\"wpr-grid-item-inner\"><div class=\"wpr-grid-media-wrap wpr-effect-size-medium \" data-overlay-link=\"yes\"><div class=\"wpr-grid-image-wrap\" data-src=\"https:\/\/kukkakauppapuntti.fi\/wp-content\/uploads\/elementor\/thumbs\/surukortti-scaled-rezbew4v8x440zgg796mj7sdux3xok71yw794j3v6o.jpg\"  data-img-on-hover=\"\" data-src-secondary=\"\"><img decoding=\"async\" src=\"https:\/\/kukkakauppapuntti.fi\/wp-content\/uploads\/elementor\/thumbs\/surukortti-scaled-rezbew4v8x440zgg796mj7sdux3xok71yw794j3v6o.jpg\" alt=\"Mourning card\" class=\"wpr-anim-timing-ease-default\"><\/div><div class=\"wpr-grid-media-hover wpr-animation-wrap\"><div class=\"wpr-grid-media-hover-bg  wpr-overlay-fade-in wpr-anim-size-large wpr-anim-timing-ease-default wpr-anim-transparency\" data-url=\"https:\/\/kukkakauppapuntti.fi\/en\/product\/mourning-card\/\"><\/div><div class=\"wpr-cv-container\"><div class=\"wpr-cv-outer\"><div class=\"wpr-cv-inner\"><div class=\"wpr-grid-media-hover-middle elementor-clearfix\"><div class=\"wpr-grid-item-status elementor-repeater-item-635a688 wpr-grid-item-display-block wpr-grid-item-align-middle wpr-element-fade-in wpr-anim-size-large wpr-anim-timing-ease-default wpr-anim-transparency\"><div class=\"inner-block\"><\/div><\/div><\/div><\/div><\/div><\/div><\/div><\/div><div class=\"wpr-grid-item-below-content elementor-clearfix\"><h2 class=\"wpr-grid-item-title elementor-repeater-item-e911fa4 wpr-grid-item-display-block wpr-grid-item-align-left wpr-pointer-none wpr-pointer-line-fx wpr-pointer-fx-fade\"><div class=\"inner-block\"><a target=\"_self\"   href=\"https:\/\/kukkakauppapuntti.fi\/en\/product\/mourning-card\/\">Mourning card<\/a><\/div><\/h2><div class=\"wpr-grid-item-price elementor-repeater-item-834c431 wpr-grid-item-display-block wpr-grid-item-align-left\"><div class=\"inner-block\"><span><span class=\"woocommerce-Price-amount amount\" aria-hidden=\"true\">2,00&nbsp;<span class=\"woocommerce-Price-currencySymbol\">&euro;<\/span><\/span> <span aria-hidden=\"true\">&ndash;<\/span> <span class=\"woocommerce-Price-amount amount\" aria-hidden=\"true\">5,00&nbsp;<span class=\"woocommerce-Price-currencySymbol\">&euro;<\/span><\/span><span class=\"screen-reader-text\">Price range: 2,00&nbsp;&euro; through 5,00&nbsp;&euro;<\/span><\/span><\/div><\/div><div class=\"wpr-grid-item-add-to-cart elementor-repeater-item-7ced683 wpr-grid-item-display-block wpr-grid-item-align-left\"><div class=\"inner-block\"><a rel=\"nofollow\" class=\"product_type_variable add_to_cart_button wpr-button-effect wpr-button-none \" aria-label=\"Select options for &ldquo;Mourning card&rdquo;\" data-product_id=\"4170\" data-product_sku=\"\" data-atc-popup=\"\" data-atc-animation=\"\" data-atc-fade-out-in=\"\" data-atc-animation-time=\"\" href=\"https:\/\/kukkakauppapuntti.fi\/en\/product\/mourning-card\/\"><span>Choose from the options<\/span><\/a><\/div><\/div><\/div><\/div><\/article><article class=\"wpr-grid-item elementor-clearfix post-3481 product type-product status-publish has-post-thumbnail product_cat-cards product_cat-valentines-day-2025 product_cat-womens-day-2025 desktop-align-left tablet-align-left mobile-align-left  instock taxable shipping-taxable purchasable product-type-simple\"><div class=\"wpr-grid-item-inner\"><div class=\"wpr-grid-media-wrap wpr-effect-size-medium \" data-overlay-link=\"yes\"><div class=\"wpr-grid-image-wrap\" data-src=\"https:\/\/kukkakauppapuntti.fi\/wp-content\/uploads\/elementor\/thumbs\/pikkukortit-scaled-rezbex2pfr5eclf31rl93pjugazaw9asb0uqlt2h0g.jpeg\"  data-img-on-hover=\"\" data-src-secondary=\"\"><img decoding=\"async\" src=\"https:\/\/kukkakauppapuntti.fi\/wp-content\/uploads\/elementor\/thumbs\/pikkukortit-scaled-rezbex2pfr5eclf31rl93pjugazaw9asb0uqlt2h0g.jpeg\" alt=\"{&quot;remix_data&quot;:[],&quot;remix_entry_point&quot;:&quot;challenges&quot;,&quot;source_tags&quot;:[&quot;local&quot;],&quot;origin&quot;:&quot;unknown&quot;,&quot;total_draw_time&quot;:0,&quot;total_draw_actions&quot;:0,&quot;layers_used&quot;:0,&quot;brushes_used&quot;:0,&quot;photos_added&quot;:0,&quot;total_editor_actions&quot;:{},&quot;tools_used&quot;:{},&quot;is_sticker&quot;:false,&quot;edited_since_last_sticker_save&quot;:false,&quot;containsFTESticker&quot;:false}\" class=\"wpr-anim-timing-ease-default\"><\/div><div class=\"wpr-grid-media-hover wpr-animation-wrap\"><div class=\"wpr-grid-media-hover-bg  wpr-overlay-fade-in wpr-anim-size-large wpr-anim-timing-ease-default wpr-anim-transparency\" data-url=\"https:\/\/kukkakauppapuntti.fi\/en\/product\/small-card\/\"><\/div><div class=\"wpr-cv-container\"><div class=\"wpr-cv-outer\"><div class=\"wpr-cv-inner\"><div class=\"wpr-grid-media-hover-middle elementor-clearfix\"><div class=\"wpr-grid-item-status elementor-repeater-item-635a688 wpr-grid-item-display-block wpr-grid-item-align-middle wpr-element-fade-in wpr-anim-size-large wpr-anim-timing-ease-default wpr-anim-transparency\"><div class=\"inner-block\"><\/div><\/div><\/div><\/div><\/div><\/div><\/div><\/div><div class=\"wpr-grid-item-below-content elementor-clearfix\"><h2 class=\"wpr-grid-item-title elementor-repeater-item-e911fa4 wpr-grid-item-display-block wpr-grid-item-align-left wpr-pointer-none wpr-pointer-line-fx wpr-pointer-fx-fade\"><div class=\"inner-block\"><a target=\"_self\"   href=\"https:\/\/kukkakauppapuntti.fi\/en\/product\/small-card\/\">Small card<\/a><\/div><\/h2><div class=\"wpr-grid-item-price elementor-repeater-item-834c431 wpr-grid-item-display-block wpr-grid-item-align-left\"><div class=\"inner-block\"><span><span class=\"woocommerce-Price-amount amount\">2,50&nbsp;<span class=\"woocommerce-Price-currencySymbol\">&euro;<\/span><\/span><\/span><\/div><\/div><div class=\"wpr-grid-item-add-to-cart elementor-repeater-item-7ced683 wpr-grid-item-display-block wpr-grid-item-align-left\"><div class=\"inner-block\"><a rel=\"nofollow\" class=\"product_type_simple add_to_cart_button ajax_add_to_cart wpr-button-effect wpr-button-none \" aria-label=\"Add to cart: &ldquo;Small card&rdquo;\" data-product_id=\"3481\" data-product_sku=\"\" data-atc-popup=\"\" data-atc-animation=\"\" data-atc-fade-out-in=\"\" data-atc-animation-time=\"\" href=\"https:\/\/kukkakauppapuntti.fi\/en\/product\/small-card\/\/?add-to-cart=3481\"><span>Add to cart<\/span><\/a><\/div><\/div><\/div><\/div><\/article><article class=\"wpr-grid-item elementor-clearfix post-1571 product type-product status-publish has-post-thumbnail product_cat-cards desktop-align-left tablet-align-left mobile-align-left  instock taxable shipping-taxable purchasable product-type-simple\"><div class=\"wpr-grid-item-inner\"><div class=\"wpr-grid-media-wrap wpr-effect-size-medium \" data-overlay-link=\"yes\"><div class=\"wpr-grid-image-wrap\" data-src=\"https:\/\/kukkakauppapuntti.fi\/wp-content\/uploads\/elementor\/thumbs\/thumbnail-1-6-rezbey0jml6oo7dpw9zvo7bb1ouo3yein5i83312u8.jpg\"  data-img-on-hover=\"\" data-src-secondary=\"\"><img decoding=\"async\" src=\"https:\/\/kukkakauppapuntti.fi\/wp-content\/uploads\/elementor\/thumbs\/thumbnail-1-6-rezbey0jml6oo7dpw9zvo7bb1ouo3yein5i83312u8.jpg\" alt=\"Kreetta J\u00e4rvenp\u00e4\u00e4 card\" class=\"wpr-anim-timing-ease-default\"><\/div><div class=\"wpr-grid-media-hover wpr-animation-wrap\"><div class=\"wpr-grid-media-hover-bg  wpr-overlay-fade-in wpr-anim-size-large wpr-anim-timing-ease-default wpr-anim-transparency\" data-url=\"https:\/\/kukkakauppapuntti.fi\/en\/product\/kreetta-jarvenpaa-card\/\"><\/div><div class=\"wpr-cv-container\"><div class=\"wpr-cv-outer\"><div class=\"wpr-cv-inner\"><div class=\"wpr-grid-media-hover-middle elementor-clearfix\"><div class=\"wpr-grid-item-status elementor-repeater-item-635a688 wpr-grid-item-display-block wpr-grid-item-align-middle wpr-element-fade-in wpr-anim-size-large wpr-anim-timing-ease-default wpr-anim-transparency\"><div class=\"inner-block\"><\/div><\/div><\/div><\/div><\/div><\/div><\/div><\/div><div class=\"wpr-grid-item-below-content elementor-clearfix\"><h2 class=\"wpr-grid-item-title elementor-repeater-item-e911fa4 wpr-grid-item-display-block wpr-grid-item-align-left wpr-pointer-none wpr-pointer-line-fx wpr-pointer-fx-fade\"><div class=\"inner-block\"><a target=\"_self\"   href=\"https:\/\/kukkakauppapuntti.fi\/en\/product\/kreetta-jarvenpaa-card\/\">Kreetta J\u00e4rvenp\u00e4\u00e4 card<\/a><\/div><\/h2><div class=\"wpr-grid-item-price elementor-repeater-item-834c431 wpr-grid-item-display-block wpr-grid-item-align-left\"><div class=\"inner-block\"><span><span class=\"woocommerce-Price-amount amount\">5,00&nbsp;<span class=\"woocommerce-Price-currencySymbol\">&euro;<\/span><\/span><\/span><\/div><\/div><div class=\"wpr-grid-item-add-to-cart elementor-repeater-item-7ced683 wpr-grid-item-display-block wpr-grid-item-align-left\"><div class=\"inner-block\"><a rel=\"nofollow\" class=\"product_type_simple add_to_cart_button ajax_add_to_cart wpr-button-effect wpr-button-none \" aria-label=\"Add to cart: &ldquo;Kreetta J\u00e4rvenp\u00e4\u00e4 card&rdquo;\" data-product_id=\"1571\" data-product_sku=\"1095972\" data-atc-popup=\"\" data-atc-animation=\"\" data-atc-fade-out-in=\"\" data-atc-animation-time=\"\" href=\"https:\/\/kukkakauppapuntti.fi\/en\/product\/kreetta-jarvenpaa-card\/\/?add-to-cart=1571\"><span>Add to cart<\/span><\/a><\/div><\/div><\/div><\/div><\/article><article class=\"wpr-grid-item elementor-clearfix post-1471 product type-product status-publish has-post-thumbnail product_cat-cards product_cat-valentines-day-2025 product_cat-womens-day-2025 desktop-align-left tablet-align-left mobile-align-left last instock taxable shipping-taxable purchasable product-type-simple\"><div class=\"wpr-grid-item-inner\"><div class=\"wpr-grid-media-wrap wpr-effect-size-medium \" data-overlay-link=\"yes\"><div class=\"wpr-grid-image-wrap\" data-src=\"https:\/\/kukkakauppapuntti.fi\/wp-content\/uploads\/elementor\/thumbs\/kortit-scaled-rezbey0jml6oo7dpw9zvo7bb1ouo3yein5i83312u8.jpg\"  data-img-on-hover=\"\" data-src-secondary=\"\"><img decoding=\"async\" src=\"https:\/\/kukkakauppapuntti.fi\/wp-content\/uploads\/elementor\/thumbs\/kortit-scaled-rezbey0jml6oo7dpw9zvo7bb1ouo3yein5i83312u8.jpg\" alt=\"Related large card with shell\" class=\"wpr-anim-timing-ease-default\"><\/div><div class=\"wpr-grid-media-hover wpr-animation-wrap\"><div class=\"wpr-grid-media-hover-bg  wpr-overlay-fade-in wpr-anim-size-large wpr-anim-timing-ease-default wpr-anim-transparency\" data-url=\"https:\/\/kukkakauppapuntti.fi\/en\/product\/related-large-card-with-shell\/\"><\/div><div class=\"wpr-cv-container\"><div class=\"wpr-cv-outer\"><div class=\"wpr-cv-inner\"><div class=\"wpr-grid-media-hover-middle elementor-clearfix\"><div class=\"wpr-grid-item-status elementor-repeater-item-635a688 wpr-grid-item-display-block wpr-grid-item-align-middle wpr-element-fade-in wpr-anim-size-large wpr-anim-timing-ease-default wpr-anim-transparency\"><div class=\"inner-block\"><\/div><\/div><\/div><\/div><\/div><\/div><\/div><\/div><div class=\"wpr-grid-item-below-content elementor-clearfix\"><h2 class=\"wpr-grid-item-title elementor-repeater-item-e911fa4 wpr-grid-item-display-block wpr-grid-item-align-left wpr-pointer-none wpr-pointer-line-fx wpr-pointer-fx-fade\"><div class=\"inner-block\"><a target=\"_self\"   href=\"https:\/\/kukkakauppapuntti.fi\/en\/product\/related-large-card-with-shell\/\">Related large card with shell<\/a><\/div><\/h2><div class=\"wpr-grid-item-price elementor-repeater-item-834c431 wpr-grid-item-display-block wpr-grid-item-align-left\"><div class=\"inner-block\"><span><span class=\"woocommerce-Price-amount amount\">5,00&nbsp;<span class=\"woocommerce-Price-currencySymbol\">&euro;<\/span><\/span><\/span><\/div><\/div><div class=\"wpr-grid-item-add-to-cart elementor-repeater-item-7ced683 wpr-grid-item-display-block wpr-grid-item-align-left\"><div class=\"inner-block\"><a rel=\"nofollow\" class=\"product_type_simple add_to_cart_button ajax_add_to_cart wpr-button-effect wpr-button-none \" aria-label=\"Add to cart: &ldquo;Related large card with shell&rdquo;\" data-product_id=\"1471\" data-product_sku=\"447122\" data-atc-popup=\"\" data-atc-animation=\"\" data-atc-fade-out-in=\"\" data-atc-animation-time=\"\" href=\"https:\/\/kukkakauppapuntti.fi\/en\/product\/related-large-card-with-shell\/\/?add-to-cart=1471\"><span>Add to cart<\/span><\/a><\/div><\/div><\/div><\/div><\/article><\/section>\t\t\t\t<\/div>\n\t\t\t\t<\/div>\n\t\t\t\t\t<\/div>\n\t\t\t\t<\/div>\n\t\t\t\t<\/div>\n\t\t","protected":false},"excerpt":{"rendered":"<p>Cards The flowers supplied include a small white blanco card with envelope free of charge. Please note that there is very little space for text on the card.If you would like more text and a card with a picture, please click here.Please enter the text you would like to use on the card in the recipient&#8217;s contact details. All Kortit Surukortti 2,00&nbsp;&euro; &#8211; 5,00&nbsp;&euro;Choose from the options Pieni kortti 2,50&nbsp;&euro;Add to cart Kreetta J\u00e4rvenp\u00e4\u00e4n kortti 5,00&nbsp;&euro;Add to cart Aiheeseen liittyv\u00e4 kuorellinen iso kortti 5,00&nbsp;&euro;Add to cart<\/p>\n","protected":false},"author":1,"featured_media":0,"parent":0,"menu_order":0,"comment_status":"closed","ping_status":"closed","template":"elementor_theme","meta":{"site-sidebar-layout":"no-sidebar","site-content-layout":"","ast-site-content-layout":"full-width-container","site-content-style":"default","site-sidebar-style":"default","ast-global-header-display":"","ast-banner-title-visibility":"","ast-main-header-display":"","ast-hfb-above-header-display":"","ast-hfb-below-header-display":"","ast-hfb-mobile-header-display":"","site-post-title":"disabled","ast-breadcrumbs-content":"","ast-featured-img":"disabled","footer-sml-layout":"","ast-disable-related-posts":"","theme-transparent-header-meta":"","adv-header-id-meta":"","stick-header-meta":"","header-above-stick-meta":"","header-main-stick-meta":"","header-below-stick-meta":"","astra-migrate-meta-layouts":"default","ast-page-background-enabled":"default","ast-page-background-meta":{"desktop":{"background-color":"var(--ast-global-color-4)","background-image":"","background-repeat":"repeat","background-position":"center center","background-size":"auto","background-attachment":"scroll","background-type":"","background-media":"","overlay-type":"","overlay-color":"","overlay-opacity":"","overlay-gradient":""},"tablet":{"background-color":"","background-image":"","background-repeat":"repeat","background-position":"center center","background-size":"auto","background-attachment":"scroll","background-type":"","background-media":"","overlay-type":"","overlay-color":"","overlay-opacity":"","overlay-gradient":""},"mobile":{"background-color":"","background-image":"","background-repeat":"repeat","background-position":"center center","background-size":"auto","background-attachment":"scroll","background-type":"","background-media":"","overlay-type":"","overlay-color":"","overlay-opacity":"","overlay-gradient":""}},"ast-content-background-meta":{"desktop":{"background-color":"var(--ast-global-color-5)","background-image":"","background-repeat":"repeat","background-position":"center center","background-size":"auto","background-attachment":"scroll","background-type":"","background-media":"","overlay-type":"","overlay-color":"","overlay-opacity":"","overlay-gradient":""},"tablet":{"background-color":"var(--ast-global-color-5)","background-image":"","background-repeat":"repeat","background-position":"center center","background-size":"auto","background-attachment":"scroll","background-type":"","background-media":"","overlay-type":"","overlay-color":"","overlay-opacity":"","overlay-gradient":""},"mobile":{"background-color":"var(--ast-global-color-5)","background-image":"","background-repeat":"repeat","background-position":"center center","background-size":"auto","background-attachment":"scroll","background-type":"","background-media":"","overlay-type":"","overlay-color":"","overlay-opacity":"","overlay-gradient":""}},"footnotes":""},"class_list":["post-1402","page","type-page","status-publish","hentry","desktop-align-left","tablet-align-left","mobile-align-left"],"_links":{"self":[{"href":"https:\/\/kukkakauppapuntti.fi\/en\/wp-json\/wp\/v2\/pages\/1402","targetHints":{"allow":["GET"]}}],"collection":[{"href":"https:\/\/kukkakauppapuntti.fi\/en\/wp-json\/wp\/v2\/pages"}],"about":[{"href":"https:\/\/kukkakauppapuntti.fi\/en\/wp-json\/wp\/v2\/types\/page"}],"author":[{"embeddable":true,"href":"https:\/\/kukkakauppapuntti.fi\/en\/wp-json\/wp\/v2\/users\/1"}],"replies":[{"embeddable":true,"href":"https:\/\/kukkakauppapuntti.fi\/en\/wp-json\/wp\/v2\/comments?post=1402"}],"version-history":[{"count":8,"href":"https:\/\/kukkakauppapuntti.fi\/en\/wp-json\/wp\/v2\/pages\/1402\/revisions"}],"predecessor-version":[{"id":5155,"href":"https:\/\/kukkakauppapuntti.fi\/en\/wp-json\/wp\/v2\/pages\/1402\/revisions\/5155"}],"wp:attachment":[{"href":"https:\/\/kukkakauppapuntti.fi\/en\/wp-json\/wp\/v2\/media?parent=1402"}],"curies":[{"name":"wp","href":"https:\/\/api.w.org\/{rel}","templated":true}]}}